{"id":1889,"date":"2018-01-16T11:28:34","date_gmt":"2018-01-16T13:28:34","guid":{"rendered":"https:\/\/arduxop.com.br\/loja\/produto\/modulo-cnc-shield-v3\/"},"modified":"2025-08-06T15:24:07","modified_gmt":"2025-08-06T19:24:07","slug":"modulo-cnc-shield-v3","status":"publish","type":"product","link":"https:\/\/arduxop.com.br\/loja\/produto\/modulo-cnc-shield-v3\/","title":{"rendered":"M\u00f3dulo Cnc Shield V3"},"content":{"rendered":"<p>CNC Shield V3 &#8211; 4 Eixos<\/p>\n<p>Monte agora mesmo a sua impressora 3D ou m\u00e1quina CNC baseada em Arduino com o CNC Shield Impressora 3D V3! Com ela, voc\u00ea tem em uma \u00fanica placa os componentes necess\u00e1rios para controlar os motores de passo e demais componentes do seu projeto.<br \/>\nEste shield tem entrada para alimenta\u00e7\u00e3o externa, pinos para controle de sensores e soquetes para 4 drivers A4988, ou seja, voc\u00ea pode controlar 4 motores de passo com esse shield.<\/p>\n<p>Obs: os drivers A4988 n\u00e3o acompanham o shield e devem ser adquiridos separadamente neste an\u00fancio.<\/p>\n<p>Principais Caracteristicas:<\/p>\n<p>&#8211; Shield Impressora 3D V3;<br \/>\n&#8211; Permite alimenta\u00e7\u00e3o externa de 12 \u00e0 36V;<br \/>\n&#8211; Soquete para at\u00e9 4 drivers A4988;<br \/>\n&#8211; Driver A4988 n\u00e3o incluso;<br \/>\n&#8211; Bot\u00e3o de reset;<\/p>\n<p>Acompanha:<\/p>\n<p>01 &#8211; CNC Shield V3 para Arduino;<\/p>\n","protected":false},"excerpt":{"rendered":"<p>CNC Shield V3 &#8211; 4 Eixos Monte agora mesmo a sua impressora 3D ou m\u00e1quina CNC baseada em Arduino com o CNC Shield Impressora 3D V3! Com ela, voc\u00ea tem em uma \u00fanica placa os componentes necess\u00e1rios para controlar os motores de passo e demais componentes do seu projeto. Este shield tem entrada para alimenta\u00e7\u00e3o [&hellip;]<\/p>\n","protected":false},"featured_media":1890,"template":"","meta":[],"product_brand":[],"product_cat":[198,191,51,179],"product_tag":[199],"class_list":{"0":"post-1889","1":"product","2":"type-product","3":"status-publish","4":"has-post-thumbnail","6":"product_cat-cnc","7":"product_cat-drivers","8":"product_cat-motores","9":"product_cat-shields","10":"product_tag-cnc","12":"entry","13":"has-media","15":"first","16":"instock","17":"purchasable","18":"product-type-simple","19":"has-product-nav","20":"col","21":"span_1_of_3","22":"owp-content-center","23":"owp-thumbs-layout-horizontal","24":"owp-btn-normal","25":"owp-tabs-layout-horizontal","26":"has-no-thumbnails"},"_links":{"self":[{"href":"https:\/\/arduxop.com.br\/loja\/wp-json\/wp\/v2\/product\/1889","targetHints":{"allow":["GET"]}}],"collection":[{"href":"https:\/\/arduxop.com.br\/loja\/wp-json\/wp\/v2\/product"}],"about":[{"href":"https:\/\/arduxop.com.br\/loja\/wp-json\/wp\/v2\/types\/product"}],"wp:featuredmedia":[{"embeddable":true,"href":"https:\/\/arduxop.com.br\/loja\/wp-json\/wp\/v2\/media\/1890"}],"wp:attachment":[{"href":"https:\/\/arduxop.com.br\/loja\/wp-json\/wp\/v2\/media?parent=1889"}],"wp:term":[{"taxonomy":"product_brand","embeddable":true,"href":"https:\/\/arduxop.com.br\/loja\/wp-json\/wp\/v2\/product_brand?post=1889"},{"taxonomy":"product_cat","embeddable":true,"href":"https:\/\/arduxop.com.br\/loja\/wp-json\/wp\/v2\/product_cat?post=1889"},{"taxonomy":"product_tag","embeddable":true,"href":"https:\/\/arduxop.com.br\/loja\/wp-json\/wp\/v2\/product_tag?post=1889"}],"curies":[{"name":"wp","href":"https:\/\/api.w.org\/{rel}","templated":true}]}}