{"id":18889,"date":"2025-10-07T16:18:51","date_gmt":"2025-10-07T20:18:51","guid":{"rendered":"https:\/\/arduxop.com.br\/loja\/?post_type=product&#038;p=18889"},"modified":"2025-10-07T16:18:51","modified_gmt":"2025-10-07T20:18:51","slug":"mini-campainha-de-alarme-eletronico-2315-mecanica-ativa-dc-3v-e-12v","status":"publish","type":"product","link":"https:\/\/arduxop.com.br\/loja\/produto\/mini-campainha-de-alarme-eletronico-2315-mecanica-ativa-dc-3v-e-12v\/","title":{"rendered":"Mini Campainha De Alarme Eletr\u00f4nico 2315 Mec\u00e2nica Ativa DC 3V e 12V"},"content":{"rendered":"<p class=\"QN2lPu\">Tens\u00e3o: 3V\/12V (opcional)<\/p>\n<p class=\"QN2lPu\">Corrente de opera\u00e7\u00e3o de corrente: 25mA<\/p>\n<p class=\"QN2lPu\">M\u00e9todo de acionamento: Soa quando ligado<\/p>\n<p class=\"QN2lPu\">Frequ\u00eancia de opera\u00e7\u00e3o de opera\u00e7\u00e3o: 400\u00b1100Hz<\/p>\n<p class=\"QN2lPu\">Sensibilidade: 85\u00b13dB<\/p>\n<p class=\"QN2lPu\">Tamanho do produto: 23*17*15mm<\/p>\n<p class=\"QN2lPu\">Temperatura de Opera\u00e7\u00e3o: &#8211; 20~60\u2103<\/p>\n<p class=\"QN2lPu\">\n","protected":false},"excerpt":{"rendered":"<p>Tens\u00e3o: 3V\/12V (opcional) Corrente de opera\u00e7\u00e3o de corrente: 25mA M\u00e9todo de acionamento: Soa quando ligado Frequ\u00eancia de opera\u00e7\u00e3o de opera\u00e7\u00e3o: 400\u00b1100Hz Sensibilidade: 85\u00b13dB Tamanho do produto: 23*17*15mm Temperatura de Opera\u00e7\u00e3o: &#8211; 20~60\u2103<\/p>\n","protected":false},"featured_media":18890,"template":"","meta":[],"product_brand":[],"product_cat":[190,411],"product_tag":[],"class_list":{"0":"post-18889","1":"product","2":"type-product","3":"status-publish","4":"has-post-thumbnail","6":"product_cat-buzzer","7":"product_cat-sem-categoria","9":"entry","10":"has-media","12":"first","13":"instock","14":"shipping-taxable","15":"purchasable","16":"product-type-simple","17":"has-product-nav","18":"col","19":"span_1_of_3","20":"owp-content-center","21":"owp-thumbs-layout-horizontal","22":"owp-btn-normal","23":"owp-tabs-layout-horizontal"},"_links":{"self":[{"href":"https:\/\/arduxop.com.br\/loja\/wp-json\/wp\/v2\/product\/18889","targetHints":{"allow":["GET"]}}],"collection":[{"href":"https:\/\/arduxop.com.br\/loja\/wp-json\/wp\/v2\/product"}],"about":[{"href":"https:\/\/arduxop.com.br\/loja\/wp-json\/wp\/v2\/types\/product"}],"wp:featuredmedia":[{"embeddable":true,"href":"https:\/\/arduxop.com.br\/loja\/wp-json\/wp\/v2\/media\/18890"}],"wp:attachment":[{"href":"https:\/\/arduxop.com.br\/loja\/wp-json\/wp\/v2\/media?parent=18889"}],"wp:term":[{"taxonomy":"product_brand","embeddable":true,"href":"https:\/\/arduxop.com.br\/loja\/wp-json\/wp\/v2\/product_brand?post=18889"},{"taxonomy":"product_cat","embeddable":true,"href":"https:\/\/arduxop.com.br\/loja\/wp-json\/wp\/v2\/product_cat?post=18889"},{"taxonomy":"product_tag","embeddable":true,"href":"https:\/\/arduxop.com.br\/loja\/wp-json\/wp\/v2\/product_tag?post=18889"}],"curies":[{"name":"wp","href":"https:\/\/api.w.org\/{rel}","templated":true}]}}