{"id":18885,"date":"2025-10-07T14:24:04","date_gmt":"2025-10-07T18:24:04","guid":{"rendered":"https:\/\/arduxop.com.br\/loja\/?post_type=product&#038;p=18885"},"modified":"2025-10-07T14:24:04","modified_gmt":"2025-10-07T18:24:04","slug":"buzzer-de-som-continuo-dc-12v-qsi-2910","status":"publish","type":"product","link":"https:\/\/arduxop.com.br\/loja\/produto\/buzzer-de-som-continuo-dc-12v-qsi-2910\/","title":{"rendered":"Buzzer de som cont\u00ednuo DC 12V QSI- 2910"},"content":{"rendered":"<p>O buzzer ativo piezoel\u00e9trico de alta pot\u00eancia \u00e9 ideal para projetos de campainhas e melodias. Utilize esse atuador para obter feedbacks sonoros nos seus projetos. Ideias para projetos que envolvem cria\u00e7\u00e3o de m\u00fasicas por microcontroladores.<\/p>\n<p>Material: Pl\u00e1stico<br \/>\nTamanho detalhado do produto: 29x25mm<br \/>\nFaixa de tens\u00e3o: 3 ~ 24 VDC<br \/>\nConsumo atual (m\u00e1ximo): max.20mA<br \/>\nPress\u00e3o sonora de sa\u00edda (m\u00ednima): min.90dB<br \/>\nTemperatura de opera\u00e7\u00e3o: -20 \u00b0 C a + 60 \u00b0 C<br \/>\nTemperatura de armazenamento: -30 \u00b0 C a +70 \u00b0 C<br \/>\nCondi\u00e7\u00e3o de teste: 12VDC \/ 10cm<\/p>\n","protected":false},"excerpt":{"rendered":"<p>O buzzer ativo piezoel\u00e9trico de alta pot\u00eancia \u00e9 ideal para projetos de campainhas e melodias. Utilize esse atuador para obter feedbacks sonoros nos seus projetos. Ideias para projetos que envolvem cria\u00e7\u00e3o de m\u00fasicas por microcontroladores. Material: Pl\u00e1stico Tamanho detalhado do produto: 29x25mm Faixa de tens\u00e3o: 3 ~ 24 VDC Consumo atual (m\u00e1ximo): max.20mA Press\u00e3o sonora [&hellip;]<\/p>\n","protected":false},"featured_media":18886,"template":"","meta":[],"product_brand":[],"product_cat":[190,411],"product_tag":[],"class_list":{"0":"post-18885","1":"product","2":"type-product","3":"status-publish","4":"has-post-thumbnail","6":"product_cat-buzzer","7":"product_cat-sem-categoria","9":"entry","10":"has-media","12":"first","13":"instock","14":"shipping-taxable","15":"purchasable","16":"product-type-simple","17":"has-product-nav","18":"col","19":"span_1_of_3","20":"owp-content-center","21":"owp-thumbs-layout-horizontal","22":"owp-btn-normal","23":"owp-tabs-layout-horizontal"},"_links":{"self":[{"href":"https:\/\/arduxop.com.br\/loja\/wp-json\/wp\/v2\/product\/18885","targetHints":{"allow":["GET"]}}],"collection":[{"href":"https:\/\/arduxop.com.br\/loja\/wp-json\/wp\/v2\/product"}],"about":[{"href":"https:\/\/arduxop.com.br\/loja\/wp-json\/wp\/v2\/types\/product"}],"wp:featuredmedia":[{"embeddable":true,"href":"https:\/\/arduxop.com.br\/loja\/wp-json\/wp\/v2\/media\/18886"}],"wp:attachment":[{"href":"https:\/\/arduxop.com.br\/loja\/wp-json\/wp\/v2\/media?parent=18885"}],"wp:term":[{"taxonomy":"product_brand","embeddable":true,"href":"https:\/\/arduxop.com.br\/loja\/wp-json\/wp\/v2\/product_brand?post=18885"},{"taxonomy":"product_cat","embeddable":true,"href":"https:\/\/arduxop.com.br\/loja\/wp-json\/wp\/v2\/product_cat?post=18885"},{"taxonomy":"product_tag","embeddable":true,"href":"https:\/\/arduxop.com.br\/loja\/wp-json\/wp\/v2\/product_tag?post=18885"}],"curies":[{"name":"wp","href":"https:\/\/api.w.org\/{rel}","templated":true}]}}