{"id":18878,"date":"2025-09-12T15:09:22","date_gmt":"2025-09-12T19:09:22","guid":{"rendered":"https:\/\/arduxop.com.br\/loja\/?post_type=product&#038;p=18878"},"modified":"2025-09-12T15:10:55","modified_gmt":"2025-09-12T19:10:55","slug":"esp-32-c3-h2-super-mini-tipo-c","status":"publish","type":"product","link":"https:\/\/arduxop.com.br\/loja\/produto\/esp-32-c3-h2-super-mini-tipo-c\/","title":{"rendered":"ESP-32 C3 H2 Super Mini Wifi Bluetooth tipo C"},"content":{"rendered":"<p><span id=\"tl_1\" data-spm-anchor-id=\"a2g0o.detail.1000023.i0.288aNZuLNZuL1I\">Se for necess\u00e1ria fonte de alimenta\u00e7\u00e3o externa, basta conectar o n\u00edvel + da fonte de alimenta\u00e7\u00e3o externa \u00e0 posi\u00e7\u00e3o de 5V, GND se conecta ao terminal negativo.(Suporte para fonte de alimenta\u00e7\u00e3o de 3,3 ~ 6V).Lembre-se que ao conectar a fonte de alimenta\u00e7\u00e3o externa, voc\u00ea n\u00e3o pode acessar USB, USB e fonte de alimenta\u00e7\u00e3o externa s\u00f3 pode escolher uma.<\/span><\/p>\n<div><\/div>\n<p><span id=\"tl_2\" data-spm-anchor-id=\"a2g0o.detail.1000023.i1.288aNZuLNZuL1I\">Entre no modo de download: Mantenha pressionado o bot\u00e3o BOOT do ESP32C3, pressione o bot\u00e3o RESET, solte o bot\u00e3o RESET e, em seguida, solte o bot\u00e3o BOOT. Ent\u00e3o o ESP32C3 entrar\u00e1 no modo de download. (Cada conex\u00e3o precisa entrar novamente no modo de download, \u00e0s vezes pressione uma vez, a instabilidade da porta ser\u00e1 desconectada, voc\u00ea pode julgar pelo som de identifica\u00e7\u00e3o da porta)<\/span><\/p>\n","protected":false},"excerpt":{"rendered":"<p>Se for necess\u00e1ria fonte de alimenta\u00e7\u00e3o externa, basta conectar o n\u00edvel + da fonte de alimenta\u00e7\u00e3o externa \u00e0 posi\u00e7\u00e3o de 5V, GND se conecta ao terminal negativo.(Suporte para fonte de alimenta\u00e7\u00e3o de 3,3 ~ 6V).Lembre-se que ao conectar a fonte de alimenta\u00e7\u00e3o externa, voc\u00ea n\u00e3o pode acessar USB, USB e fonte de alimenta\u00e7\u00e3o externa s\u00f3 [&hellip;]<\/p>\n","protected":false},"featured_media":18879,"template":"","meta":[],"product_brand":[],"product_cat":[411,50],"product_tag":[],"class_list":{"0":"post-18878","1":"product","2":"type-product","3":"status-publish","4":"has-post-thumbnail","6":"product_cat-sem-categoria","7":"product_cat-modulos","9":"entry","10":"has-media","12":"first","13":"instock","14":"shipping-taxable","15":"purchasable","16":"product-type-simple","17":"has-product-nav","18":"col","19":"span_1_of_3","20":"owp-content-center","21":"owp-thumbs-layout-horizontal","22":"owp-btn-normal","23":"owp-tabs-layout-horizontal"},"_links":{"self":[{"href":"https:\/\/arduxop.com.br\/loja\/wp-json\/wp\/v2\/product\/18878","targetHints":{"allow":["GET"]}}],"collection":[{"href":"https:\/\/arduxop.com.br\/loja\/wp-json\/wp\/v2\/product"}],"about":[{"href":"https:\/\/arduxop.com.br\/loja\/wp-json\/wp\/v2\/types\/product"}],"wp:featuredmedia":[{"embeddable":true,"href":"https:\/\/arduxop.com.br\/loja\/wp-json\/wp\/v2\/media\/18879"}],"wp:attachment":[{"href":"https:\/\/arduxop.com.br\/loja\/wp-json\/wp\/v2\/media?parent=18878"}],"wp:term":[{"taxonomy":"product_brand","embeddable":true,"href":"https:\/\/arduxop.com.br\/loja\/wp-json\/wp\/v2\/product_brand?post=18878"},{"taxonomy":"product_cat","embeddable":true,"href":"https:\/\/arduxop.com.br\/loja\/wp-json\/wp\/v2\/product_cat?post=18878"},{"taxonomy":"product_tag","embeddable":true,"href":"https:\/\/arduxop.com.br\/loja\/wp-json\/wp\/v2\/product_tag?post=18878"}],"curies":[{"name":"wp","href":"https:\/\/api.w.org\/{rel}","templated":true}]}}