{"id":18875,"date":"2025-09-12T14:28:06","date_gmt":"2025-09-12T18:28:06","guid":{"rendered":"https:\/\/arduxop.com.br\/loja\/?post_type=product&#038;p=18875"},"modified":"2025-09-12T15:11:21","modified_gmt":"2025-09-12T19:11:21","slug":"esp-32-c3-plus-super-mini","status":"publish","type":"product","link":"https:\/\/arduxop.com.br\/loja\/produto\/esp-32-c3-plus-super-mini\/","title":{"rendered":"ESP-32 C3 Plus Super Mini Wifi Bluetooth tipo C"},"content":{"rendered":"<p><span dir=\"auto\">A\u00a0<\/span><strong><span dir=\"auto\">ESP32-C3 SuperMini Plus<\/span><\/strong><span dir=\"auto\">\u00a0\u00e9 uma miniplaca de desenvolvimento IoT aprimorada, baseada no\u00a0chip dual-mode WiFi\/Bluetooth\u00a0<\/span><strong><span dir=\"auto\">Espressif ESP32-C3 . Ela compartilha a mesma arquitetura de n\u00facleo da\u00a0<\/span><\/strong><a href=\"https:\/\/www.espboards.dev\/esp32\/esp32-c3-super-mini\/\"><span dir=\"auto\">SuperMini padr\u00e3o<\/span><\/a><span dir=\"auto\">\u00a0, com uma CPU RISC-V de 32 bits, 400 KB de SRAM e 4 MB de mem\u00f3ria flash. A placa suporta os protocolos IEEE 802.11b\/g\/n WiFi e Bluetooth 5 (LE), garantindo conectividade robusta.<\/span><\/p>\n<p><span dir=\"auto\">Uma diferen\u00e7a fundamental entre os dois modelos \u00e9 o design da antena. O\u00a0<\/span><a href=\"https:\/\/www.espboards.dev\/esp32\/esp32-c3-super-mini\/\"><span dir=\"auto\">SuperMini<\/span><\/a><span dir=\"auto\">\u00a0possui uma pequena antena PCB integrada, enquanto o SuperMini Plus vem com uma antena externa que se conecta \u00e0 placa por meio de um conector U.FL, oferecendo melhor alcance e intensidade de sinal para aplica\u00e7\u00f5es sem fio.<\/span><\/p>\n<p><span dir=\"auto\">O SuperMini Plus tamb\u00e9m vem em uma variante distinta de PCB vermelho e possui um LED RGB integrado, permitindo um controle de LED mais flex\u00edvel em compara\u00e7\u00e3o com o LED azul \u00fanico do\u00a0<\/span><a href=\"https:\/\/www.espboards.dev\/esp32\/esp32-c3-super-mini\/\"><span dir=\"auto\">SuperMini original<\/span><\/a><span dir=\"auto\">\u00a0. Este LED RGB permite que os usu\u00e1rios programem cores diferentes para indica\u00e7\u00f5es de status, tornando-o mais vers\u00e1til para projetos de IoT e embarcados.<\/span><\/p>\n","protected":false},"excerpt":{"rendered":"<p>A\u00a0ESP32-C3 SuperMini Plus\u00a0\u00e9 uma miniplaca de desenvolvimento IoT aprimorada, baseada no\u00a0chip dual-mode WiFi\/Bluetooth\u00a0Espressif ESP32-C3 . Ela compartilha a mesma arquitetura de n\u00facleo da\u00a0SuperMini padr\u00e3o\u00a0, com uma CPU RISC-V de 32 bits, 400 KB de SRAM e 4 MB de mem\u00f3ria flash. A placa suporta os protocolos IEEE 802.11b\/g\/n WiFi e Bluetooth 5 (LE), garantindo conectividade [&hellip;]<\/p>\n","protected":false},"featured_media":18876,"template":"","meta":[],"product_brand":[],"product_cat":[411,50],"product_tag":[],"class_list":{"0":"post-18875","1":"product","2":"type-product","3":"status-publish","4":"has-post-thumbnail","6":"product_cat-sem-categoria","7":"product_cat-modulos","9":"entry","10":"has-media","12":"first","13":"instock","14":"shipping-taxable","15":"purchasable","16":"product-type-simple","17":"has-product-nav","18":"col","19":"span_1_of_3","20":"owp-content-center","21":"owp-thumbs-layout-horizontal","22":"owp-btn-normal","23":"owp-tabs-layout-horizontal"},"_links":{"self":[{"href":"https:\/\/arduxop.com.br\/loja\/wp-json\/wp\/v2\/product\/18875","targetHints":{"allow":["GET"]}}],"collection":[{"href":"https:\/\/arduxop.com.br\/loja\/wp-json\/wp\/v2\/product"}],"about":[{"href":"https:\/\/arduxop.com.br\/loja\/wp-json\/wp\/v2\/types\/product"}],"wp:featuredmedia":[{"embeddable":true,"href":"https:\/\/arduxop.com.br\/loja\/wp-json\/wp\/v2\/media\/18876"}],"wp:attachment":[{"href":"https:\/\/arduxop.com.br\/loja\/wp-json\/wp\/v2\/media?parent=18875"}],"wp:term":[{"taxonomy":"product_brand","embeddable":true,"href":"https:\/\/arduxop.com.br\/loja\/wp-json\/wp\/v2\/product_brand?post=18875"},{"taxonomy":"product_cat","embeddable":true,"href":"https:\/\/arduxop.com.br\/loja\/wp-json\/wp\/v2\/product_cat?post=18875"},{"taxonomy":"product_tag","embeddable":true,"href":"https:\/\/arduxop.com.br\/loja\/wp-json\/wp\/v2\/product_tag?post=18875"}],"curies":[{"name":"wp","href":"https:\/\/api.w.org\/{rel}","templated":true}]}}