{"id":18871,"date":"2025-09-12T14:04:03","date_gmt":"2025-09-12T18:04:03","guid":{"rendered":"https:\/\/arduxop.com.br\/loja\/?post_type=product&#038;p=18871"},"modified":"2025-09-12T14:04:03","modified_gmt":"2025-09-12T18:04:03","slug":"buzzer-de-som-continuo-decibel-alto-dc-3-24v","status":"publish","type":"product","link":"https:\/\/arduxop.com.br\/loja\/produto\/buzzer-de-som-continuo-decibel-alto-dc-3-24v\/","title":{"rendered":"Buzzer de Som cont\u00ednuo decibel alto DC 3-24V"},"content":{"rendered":"<h4 id=\"tl_1\" data-spm-anchor-id=\"a2g0o.detail.1000023.i1.1f635Kva5Kva6g\"><strong data-spm-anchor-id=\"a2g0o.detail.1000023.i0.1f635Kva5Kva6g\">Alto decibel SFM-20B tipo DC3-24V campainha sonora cont\u00ednua 2312 campainha piezoel\u00e9trica ativa<\/p>\n<p>Par\u00e2metro:<\/strong><br \/>\nTens\u00e3o nominal: 12V<br \/>\nTens\u00e3o gama: 3-24V<br \/>\nConsumo atual: 12mA<br \/>\nPress\u00e3o sonora: 87dB<br \/>\nFrequ\u00eancia ressonante: 3300 \u00b1 500Hz<br \/>\nTrabalhando temperatura; -20 ~ + 60 \u2103<br \/>\nTemperatura do armazenamento; -30 ~ + 70 \u2103<br \/>\nReta: 23MM<br \/>\nAltura: 11mm<br \/>\nDist\u00e2ncia do furo: 30MM<\/h4>\n","protected":false},"excerpt":{"rendered":"<p>Alto decibel SFM-20B tipo DC3-24V campainha sonora cont\u00ednua 2312 campainha piezoel\u00e9trica ativa Par\u00e2metro: Tens\u00e3o nominal: 12V Tens\u00e3o gama: 3-24V Consumo atual: 12mA Press\u00e3o sonora: 87dB Frequ\u00eancia ressonante: 3300 \u00b1 500Hz Trabalhando temperatura; -20 ~ + 60 \u2103 Temperatura do armazenamento; -30 ~ + 70 \u2103 Reta: 23MM Altura: 11mm Dist\u00e2ncia do furo: 30MM<\/p>\n","protected":false},"featured_media":18872,"template":"","meta":[],"product_brand":[],"product_cat":[190,411],"product_tag":[],"class_list":{"0":"post-18871","1":"product","2":"type-product","3":"status-publish","4":"has-post-thumbnail","6":"product_cat-buzzer","7":"product_cat-sem-categoria","9":"entry","10":"has-media","12":"first","13":"instock","14":"shipping-taxable","15":"purchasable","16":"product-type-simple","17":"has-product-nav","18":"col","19":"span_1_of_3","20":"owp-content-center","21":"owp-thumbs-layout-horizontal","22":"owp-btn-normal","23":"owp-tabs-layout-horizontal"},"_links":{"self":[{"href":"https:\/\/arduxop.com.br\/loja\/wp-json\/wp\/v2\/product\/18871","targetHints":{"allow":["GET"]}}],"collection":[{"href":"https:\/\/arduxop.com.br\/loja\/wp-json\/wp\/v2\/product"}],"about":[{"href":"https:\/\/arduxop.com.br\/loja\/wp-json\/wp\/v2\/types\/product"}],"wp:featuredmedia":[{"embeddable":true,"href":"https:\/\/arduxop.com.br\/loja\/wp-json\/wp\/v2\/media\/18872"}],"wp:attachment":[{"href":"https:\/\/arduxop.com.br\/loja\/wp-json\/wp\/v2\/media?parent=18871"}],"wp:term":[{"taxonomy":"product_brand","embeddable":true,"href":"https:\/\/arduxop.com.br\/loja\/wp-json\/wp\/v2\/product_brand?post=18871"},{"taxonomy":"product_cat","embeddable":true,"href":"https:\/\/arduxop.com.br\/loja\/wp-json\/wp\/v2\/product_cat?post=18871"},{"taxonomy":"product_tag","embeddable":true,"href":"https:\/\/arduxop.com.br\/loja\/wp-json\/wp\/v2\/product_tag?post=18871"}],"curies":[{"name":"wp","href":"https:\/\/api.w.org\/{rel}","templated":true}]}}