{"id":18867,"date":"2025-09-04T14:10:44","date_gmt":"2025-09-04T18:10:44","guid":{"rendered":"https:\/\/arduxop.com.br\/loja\/?post_type=product&#038;p=18867"},"modified":"2025-09-04T14:10:44","modified_gmt":"2025-09-04T18:10:44","slug":"bateria-cr2032-3v-lithium-com-2-terminal","status":"publish","type":"product","link":"https:\/\/arduxop.com.br\/loja\/produto\/bateria-cr2032-3v-lithium-com-2-terminal\/","title":{"rendered":"BATERIA CR2032 3V LITHIUM COM 2 TERMINAL"},"content":{"rendered":"<p>Especifica\u00e7\u00f5es: Lithium CR2032<\/p>\n<p>Tens\u00e3o padr\u00e3o: 3v<br \/>\nCapacidade: 230MAH<br \/>\nMaterial: pl\u00e1stico, metal;<br \/>\nComprimento: do fio para os modelos com rabicho 90mm\/3.54 polegadas (aprox.)<br \/>\nDi\u00e2metro: 20mm\/0.79 polegadas (aprox.)<br \/>\nEspessura: 3mm\/0.12 polegadas (aprox.)<br \/>\nVoltagem: 3v<br \/>\nConex\u00e3o: Soldagem 180\u00b0 Graus<\/p>\n","protected":false},"excerpt":{"rendered":"<p>Especifica\u00e7\u00f5es: Lithium CR2032 Tens\u00e3o padr\u00e3o: 3v Capacidade: 230MAH Material: pl\u00e1stico, metal; Comprimento: do fio para os modelos com rabicho 90mm\/3.54 polegadas (aprox.) Di\u00e2metro: 20mm\/0.79 polegadas (aprox.) Espessura: 3mm\/0.12 polegadas (aprox.) Voltagem: 3v Conex\u00e3o: Soldagem 180\u00b0 Graus<\/p>\n","protected":false},"featured_media":18868,"template":"","meta":[],"product_brand":[],"product_cat":[411,187],"product_tag":[],"class_list":{"0":"post-18867","1":"product","2":"type-product","3":"status-publish","4":"has-post-thumbnail","6":"product_cat-sem-categoria","7":"product_cat-pilhas-e-baterias","9":"entry","10":"has-media","12":"first","13":"instock","14":"shipping-taxable","15":"purchasable","16":"product-type-simple","17":"has-product-nav","18":"col","19":"span_1_of_3","20":"owp-content-center","21":"owp-thumbs-layout-horizontal","22":"owp-btn-normal","23":"owp-tabs-layout-horizontal","24":"has-no-thumbnails"},"_links":{"self":[{"href":"https:\/\/arduxop.com.br\/loja\/wp-json\/wp\/v2\/product\/18867","targetHints":{"allow":["GET"]}}],"collection":[{"href":"https:\/\/arduxop.com.br\/loja\/wp-json\/wp\/v2\/product"}],"about":[{"href":"https:\/\/arduxop.com.br\/loja\/wp-json\/wp\/v2\/types\/product"}],"wp:featuredmedia":[{"embeddable":true,"href":"https:\/\/arduxop.com.br\/loja\/wp-json\/wp\/v2\/media\/18868"}],"wp:attachment":[{"href":"https:\/\/arduxop.com.br\/loja\/wp-json\/wp\/v2\/media?parent=18867"}],"wp:term":[{"taxonomy":"product_brand","embeddable":true,"href":"https:\/\/arduxop.com.br\/loja\/wp-json\/wp\/v2\/product_brand?post=18867"},{"taxonomy":"product_cat","embeddable":true,"href":"https:\/\/arduxop.com.br\/loja\/wp-json\/wp\/v2\/product_cat?post=18867"},{"taxonomy":"product_tag","embeddable":true,"href":"https:\/\/arduxop.com.br\/loja\/wp-json\/wp\/v2\/product_tag?post=18867"}],"curies":[{"name":"wp","href":"https:\/\/api.w.org\/{rel}","templated":true}]}}