{"id":18862,"date":"2025-08-28T11:18:36","date_gmt":"2025-08-28T15:18:36","guid":{"rendered":"https:\/\/arduxop.com.br\/loja\/?post_type=product&#038;p=18862"},"modified":"2025-08-28T11:18:36","modified_gmt":"2025-08-28T15:18:36","slug":"mini-motor-de-vibracao-030-5000rpm-dc","status":"publish","type":"product","link":"https:\/\/arduxop.com.br\/loja\/produto\/mini-motor-de-vibracao-030-5000rpm-dc\/","title":{"rendered":"Mini motor de vibra\u00e7\u00e3o 030 5000rpm DC"},"content":{"rendered":"<p>Especifica\u00e7\u00e3o:<\/p>\n<p>Modelo: FF-030SB-12130 Motor De Vibra\u00e7\u00e3o<br \/>\nPeso: 15g<br \/>\nTens\u00e3o adequada: DC 3.0V-3.7V<br \/>\nTens\u00e3o Velocidade atual<br \/>\nDC3.0 V 435mA 4200RPM<br \/>\nDC3.7 V 585mA 5000RPM<\/p>\n","protected":false},"excerpt":{"rendered":"<p>Especifica\u00e7\u00e3o: Modelo: FF-030SB-12130 Motor De Vibra\u00e7\u00e3o Peso: 15g Tens\u00e3o adequada: DC 3.0V-3.7V Tens\u00e3o Velocidade atual DC3.0 V 435mA 4200RPM DC3.7 V 585mA 5000RPM<\/p>\n","protected":false},"featured_media":18863,"template":"","meta":[],"product_brand":[],"product_cat":[411,51],"product_tag":[],"class_list":{"0":"post-18862","1":"product","2":"type-product","3":"status-publish","4":"has-post-thumbnail","6":"product_cat-sem-categoria","7":"product_cat-motores","9":"entry","10":"has-media","12":"first","13":"instock","14":"shipping-taxable","15":"purchasable","16":"product-type-simple","17":"has-product-nav","18":"col","19":"span_1_of_3","20":"owp-content-center","21":"owp-thumbs-layout-horizontal","22":"owp-btn-normal","23":"owp-tabs-layout-horizontal"},"_links":{"self":[{"href":"https:\/\/arduxop.com.br\/loja\/wp-json\/wp\/v2\/product\/18862","targetHints":{"allow":["GET"]}}],"collection":[{"href":"https:\/\/arduxop.com.br\/loja\/wp-json\/wp\/v2\/product"}],"about":[{"href":"https:\/\/arduxop.com.br\/loja\/wp-json\/wp\/v2\/types\/product"}],"wp:featuredmedia":[{"embeddable":true,"href":"https:\/\/arduxop.com.br\/loja\/wp-json\/wp\/v2\/media\/18863"}],"wp:attachment":[{"href":"https:\/\/arduxop.com.br\/loja\/wp-json\/wp\/v2\/media?parent=18862"}],"wp:term":[{"taxonomy":"product_brand","embeddable":true,"href":"https:\/\/arduxop.com.br\/loja\/wp-json\/wp\/v2\/product_brand?post=18862"},{"taxonomy":"product_cat","embeddable":true,"href":"https:\/\/arduxop.com.br\/loja\/wp-json\/wp\/v2\/product_cat?post=18862"},{"taxonomy":"product_tag","embeddable":true,"href":"https:\/\/arduxop.com.br\/loja\/wp-json\/wp\/v2\/product_tag?post=18862"}],"curies":[{"name":"wp","href":"https:\/\/api.w.org\/{rel}","templated":true}]}}