{"id":18856,"date":"2025-08-28T10:36:51","date_gmt":"2025-08-28T14:36:51","guid":{"rendered":"https:\/\/arduxop.com.br\/loja\/?post_type=product&#038;p=18856"},"modified":"2025-08-28T10:41:42","modified_gmt":"2025-08-28T14:41:42","slug":"regulador-de-tensao-dc-xl4016e1-pwm-step-down","status":"publish","type":"product","link":"https:\/\/arduxop.com.br\/loja\/produto\/regulador-de-tensao-dc-xl4016e1-pwm-step-down\/","title":{"rendered":"Regulador de Tens\u00e3o DC XL4016E1 PWM Step Down"},"content":{"rendered":"<p class=\"product-title-text\" align=\"center\"><strong><span id=\"tl_1\" data-spm-anchor-id=\"a2g0o.detail.1000023.i0.3051MWp8MWp8wZ\">XH-M401 DC-DC Step Down Buck Converter M\u00f3dulo de fonte de alimenta\u00e7\u00e3o XL4016E1 PWM ajust\u00e1vel 4-40V para 1,25-36V Placa Step Down 8A 200W<\/span><\/strong><\/p>\n<p><u><strong id=\"tl_2\">Descri\u00e7\u00e3o:<\/strong><\/u><br \/>\n<span id=\"tl_3\">Quando atingir a corrente de sa\u00edda m\u00e1xima de 8A, \u00e9 necess\u00e1rio adicionar ventilador.Trabalho de longo prazo recomendado cerca de 5A.<\/span><br \/>\n<span id=\"tl_4\">Todos os produtos s\u00e3o testados quanto \u00e0 estabilidade, consist\u00eancia e confiabilidade.Garantir a excel\u00eancia do produto.<\/span><br \/>\n<span id=\"tl_5\">Este produto \u00e9 amplamente utilizado no desenvolvimento de produtos, experimentos estudantis, manuten\u00e7\u00e3o, produ\u00e7\u00e3o, etc.<\/span><br \/>\n<span id=\"tl_6\">Com prote\u00e7\u00e3o contra sobrecorrente, prote\u00e7\u00e3o contra superaquecimento, prote\u00e7\u00e3o contra curto-circuito.<\/span><br \/>\n<span id=\"tl_7\">A tens\u00e3o de sa\u00edda 1,25 ~ 36V continuamente ajust\u00e1vel.<\/span><\/p>\n<p data-spm-anchor-id=\"a2g0o.detail.1000023.i1.3051MWp8MWp8wZ\"><u><strong id=\"tl_8\">Especifica\u00e7\u00e3o:<\/strong><\/u><br \/>\n<span id=\"tl_9\">Dimens\u00f5es: aprox.61*41*27mm.<\/span><br \/>\n<span id=\"tl_10\" data-spm-anchor-id=\"a2g0o.detail.1000023.i2.3051MWp8MWp8wZ\">Modo de regula\u00e7\u00e3o de tens\u00e3o: modula\u00e7\u00e3o PWM.<\/span><br \/>\n<span id=\"tl_11\">Tens\u00e3o de entrada: DC4-40V.<\/span><br \/>\n<span id=\"tl_12\">Tens\u00e3o de sa\u00edda: DC1.25-36V.<\/span><br \/>\n<span id=\"tl_13\">Corrente m\u00e1xima de sa\u00edda: 8A.<\/span><br \/>\n<span id=\"tl_14\">Pot\u00eancia m\u00e1xima: 200W.<\/span><br \/>\n<span id=\"tl_15\">Efici\u00eancia de convers\u00e3o: 94%.<\/span><br \/>\n<span id=\"tl_16\">Frequ\u00eancia de comuta\u00e7\u00e3o: 180KHZ.<\/span><\/p>\n","protected":false},"excerpt":{"rendered":"<p>XH-M401 DC-DC Step Down Buck Converter M\u00f3dulo de fonte de alimenta\u00e7\u00e3o XL4016E1 PWM ajust\u00e1vel 4-40V para 1,25-36V Placa Step Down 8A 200W Descri\u00e7\u00e3o: Quando atingir a corrente de sa\u00edda m\u00e1xima de 8A, \u00e9 necess\u00e1rio adicionar ventilador.Trabalho de longo prazo recomendado cerca de 5A. Todos os produtos s\u00e3o testados quanto \u00e0 estabilidade, consist\u00eancia e confiabilidade.Garantir a [&hellip;]<\/p>\n","protected":false},"featured_media":18857,"template":"","meta":[],"product_brand":[],"product_cat":[411,50,194],"product_tag":[],"class_list":{"0":"post-18856","1":"product","2":"type-product","3":"status-publish","4":"has-post-thumbnail","6":"product_cat-sem-categoria","7":"product_cat-modulos","8":"product_cat-reguladores-de-tensao","10":"entry","11":"has-media","13":"first","14":"instock","15":"shipping-taxable","16":"purchasable","17":"product-type-simple","18":"has-product-nav","19":"col","20":"span_1_of_3","21":"owp-content-center","22":"owp-thumbs-layout-horizontal","23":"owp-btn-normal","24":"owp-tabs-layout-horizontal"},"_links":{"self":[{"href":"https:\/\/arduxop.com.br\/loja\/wp-json\/wp\/v2\/product\/18856","targetHints":{"allow":["GET"]}}],"collection":[{"href":"https:\/\/arduxop.com.br\/loja\/wp-json\/wp\/v2\/product"}],"about":[{"href":"https:\/\/arduxop.com.br\/loja\/wp-json\/wp\/v2\/types\/product"}],"wp:featuredmedia":[{"embeddable":true,"href":"https:\/\/arduxop.com.br\/loja\/wp-json\/wp\/v2\/media\/18857"}],"wp:attachment":[{"href":"https:\/\/arduxop.com.br\/loja\/wp-json\/wp\/v2\/media?parent=18856"}],"wp:term":[{"taxonomy":"product_brand","embeddable":true,"href":"https:\/\/arduxop.com.br\/loja\/wp-json\/wp\/v2\/product_brand?post=18856"},{"taxonomy":"product_cat","embeddable":true,"href":"https:\/\/arduxop.com.br\/loja\/wp-json\/wp\/v2\/product_cat?post=18856"},{"taxonomy":"product_tag","embeddable":true,"href":"https:\/\/arduxop.com.br\/loja\/wp-json\/wp\/v2\/product_tag?post=18856"}],"curies":[{"name":"wp","href":"https:\/\/api.w.org\/{rel}","templated":true}]}}