{"id":18851,"date":"2025-08-27T17:23:54","date_gmt":"2025-08-27T21:23:54","guid":{"rendered":"https:\/\/arduxop.com.br\/loja\/?post_type=product&#038;p=18851"},"modified":"2025-08-27T17:23:54","modified_gmt":"2025-08-27T21:23:54","slug":"controlador-de-velocidade-de-motor-pwm-dc-12v-40v-10a-400w-3khz","status":"publish","type":"product","link":"https:\/\/arduxop.com.br\/loja\/produto\/controlador-de-velocidade-de-motor-pwm-dc-12v-40v-10a-400w-3khz\/","title":{"rendered":"Controlador de velocidade de motor PWM DC 12V &#8211; 40V 10A 400W 3KHz"},"content":{"rendered":"<p><span data-spm-anchor-id=\"a2g0o.detail.1000023.i0.60b2YMAdYMAdY3\">DC 12V-40V 10A 400W Auto PWM DC Motor Controlador de velocidade M\u00f3dulo Volt Regulador Dimmer Frequ\u00eancia 3KHz com bot\u00e3o Interruptor 24V 32V<\/span><\/p>\n<div><strong>Descri\u00e7\u00e3o:<\/strong><\/div>\n<div>Controla a velocidade de um motor DC com este controlador Alta efici\u00eancia, alto torque e baixa gera\u00e7\u00e3o de calor Com prote\u00e7\u00e3o contra polaridade reversa, prote\u00e7\u00e3o contra alta corrente Opera\u00e7\u00e3o<\/div>\n<div><\/div>\n<div><strong>Caracter\u00edsticas:<\/strong><\/div>\n<div>Tens\u00e3o: CC 12V-40V<\/div>\n<div>Consumo de energia: 400W<\/div>\n<div data-spm-anchor-id=\"a2g0o.detail.1000023.i1.60b2YMAdYMAdY3\">Corrente: 10A<\/div>\n<div>Corrente est\u00e1tica: 0,02 A (em espera)<\/div>\n<div>Taxa de amostragem PWM: 0% -100%<\/div>\n<div>Frequ\u00eancia PWM: 3 kHz<\/div>\n<div>Dimens\u00e3o: aprox.73 x 60 x 27 mm (C x L x A)<\/div>\n<div>material: metal + pl\u00e1stico<\/div>\n","protected":false},"excerpt":{"rendered":"<p>DC 12V-40V 10A 400W Auto PWM DC Motor Controlador de velocidade M\u00f3dulo Volt Regulador Dimmer Frequ\u00eancia 3KHz com bot\u00e3o Interruptor 24V 32V Descri\u00e7\u00e3o: Controla a velocidade de um motor DC com este controlador Alta efici\u00eancia, alto torque e baixa gera\u00e7\u00e3o de calor Com prote\u00e7\u00e3o contra polaridade reversa, prote\u00e7\u00e3o contra alta corrente Opera\u00e7\u00e3o Caracter\u00edsticas: Tens\u00e3o: CC [&hellip;]<\/p>\n","protected":false},"featured_media":18852,"template":"","meta":[],"product_brand":[],"product_cat":[878,50,879],"product_tag":[],"class_list":{"0":"post-18851","1":"product","2":"type-product","3":"status-publish","4":"has-post-thumbnail","6":"product_cat-controlador","7":"product_cat-modulos","8":"product_cat-velocidade","10":"entry","11":"has-media","13":"first","14":"instock","15":"shipping-taxable","16":"purchasable","17":"product-type-simple","18":"has-product-nav","19":"col","20":"span_1_of_3","21":"owp-content-center","22":"owp-thumbs-layout-horizontal","23":"owp-btn-normal","24":"owp-tabs-layout-horizontal"},"_links":{"self":[{"href":"https:\/\/arduxop.com.br\/loja\/wp-json\/wp\/v2\/product\/18851","targetHints":{"allow":["GET"]}}],"collection":[{"href":"https:\/\/arduxop.com.br\/loja\/wp-json\/wp\/v2\/product"}],"about":[{"href":"https:\/\/arduxop.com.br\/loja\/wp-json\/wp\/v2\/types\/product"}],"wp:featuredmedia":[{"embeddable":true,"href":"https:\/\/arduxop.com.br\/loja\/wp-json\/wp\/v2\/media\/18852"}],"wp:attachment":[{"href":"https:\/\/arduxop.com.br\/loja\/wp-json\/wp\/v2\/media?parent=18851"}],"wp:term":[{"taxonomy":"product_brand","embeddable":true,"href":"https:\/\/arduxop.com.br\/loja\/wp-json\/wp\/v2\/product_brand?post=18851"},{"taxonomy":"product_cat","embeddable":true,"href":"https:\/\/arduxop.com.br\/loja\/wp-json\/wp\/v2\/product_cat?post=18851"},{"taxonomy":"product_tag","embeddable":true,"href":"https:\/\/arduxop.com.br\/loja\/wp-json\/wp\/v2\/product_tag?post=18851"}],"curies":[{"name":"wp","href":"https:\/\/api.w.org\/{rel}","templated":true}]}}