{"id":18840,"date":"2025-08-15T16:19:37","date_gmt":"2025-08-15T20:19:37","guid":{"rendered":"https:\/\/arduxop.com.br\/loja\/?post_type=product&#038;p=18840"},"modified":"2025-08-15T16:19:37","modified_gmt":"2025-08-15T20:19:37","slug":"modulo-sensor-de-velocidade-infravermelho-ir-opto-acoplador-de-deteccao-de-medicao-de-distancia","status":"publish","type":"product","link":"https:\/\/arduxop.com.br\/loja\/produto\/modulo-sensor-de-velocidade-infravermelho-ir-opto-acoplador-de-deteccao-de-medicao-de-distancia\/","title":{"rendered":"M\u00f3dulo sensor de velocidade infravermelho ir, opto acoplador de detec\u00e7\u00e3o de medi\u00e7\u00e3o de dist\u00e2ncia"},"content":{"rendered":"<div><strong><span id=\"tl_11\" data-spm-anchor-id=\"a2g0o.detail.1000023.i2.1491hJ1FhJ1FoQ\">Caracter\u00edsticas do produto:<\/span><\/strong><\/div>\n<div><\/div>\n<div data-spm-anchor-id=\"a2g0o.detail.1000023.i3.1491hJ1FhJ1FoQ\"><span id=\"tl_12\">O sensor fotoel\u00e9trico tipo slot \u00e9 composto por um diodo emissor de luz infravermelha e um fototransistor NPN com largura de ranhura de 5,9 mm.Contanto que o objeto n\u00e3o transparente passe pelo tipo de slot, ele pode ser acionado (usado com a roda de c\u00f3digo do carro da loja) para gerar o n\u00edvel baixo TTL.O gatilho Schmitt \u00e9 usado para agitar o pulso, que \u00e9 muito est\u00e1vel e pode ser usado para medir a velocidade do carro, medindo a dist\u00e2ncia e similares!Furos de montagem de parafusos M3 em ambas as extremidades.<\/span><\/div>\n<div><\/div>\n<div data-spm-anchor-id=\"a2g0o.detail.1000023.i1.1491hJ1FhJ1FoQ\"><strong><span id=\"tl_13\">Par\u00e2metros do produto:<\/span><\/strong><\/div>\n<div><\/div>\n<div><span id=\"tl_14\">Tens\u00e3o de trabalho: 3,3 V-5 V<\/span><\/div>\n<div><span id=\"tl_15\">Forma de sa\u00edda: sa\u00edda de switch digital OUT (0 e 1)<\/span><\/div>\n","protected":false},"excerpt":{"rendered":"<p>Caracter\u00edsticas do produto: O sensor fotoel\u00e9trico tipo slot \u00e9 composto por um diodo emissor de luz infravermelha e um fototransistor NPN com largura de ranhura de 5,9 mm.Contanto que o objeto n\u00e3o transparente passe pelo tipo de slot, ele pode ser acionado (usado com a roda de c\u00f3digo do carro da loja) para gerar o [&hellip;]<\/p>\n","protected":false},"featured_media":18841,"template":"","meta":[],"product_brand":[],"product_cat":[411,50,178],"product_tag":[],"class_list":{"0":"post-18840","1":"product","2":"type-product","3":"status-publish","4":"has-post-thumbnail","6":"product_cat-sem-categoria","7":"product_cat-modulos","8":"product_cat-sensores","10":"entry","11":"has-media","13":"first","14":"instock","15":"shipping-taxable","16":"purchasable","17":"product-type-simple","18":"has-product-nav","19":"col","20":"span_1_of_3","21":"owp-content-center","22":"owp-thumbs-layout-horizontal","23":"owp-btn-normal","24":"owp-tabs-layout-horizontal"},"_links":{"self":[{"href":"https:\/\/arduxop.com.br\/loja\/wp-json\/wp\/v2\/product\/18840","targetHints":{"allow":["GET"]}}],"collection":[{"href":"https:\/\/arduxop.com.br\/loja\/wp-json\/wp\/v2\/product"}],"about":[{"href":"https:\/\/arduxop.com.br\/loja\/wp-json\/wp\/v2\/types\/product"}],"wp:featuredmedia":[{"embeddable":true,"href":"https:\/\/arduxop.com.br\/loja\/wp-json\/wp\/v2\/media\/18841"}],"wp:attachment":[{"href":"https:\/\/arduxop.com.br\/loja\/wp-json\/wp\/v2\/media?parent=18840"}],"wp:term":[{"taxonomy":"product_brand","embeddable":true,"href":"https:\/\/arduxop.com.br\/loja\/wp-json\/wp\/v2\/product_brand?post=18840"},{"taxonomy":"product_cat","embeddable":true,"href":"https:\/\/arduxop.com.br\/loja\/wp-json\/wp\/v2\/product_cat?post=18840"},{"taxonomy":"product_tag","embeddable":true,"href":"https:\/\/arduxop.com.br\/loja\/wp-json\/wp\/v2\/product_tag?post=18840"}],"curies":[{"name":"wp","href":"https:\/\/api.w.org\/{rel}","templated":true}]}}