{"id":18831,"date":"2025-08-15T10:49:20","date_gmt":"2025-08-15T14:49:20","guid":{"rendered":"https:\/\/arduxop.com.br\/loja\/?post_type=product&#038;p=18831"},"modified":"2025-11-28T15:02:34","modified_gmt":"2025-11-28T19:02:34","slug":"modulo-sensor-de-corrente-acs712-20a","status":"publish","type":"product","link":"https:\/\/arduxop.com.br\/loja\/produto\/modulo-sensor-de-corrente-acs712-20a\/","title":{"rendered":"M\u00f3dulo Sensor de Corrente ACS712 20A"},"content":{"rendered":"<p>O Sensor de Corrente ACS712 20ADC \u00e9 um sensor que faz medi\u00e7\u00f5es de corrente continua ou alternada entre os valores de -20A a 20A com \u00f3tima precis\u00e3o. Este sensor trabalha de forma invasiva, necessitando interromper o circuito para que ele realize a medi\u00e7\u00e3o, sendo utilizado nos mais diversos projetos em que h\u00e1 necessidade de saber se h\u00e1 passagem de corrente el\u00e9trica em um sistema.<br \/>\nO ACS712 20A trabalha com o micro controlador ACS712 da Allegro e utiliza o efeito hall para detectar o campo magn\u00e9tico que \u00e9 gerado quando a corrente el\u00e9trica passa por ele. Ele opera com 5 v e gera tens\u00e3o anal\u00f3gica proporcional \u00e0 corrente medida, que pode ser no m\u00e1ximo 20A para esse sensor. Essas caracter\u00edsticas torna o Sensor de Corrente ACS712 20A um produto muito utilizado em diversos projetos, com excelente custo benef\u00edcio para estudantes, amantes e profissionais iniciantes da \u00e1rea de eletr\u00f4nica.<\/p>\n<p>Principais Caracter\u00edsticas:<\/p>\n<p>&#8211; Faixa de medi\u00e7\u00e3o: -20 a 20 A;<br \/>\n&#8211; Tens\u00e3o de Alimenta\u00e7\u00e3o: 5V;<br \/>\n&#8211; Tens\u00e3o de sa\u00edda s\/carga: 2,5V;<br \/>\n&#8211; Sensibilidade de sa\u00edda: 100 mV \/ A;<br \/>\n&#8211; Tempo de sa\u00edda: 5 \u00b5s;<br \/>\n&#8211; Consumo de corrente: 13 mA (M\u00e1x.);<br \/>\n&#8211; Corrente de sa\u00edda: 3 mA (M\u00e1x.);<br \/>\n&#8211; Precis\u00e3o: 1,5% \u00e0 25\u00baC;<br \/>\n&#8211; Largura de banda: 80khz;<br \/>\n&#8211; Resist\u00eancia Interna: 1,2 m Ohms;<br \/>\n&#8211; Temperatura de trabalho: -40 \u00e0 +85\u00baC;<br \/>\n&#8211; Peso: 3,2g;<br \/>\n&#8211; Dimens\u00f5es: 32x13x14mm<\/p>\n","protected":false},"excerpt":{"rendered":"<p>O Sensor de Corrente ACS712 20ADC \u00e9 um sensor que faz medi\u00e7\u00f5es de corrente continua ou alternada entre os valores de -20A a 20A com \u00f3tima precis\u00e3o. Este sensor trabalha de forma invasiva, necessitando interromper o circuito para que ele realize a medi\u00e7\u00e3o, sendo utilizado nos mais diversos projetos em que h\u00e1 necessidade de saber [&hellip;]<\/p>\n","protected":false},"featured_media":18832,"template":"","meta":[],"product_brand":[],"product_cat":[877,411,50,178],"product_tag":[],"class_list":{"0":"post-18831","1":"product","2":"type-product","3":"status-publish","4":"has-post-thumbnail","6":"product_cat-corrente","7":"product_cat-sem-categoria","8":"product_cat-modulos","9":"product_cat-sensores","11":"entry","12":"has-media","14":"first","15":"instock","16":"shipping-taxable","17":"purchasable","18":"product-type-simple","19":"has-product-nav","20":"col","21":"span_1_of_3","22":"owp-content-center","23":"owp-thumbs-layout-horizontal","24":"owp-btn-normal","25":"owp-tabs-layout-horizontal"},"_links":{"self":[{"href":"https:\/\/arduxop.com.br\/loja\/wp-json\/wp\/v2\/product\/18831","targetHints":{"allow":["GET"]}}],"collection":[{"href":"https:\/\/arduxop.com.br\/loja\/wp-json\/wp\/v2\/product"}],"about":[{"href":"https:\/\/arduxop.com.br\/loja\/wp-json\/wp\/v2\/types\/product"}],"wp:featuredmedia":[{"embeddable":true,"href":"https:\/\/arduxop.com.br\/loja\/wp-json\/wp\/v2\/media\/18832"}],"wp:attachment":[{"href":"https:\/\/arduxop.com.br\/loja\/wp-json\/wp\/v2\/media?parent=18831"}],"wp:term":[{"taxonomy":"product_brand","embeddable":true,"href":"https:\/\/arduxop.com.br\/loja\/wp-json\/wp\/v2\/product_brand?post=18831"},{"taxonomy":"product_cat","embeddable":true,"href":"https:\/\/arduxop.com.br\/loja\/wp-json\/wp\/v2\/product_cat?post=18831"},{"taxonomy":"product_tag","embeddable":true,"href":"https:\/\/arduxop.com.br\/loja\/wp-json\/wp\/v2\/product_tag?post=18831"}],"curies":[{"name":"wp","href":"https:\/\/api.w.org\/{rel}","templated":true}]}}