{"id":1883,"date":"2018-01-16T11:28:34","date_gmt":"2018-01-16T13:28:34","guid":{"rendered":"https:\/\/arduxop.com.br\/loja\/produto\/ss-micro-atmega32u4\/"},"modified":"2024-07-25T07:56:39","modified_gmt":"2024-07-25T11:56:39","slug":"ss-micro-atmega32u4","status":"publish","type":"product","link":"https:\/\/arduxop.com.br\/loja\/produto\/ss-micro-atmega32u4\/","title":{"rendered":"Arduino SS Micro Atmega32u4"},"content":{"rendered":"<p>Essa placa \u00e9 baseada no\u00a0ATMEGA32U4 e possu\u00ed 14 pinos de entrada\/sa\u00edda, sendo 5 com PWM e 6 que podem ser utilizadas como entrada anal\u00f3gicas.<\/p>\n<p>Opera na velocidade de 16MHz e utiliza um conector USB padr\u00e3o A.<\/p>\n<p>Caracter\u00edsticas:<\/p>\n<p>Alimenta\u00e7\u00e3o: 5V Pinos: 14 (5 digitais com PWM e 6 anal\u00f3gicos)<\/p>\n<p>Corrente: 40mA Mem\u00f3ria: FLASH de 32KB, SRAM de 2,5KBe EEPROM de 1KB<\/p>\n<p>Velocidade: 16MHz Dimens\u00f5es: 20,3mm x 30,5mm Peso: 2,5g<\/p>\n<p>Saiba Mais:<\/p>\n<p>SS Micro \u00e9 uma placa de microcontrolador baseado no ATmeag32U4. ele tem 14 digital de prop\u00f3sito geral pinos de entrada\/sa\u00edda (dos quais 5 podem ser usados como sa\u00eddas PWM, 6 podem ser utilizados como entradas anal\u00f3gicas). a bordo h\u00e1 16 Mhz oscilador e um USB-UM tipo de conector PCB-based. em adi\u00e7\u00e3o a uma fonte de alimenta\u00e7\u00e3o independente a 3.3 V de sa\u00edda, sua pot\u00eancia de sa\u00edda sem afetar a opera\u00e7\u00e3o do MCU, a pot\u00eancia de sa\u00edda depende da capacidade de alimenta\u00e7\u00e3o da porta USB, mas n\u00e3o maior do que o m\u00e1ximo de 1.5A. o conselho foi a grava\u00e7\u00e3o do Ard uino bootloader, por isso \u00e9 compat\u00edvel com o Ard uino IDE. embora seja pequeno, mas ele tem uma rica interface de tal forma que ele n\u00e3o \u00e9 apenas o tradicional fun\u00e7\u00f5es do controlador, bem como implementado em um mouse de computador, fun\u00e7\u00f5es do teclado, fun\u00e7\u00f5es de s\u00e9rie, e pode se comunicar diretamente com o computador. mestre: ATmega32u4 tens\u00e3o de funcionamento: 5 V Digital IO N\u00famero: 14 n\u00famero de sa\u00edda de PWM: 5 N\u00famero de entrada anal\u00f3gica: 6 outros perif\u00e9ricos: USB, UART, I2C, SPI, 3.3 V Sa\u00edda da fonte de Alimenta\u00e7\u00e3o IO for\u00e7a motriz: 40mA Flash: 32KB (ATmega32u4) onde 4KB ocupada por Ard uino bootloader SRAM: 2.5 KB (ATmega32u4) EEPROM: 1 KB (ATmega32u4) freq\u00fc\u00eancia: 16 Mhz largura: 800 mils (20.3mm) comprimento: 1200 mils (30.5mm) peso: 2.5g (n\u00e3o inclui embalagem e acess\u00f3rios)<\/p>\n","protected":false},"excerpt":{"rendered":"<p>Essa placa \u00e9 baseada no\u00a0ATMEGA32U4 e possu\u00ed 14 pinos de entrada\/sa\u00edda, sendo 5 com PWM e 6 que podem ser utilizadas como entrada anal\u00f3gicas. Opera na velocidade de 16MHz e utiliza um conector USB padr\u00e3o A.<\/p>\n","protected":false},"featured_media":1884,"template":"","meta":[],"product_brand":[],"product_cat":[49],"product_tag":[],"class_list":{"0":"post-1883","1":"product","2":"type-product","3":"status-publish","4":"has-post-thumbnail","6":"product_cat-microprocessadores","8":"entry","9":"has-media","11":"first","12":"instock","13":"sale","14":"purchasable","15":"product-type-simple","16":"has-product-nav","17":"col","18":"span_1_of_3","19":"owp-content-center","20":"owp-thumbs-layout-horizontal","21":"owp-btn-normal","22":"owp-tabs-layout-horizontal"},"_links":{"self":[{"href":"https:\/\/arduxop.com.br\/loja\/wp-json\/wp\/v2\/product\/1883","targetHints":{"allow":["GET"]}}],"collection":[{"href":"https:\/\/arduxop.com.br\/loja\/wp-json\/wp\/v2\/product"}],"about":[{"href":"https:\/\/arduxop.com.br\/loja\/wp-json\/wp\/v2\/types\/product"}],"wp:featuredmedia":[{"embeddable":true,"href":"https:\/\/arduxop.com.br\/loja\/wp-json\/wp\/v2\/media\/1884"}],"wp:attachment":[{"href":"https:\/\/arduxop.com.br\/loja\/wp-json\/wp\/v2\/media?parent=1883"}],"wp:term":[{"taxonomy":"product_brand","embeddable":true,"href":"https:\/\/arduxop.com.br\/loja\/wp-json\/wp\/v2\/product_brand?post=1883"},{"taxonomy":"product_cat","embeddable":true,"href":"https:\/\/arduxop.com.br\/loja\/wp-json\/wp\/v2\/product_cat?post=1883"},{"taxonomy":"product_tag","embeddable":true,"href":"https:\/\/arduxop.com.br\/loja\/wp-json\/wp\/v2\/product_tag?post=1883"}],"curies":[{"name":"wp","href":"https:\/\/api.w.org\/{rel}","templated":true}]}}