{"id":18822,"date":"2025-08-15T09:06:42","date_gmt":"2025-08-15T13:06:42","guid":{"rendered":"https:\/\/arduxop.com.br\/loja\/?post_type=product&#038;p=18822"},"modified":"2025-08-15T09:06:42","modified_gmt":"2025-08-15T13:06:42","slug":"esp32-c3-super-mini-wifi-bluetooth-tipo-c","status":"publish","type":"product","link":"https:\/\/arduxop.com.br\/loja\/produto\/esp32-c3-super-mini-wifi-bluetooth-tipo-c\/","title":{"rendered":"Esp32 C3 Super Mini Wifi Bluetooth Tipo C"},"content":{"rendered":"<p>O ESP32 C3 Super Mini \u00e9 uma mini placa de desenvolvimento IoT baseada no chip de modo duplo Espressif ESP32-C3 WiFi\/ Bluetooth. O ESP32-C3 \u00e9 uma CPU RISC-V de 32 bits que cont\u00e9m a FPU (unidade de ponto flutuante) para opera\u00e7\u00f5es de precis\u00e3o \u00fanica de 32 bits com poderoso poder de computa\u00e7\u00e3o.<\/p>\n<p>Possui excelente desempenho de RF e suporta os protocolos IEEE 802.11 bgn WiFi e Bluetooth 5 (LE). A placa vem com uma antena externa para aumentar a intensidade do sinal para aplica\u00e7\u00f5es sem fio.<\/p>\n<p>Suporta quatro interfaces seriais: UART, I2C e SPI. A placa tamb\u00e9m possui um pequeno bot\u00e3o de reset e um bot\u00e3o de modo de boot loader. Combinado com os recursos acima, o ESP32C3 Super Mini \u00e9 posicionado como uma mini placa de desenvolvimento iot de<br \/>\nalto desempenho, baixo consumo de energia e econ\u00f4mica para aplica\u00e7\u00f5es iot de baixa pot\u00eancia e aplica\u00e7\u00f5es vest\u00edveis sem fio.<\/p>\n<p>Par\u00e2metro do produto:<br \/>\n1. CPU poderosa: ESP32-C3, processador de n\u00facleo \u00fanico RISC-V de 32 bits, rodando at\u00e9 160 MHz<br \/>\n2. WiFi: protocolo 802.11 bgn, 2,4 GHz, modo de esta\u00e7\u00e3o de suporte, modo SoftAP, modo SoftAP + esta\u00e7\u00e3o, modo h\u00edbrido<br \/>\n3. Bluetooth: Bluetooth 5.0<br \/>\n4.Consumo de energia ultrabaixo: consumo de energia em sono profundo de cerca de 43 micro amperes<br \/>\n5. Recursos ricos da placa: 400 KB SRAM, 384 KB ROM integrado 4Mflash.<br \/>\n6. Modelo de chip: ESP32C3FN4<br \/>\n7.Tamanho ultrapequeno: T\u00e3o pequeno quanto o formato cl\u00e1ssico do polegar (22,52x18mm), adequado para wearables e pequenos projetos<br \/>\n8.Recursos de seguran\u00e7a confi\u00e1veis: Aceleradores de hardware de criptografia que suportam AES-128\/256, hashing, RSA, HMAC, assinaturas digitais e inicializa\u00e7\u00e3o segura<br \/>\n9. interface rica: 1xI2C, 1xSPI, 2xUART, 11xGPIO (PWM), 4xADC<br \/>\n10. Componentes de um lado, design de montagem em superf\u00edcie<br \/>\n11. Luz azul LED integrada: pino GPIO8<\/p>\n","protected":false},"excerpt":{"rendered":"<p>O ESP32 C3 Super Mini \u00e9 uma mini placa de desenvolvimento IoT baseada no chip de modo duplo Espressif ESP32-C3 WiFi\/ Bluetooth. O ESP32-C3 \u00e9 uma CPU RISC-V de 32 bits que cont\u00e9m a FPU (unidade de ponto flutuante) para opera\u00e7\u00f5es de precis\u00e3o \u00fanica de 32 bits com poderoso poder de computa\u00e7\u00e3o. Possui excelente desempenho [&hellip;]<\/p>\n","protected":false},"featured_media":18823,"template":"","meta":[],"product_brand":[],"product_cat":[193,411,50,409,180],"product_tag":[],"class_list":{"0":"post-18822","1":"product","2":"type-product","3":"status-publish","4":"has-post-thumbnail","6":"product_cat-bluetooth","7":"product_cat-sem-categoria","8":"product_cat-modulos","9":"product_cat-robotica","10":"product_cat-wifi","12":"entry","13":"has-media","15":"first","16":"instock","17":"shipping-taxable","18":"purchasable","19":"product-type-simple","20":"has-product-nav","21":"col","22":"span_1_of_3","23":"owp-content-center","24":"owp-thumbs-layout-horizontal","25":"owp-btn-normal","26":"owp-tabs-layout-horizontal"},"_links":{"self":[{"href":"https:\/\/arduxop.com.br\/loja\/wp-json\/wp\/v2\/product\/18822","targetHints":{"allow":["GET"]}}],"collection":[{"href":"https:\/\/arduxop.com.br\/loja\/wp-json\/wp\/v2\/product"}],"about":[{"href":"https:\/\/arduxop.com.br\/loja\/wp-json\/wp\/v2\/types\/product"}],"wp:featuredmedia":[{"embeddable":true,"href":"https:\/\/arduxop.com.br\/loja\/wp-json\/wp\/v2\/media\/18823"}],"wp:attachment":[{"href":"https:\/\/arduxop.com.br\/loja\/wp-json\/wp\/v2\/media?parent=18822"}],"wp:term":[{"taxonomy":"product_brand","embeddable":true,"href":"https:\/\/arduxop.com.br\/loja\/wp-json\/wp\/v2\/product_brand?post=18822"},{"taxonomy":"product_cat","embeddable":true,"href":"https:\/\/arduxop.com.br\/loja\/wp-json\/wp\/v2\/product_cat?post=18822"},{"taxonomy":"product_tag","embeddable":true,"href":"https:\/\/arduxop.com.br\/loja\/wp-json\/wp\/v2\/product_tag?post=18822"}],"curies":[{"name":"wp","href":"https:\/\/api.w.org\/{rel}","templated":true}]}}