{"id":18819,"date":"2025-08-14T16:34:56","date_gmt":"2025-08-14T20:34:56","guid":{"rendered":"https:\/\/arduxop.com.br\/loja\/?post_type=product&#038;p=18819"},"modified":"2025-08-14T16:34:56","modified_gmt":"2025-08-14T20:34:56","slug":"disjuntor-com-redefinicao-manual-a-prova-d-agua-30-300a","status":"publish","type":"product","link":"https:\/\/arduxop.com.br\/loja\/produto\/disjuntor-com-redefinicao-manual-a-prova-d-agua-30-300a\/","title":{"rendered":"Disjuntor com Redefini\u00e7\u00e3o Manual \u00c0 prova D&#8217; \u00e1gua 30-300A"},"content":{"rendered":"<div class=\"detailmodule_text\">\n<p id=\"tl_5\" class=\"detail-desc-decorate-content\" data-spm-anchor-id=\"a2g0o.detail.1000023.i0.7535hKMahKMaU4\">Especifica\u00e7\u00e3o:, 30A disjuntor 12V dispon\u00edvel, escolha o caminho certo para seus motores de corrico, compat\u00edvel com todos os sistemas de 12, 24 volts.<\/p>\n<\/div>\n<div class=\"detailmodule_text\">\n<p id=\"tl_6\" class=\"detail-desc-decorate-content\">Pr\u00e1tico: Protege seu motor de corrico de danos el\u00e9tricos, evita corrente excessiva e impede que surtos de energia danifiquem os amplificadores, economize seu dinheiro para substituir a quebra do fus\u00edvel.<\/p>\n<\/div>\n<div class=\"detailmodule_text\">\n<p id=\"tl_7\" class=\"detail-desc-decorate-content\">Reiniciavel: Bot\u00e3o de reset manual, controle manual e f\u00e1cil de operar com bra\u00e7o de reset manual, tamb\u00e9m pode ser usado como um Kill Switch.<\/p>\n<\/div>\n<div class=\"detailmodule_text\">\n<p id=\"tl_8\" class=\"detail-desc-decorate-content\">Instala\u00e7\u00e3o: Surface Mount, montagem no painel ou firewall. Habita\u00e7\u00e3o resistente \u00e0 \u00e1gua, protetor stud isolador inclu\u00eddo, respingo e poeira carro fus\u00edvel prova.<\/p>\n<\/div>\n<p id=\"tl_9\" class=\"detail-desc-decorate-content\" data-spm-anchor-id=\"a2g0o.detail.1000023.i2.7535hKMahKMaU4\">Aplica\u00e7\u00e3o: Fornecer prote\u00e7\u00e3o em condi\u00e7\u00f5es de sobrecarga ou curto-circuito para o sistema de \u00e1udio\/v\u00eddeo do carro, Barco, caminh\u00f5es, \u00f4nibus, RV, Guinchos ATV e sistema amplificador de som marinho e DC, manual reset disjuntor.<\/p>\n","protected":false},"excerpt":{"rendered":"<p>Especifica\u00e7\u00e3o:, 30A disjuntor 12V dispon\u00edvel, escolha o caminho certo para seus motores de corrico, compat\u00edvel com todos os sistemas de 12, 24 volts. Pr\u00e1tico: Protege seu motor de corrico de danos el\u00e9tricos, evita corrente excessiva e impede que surtos de energia danifiquem os amplificadores, economize seu dinheiro para substituir a quebra do fus\u00edvel. Reiniciavel: Bot\u00e3o [&hellip;]<\/p>\n","protected":false},"featured_media":18820,"template":"","meta":[],"product_brand":[],"product_cat":[411],"product_tag":[],"class_list":{"0":"post-18819","1":"product","2":"type-product","3":"status-publish","4":"has-post-thumbnail","6":"product_cat-sem-categoria","8":"entry","9":"has-media","11":"first","12":"instock","13":"shipping-taxable","14":"purchasable","15":"product-type-simple","16":"has-product-nav","17":"col","18":"span_1_of_3","19":"owp-content-center","20":"owp-thumbs-layout-horizontal","21":"owp-btn-normal","22":"owp-tabs-layout-horizontal"},"_links":{"self":[{"href":"https:\/\/arduxop.com.br\/loja\/wp-json\/wp\/v2\/product\/18819","targetHints":{"allow":["GET"]}}],"collection":[{"href":"https:\/\/arduxop.com.br\/loja\/wp-json\/wp\/v2\/product"}],"about":[{"href":"https:\/\/arduxop.com.br\/loja\/wp-json\/wp\/v2\/types\/product"}],"wp:featuredmedia":[{"embeddable":true,"href":"https:\/\/arduxop.com.br\/loja\/wp-json\/wp\/v2\/media\/18820"}],"wp:attachment":[{"href":"https:\/\/arduxop.com.br\/loja\/wp-json\/wp\/v2\/media?parent=18819"}],"wp:term":[{"taxonomy":"product_brand","embeddable":true,"href":"https:\/\/arduxop.com.br\/loja\/wp-json\/wp\/v2\/product_brand?post=18819"},{"taxonomy":"product_cat","embeddable":true,"href":"https:\/\/arduxop.com.br\/loja\/wp-json\/wp\/v2\/product_cat?post=18819"},{"taxonomy":"product_tag","embeddable":true,"href":"https:\/\/arduxop.com.br\/loja\/wp-json\/wp\/v2\/product_tag?post=18819"}],"curies":[{"name":"wp","href":"https:\/\/api.w.org\/{rel}","templated":true}]}}