{"id":18809,"date":"2025-08-14T14:37:00","date_gmt":"2025-08-14T18:37:00","guid":{"rendered":"https:\/\/arduxop.com.br\/loja\/?post_type=product&#038;p=18809"},"modified":"2025-08-14T15:09:53","modified_gmt":"2025-08-14T19:09:53","slug":"modulo-sensor-de-distancia-ultrassonico-a-prova-d-a-jsn-sr04t","status":"publish","type":"product","link":"https:\/\/arduxop.com.br\/loja\/produto\/modulo-sensor-de-distancia-ultrassonico-a-prova-d-a-jsn-sr04t\/","title":{"rendered":"M\u00f3dulo sensor de dist\u00e2ncia ultrass\u00f4nico \u00e1 prova D&#8217; \u00e1gua JSN-SR04T"},"content":{"rendered":"<div><strong>Introdu\u00e7\u00e3o do produto:<\/strong><\/div>\n<div>A nova vers\u00e3o do SR04M recentemente lan\u00e7ada resolve o problema de saltos de dados cegos e melhora a estabilidade do produto.JSN-SR04T \/ AJ-SR04MO m\u00f3dulo de alcance ultrass\u00f4nico pode fornecer fun\u00e7\u00e3o de detec\u00e7\u00e3o de dist\u00e2ncia sem contato de 21 cm a 600 cm, a precis\u00e3o do alcance pode chegar a 3 mm; o m\u00f3dulo consiste em um sensor ultrass\u00f4nico e circuito de controle integrado ao transceptor. O uso do modo um \u00e9 compat\u00edvel com nosso m\u00f3dulo HC-SR04<\/div>\n<div>Existem tr\u00eas modos de trabalho para escolher neste m\u00f3dulo, e os clientes podem alternar ou experimentar de acordo com suas necessidades reais.<\/div>\n<div><\/div>\n<div><strong>Caracter\u00edsticas:<\/strong><\/div>\n<div>1.Tamanho pequeno e f\u00e1cil de usar:<\/div>\n<div>2.Baixa tens\u00e3o e baixo consumo de energia:<\/div>\n<div>3.Alta precis\u00e3o de medi\u00e7\u00e3o;<\/div>\n<div>4.Forte anti-interfer\u00eancia;<\/div>\n<div>5.Sonda imperme\u00e1vel fechada integrada com fio, adequada para ocasi\u00f5es de medi\u00e7\u00e3o molhadas e severas<\/div>\n<div><\/div>\n<div><\/div>\n<div><strong>Par\u00e2metros do produto:<\/strong><\/div>\n<div>Tens\u00e3o de trabalho: CC: 3,0 V-5,5 V<\/div>\n<div>Corrente de trabalho: menos de 8ma<\/div>\n<div>Frequ\u00eancia da sonda: 40kHz<\/div>\n<div>O maior alcance: 600cm<\/div>\n<div>Alcance recente: 20cm<\/div>\n<div>Precis\u00e3o de longo alcance: \u00b11cm<\/div>\n<div>Resolu\u00e7\u00e3o: 1mm<\/div>\n<div>\u00c2ngulo de quilometragem: 75 graus<\/div>\n<div>Sinal de disparo de entrada: 1.Pulso TTL acima de 10uS; 2.Comando de envio de porta serial 0X55<\/div>\n<div>Sinal de eco de sa\u00edda Sinal de n\u00edvel de largura de pulso de sa\u00edda ou TTL<\/div>\n<div>Fia\u00e7\u00e3o:<\/div>\n<div>3-5.5V (pot\u00eancia +)<\/div>\n<div>Trig (Controle) RX<\/div>\n<div>Eco (sa\u00edda) TX<\/div>\n<div>GND (pot\u00eancia-)<\/div>\n<div>Temperatura de trabalho: -20-+70 graus<\/div>\n<div><\/div>\n<div><strong>Princ\u00edpio b\u00e1sico de funcionamento:<\/strong><\/div>\n<div><span data-spm-anchor-id=\"a2g0o.detail.1000023.i0.1f08MnOzMnOzh6\">(1) Use a porta IO TRIG para acionar medi\u00e7\u00e3o de dist\u00e2ncia e fornecer um sinal de alto n\u00edvel de pelo menos 10us;<\/span><\/div>\n<div>(2) O m\u00f3dulo envia automaticamente 8 ondas quadradas de 40 kHz e detecta automaticamente se h\u00e1 retorno de sinal;<\/div>\n<div>(3) Quando h\u00e1 um retorno de sinal, um n\u00edvel alto \u00e9 emitido atrav\u00e9s da porta IO ECHO, e a dura\u00e7\u00e3o do n\u00edvel alto \u00e9 o tempo desde a onda ultrass\u00f4nica at\u00e9 o retorno. Dist\u00e2ncia de teste = (tempo de alto n\u00edvel * velocidade do som (340M\/S))\/2;<\/div>\n<div><\/div>\n<div><\/div>\n","protected":false},"excerpt":{"rendered":"<p>Introdu\u00e7\u00e3o do produto: A nova vers\u00e3o do SR04M recentemente lan\u00e7ada resolve o problema de saltos de dados cegos e melhora a estabilidade do produto.JSN-SR04T \/ AJ-SR04MO m\u00f3dulo de alcance ultrass\u00f4nico pode fornecer fun\u00e7\u00e3o de detec\u00e7\u00e3o de dist\u00e2ncia sem contato de 21 cm a 600 cm, a precis\u00e3o do alcance pode chegar a 3 mm; o [&hellip;]<\/p>\n","protected":false},"featured_media":18811,"template":"","meta":[],"product_brand":[],"product_cat":[411,50,178],"product_tag":[],"class_list":{"0":"post-18809","1":"product","2":"type-product","3":"status-publish","4":"has-post-thumbnail","6":"product_cat-sem-categoria","7":"product_cat-modulos","8":"product_cat-sensores","10":"entry","11":"has-media","13":"first","14":"instock","15":"shipping-taxable","16":"purchasable","17":"product-type-simple","18":"has-product-nav","19":"col","20":"span_1_of_3","21":"owp-content-center","22":"owp-thumbs-layout-horizontal","23":"owp-btn-normal","24":"owp-tabs-layout-horizontal"},"_links":{"self":[{"href":"https:\/\/arduxop.com.br\/loja\/wp-json\/wp\/v2\/product\/18809","targetHints":{"allow":["GET"]}}],"collection":[{"href":"https:\/\/arduxop.com.br\/loja\/wp-json\/wp\/v2\/product"}],"about":[{"href":"https:\/\/arduxop.com.br\/loja\/wp-json\/wp\/v2\/types\/product"}],"wp:featuredmedia":[{"embeddable":true,"href":"https:\/\/arduxop.com.br\/loja\/wp-json\/wp\/v2\/media\/18811"}],"wp:attachment":[{"href":"https:\/\/arduxop.com.br\/loja\/wp-json\/wp\/v2\/media?parent=18809"}],"wp:term":[{"taxonomy":"product_brand","embeddable":true,"href":"https:\/\/arduxop.com.br\/loja\/wp-json\/wp\/v2\/product_brand?post=18809"},{"taxonomy":"product_cat","embeddable":true,"href":"https:\/\/arduxop.com.br\/loja\/wp-json\/wp\/v2\/product_cat?post=18809"},{"taxonomy":"product_tag","embeddable":true,"href":"https:\/\/arduxop.com.br\/loja\/wp-json\/wp\/v2\/product_tag?post=18809"}],"curies":[{"name":"wp","href":"https:\/\/api.w.org\/{rel}","templated":true}]}}