{"id":18804,"date":"2025-08-14T11:45:11","date_gmt":"2025-08-14T15:45:11","guid":{"rendered":"https:\/\/arduxop.com.br\/loja\/?post_type=product&#038;p=18804"},"modified":"2025-08-14T11:45:11","modified_gmt":"2025-08-14T15:45:11","slug":"interruptor-sensor-de-temperatura-de-metal-ksd9700-5a-250v-45c-n-a","status":"publish","type":"product","link":"https:\/\/arduxop.com.br\/loja\/produto\/interruptor-sensor-de-temperatura-de-metal-ksd9700-5a-250v-45c-n-a\/","title":{"rendered":"Interruptor\/Sensor de Temperatura de Metal KSD9700 5A 250V 45\u00b0C ( N.A )"},"content":{"rendered":"<p>O princ\u00edpio de funcionamento do sensor de temperatura de prote\u00e7\u00e3o t\u00e9rmica KSD9700 \u00e9: a fun\u00e7\u00e3o normalmente aberta \u00e9 superior \u00e0 temperatura nominal, ligar a fonte de alimenta\u00e7\u00e3o, abaixo da temperatura nominal desconecte a fonte de alimenta\u00e7\u00e3o, n\u00e3o ligue a fonte de alimenta\u00e7\u00e3o ou diminua at\u00e9 a temperatura nominal ap\u00f3s desconectar o fonte de alimenta\u00e7\u00e3o, o comprimento do cabo do produto em aproximadamente 7 cm as medidas ser\u00e3o ligeiramente imprecisas, o termostato normalmente aberto estar\u00e1 acima do texto chin\u00eas (aberto) ou da abreviatura em ingl\u00eas (K) da fonte em vez da temperatura.<\/p>\n<p>Especifica\u00e7\u00f5es<br \/>\nTens\u00e3o nominal: AC250V 50~60Hz<br \/>\nCorrente nominal: 5A de carga resistiva<br \/>\nTipo de interruptor e n\u00famero de polos: abridor de 1 polos<br \/>\nGrau de prote\u00e7\u00e3o IP: IP00<br \/>\nTipo de a\u00e7\u00e3o: 1A<br \/>\nCiclos de opera\u00e7\u00e3o: 10.000 ciclos<br \/>\nValor PTI do material de isolamento: 175V<br \/>\nResist\u00eancia de contato:\u226450m\u03a9 (estado original)<br \/>\nResist\u00eancia de isolado:&gt;100M\u03a9 (normalidade DC500V)<br \/>\nTens\u00e3o de teste: \u2265 1250V\/1min (nomalidade)<br \/>\n1 ou 2 interruptores de controle de temperatura<br \/>\nModelo: KSD9700<br \/>\nMaterial: caixa de metal<br \/>\nContato: NC (Normal fechado)\/N\u00c3O (Normal aberto)<br \/>\nTemperatura : 45\u00b0C<br \/>\nPot\u00eancia nominal: 250V 5A<br \/>\nComprimento do fio condutor: 7,3 cm\/2,9&#8243;<\/p>\n","protected":false},"excerpt":{"rendered":"<p>O princ\u00edpio de funcionamento do sensor de temperatura de prote\u00e7\u00e3o t\u00e9rmica KSD9700 \u00e9: a fun\u00e7\u00e3o normalmente aberta \u00e9 superior \u00e0 temperatura nominal, ligar a fonte de alimenta\u00e7\u00e3o, abaixo da temperatura nominal desconecte a fonte de alimenta\u00e7\u00e3o, n\u00e3o ligue a fonte de alimenta\u00e7\u00e3o ou diminua at\u00e9 a temperatura nominal ap\u00f3s desconectar o fonte de alimenta\u00e7\u00e3o, o [&hellip;]<\/p>\n","protected":false},"featured_media":18805,"template":"","meta":[],"product_brand":[],"product_cat":[411,178,516],"product_tag":[],"class_list":{"0":"post-18804","1":"product","2":"type-product","3":"status-publish","4":"has-post-thumbnail","6":"product_cat-sem-categoria","7":"product_cat-sensores","8":"product_cat-temperatura","10":"entry","11":"has-media","13":"first","14":"instock","15":"shipping-taxable","16":"purchasable","17":"product-type-simple","18":"has-product-nav","19":"col","20":"span_1_of_3","21":"owp-content-center","22":"owp-thumbs-layout-horizontal","23":"owp-btn-normal","24":"owp-tabs-layout-horizontal"},"_links":{"self":[{"href":"https:\/\/arduxop.com.br\/loja\/wp-json\/wp\/v2\/product\/18804","targetHints":{"allow":["GET"]}}],"collection":[{"href":"https:\/\/arduxop.com.br\/loja\/wp-json\/wp\/v2\/product"}],"about":[{"href":"https:\/\/arduxop.com.br\/loja\/wp-json\/wp\/v2\/types\/product"}],"wp:featuredmedia":[{"embeddable":true,"href":"https:\/\/arduxop.com.br\/loja\/wp-json\/wp\/v2\/media\/18805"}],"wp:attachment":[{"href":"https:\/\/arduxop.com.br\/loja\/wp-json\/wp\/v2\/media?parent=18804"}],"wp:term":[{"taxonomy":"product_brand","embeddable":true,"href":"https:\/\/arduxop.com.br\/loja\/wp-json\/wp\/v2\/product_brand?post=18804"},{"taxonomy":"product_cat","embeddable":true,"href":"https:\/\/arduxop.com.br\/loja\/wp-json\/wp\/v2\/product_cat?post=18804"},{"taxonomy":"product_tag","embeddable":true,"href":"https:\/\/arduxop.com.br\/loja\/wp-json\/wp\/v2\/product_tag?post=18804"}],"curies":[{"name":"wp","href":"https:\/\/api.w.org\/{rel}","templated":true}]}}