{"id":18798,"date":"2025-08-14T11:13:33","date_gmt":"2025-08-14T15:13:33","guid":{"rendered":"https:\/\/arduxop.com.br\/loja\/?post_type=product&#038;p=18798"},"modified":"2025-08-14T11:13:33","modified_gmt":"2025-08-14T15:13:33","slug":"modulo-rele-de-atraso-de-tempo-12v-10a-1-a-10s","status":"publish","type":"product","link":"https:\/\/arduxop.com.br\/loja\/produto\/modulo-rele-de-atraso-de-tempo-12v-10a-1-a-10s\/","title":{"rendered":"M\u00f3dulo rel\u00e9 de atraso de tempo 12V 10A ( 1 a 10S )"},"content":{"rendered":"<p data-spm-anchor-id=\"a2g0o.detail.1000023.i0.1bb3OorTOorTfL\">Contraso de temporizador ajust\u00e1vel DC 12V M\u00f3dulo de desligamento Interruptor de tempo de rel\u00e9 de temporiza\u00e7\u00e3o 1 ~ 10seg.<\/p>\n<div data-spm-anchor-id=\"a2g0o.detail.1000023.i1.1bb3OorTOorTfL\"><strong>Caracter\u00edsticas:<\/strong><br \/>\n\u00c9 um m\u00f3dulo de rel\u00e9 temporizador com alta precis\u00e3o, desempenho est\u00e1vel e confi\u00e1vel.<br \/>\nEle suporta prote\u00e7\u00e3o de entrada reversa e vem com um bot\u00e3o de gatilho.<br \/>\nLigue e pressione o gatilho para ligar a carga e desligue a carga ap\u00f3s o tempo de atraso.<br \/>\nO intervalo de tempo \u00e9 de 1 segundo a 10 segundos ajustado pelo potenci\u00f4metro; se precisar de mais tempo, basta substituir um capacitor ou potenci\u00f4metro maior.<br \/>\nAmplamente utilizado em equipamentos operacionais de temporizador, rob\u00f4s, desenvolvimento de produtos inteligentes, equipamentos de automa\u00e7\u00e3o, desenvolvimento PLC, atraso de alarme anti-roubo dom\u00e9stico inteligente, desenvolvimento eletr\u00f4nico, etc.<br \/>\nEspecifica\u00e7\u00f5es:<br \/>\nCapacidade de carga: 10A 250VAC, 10A 30VDC<br \/>\nTamanho: 67,6*19,2mm \/ 2,66*0,75&#8243;<\/div>\n","protected":false},"excerpt":{"rendered":"<p>Contraso de temporizador ajust\u00e1vel DC 12V M\u00f3dulo de desligamento Interruptor de tempo de rel\u00e9 de temporiza\u00e7\u00e3o 1 ~ 10seg. Caracter\u00edsticas: \u00c9 um m\u00f3dulo de rel\u00e9 temporizador com alta precis\u00e3o, desempenho est\u00e1vel e confi\u00e1vel. Ele suporta prote\u00e7\u00e3o de entrada reversa e vem com um bot\u00e3o de gatilho. Ligue e pressione o gatilho para ligar a carga [&hellip;]<\/p>\n","protected":false},"featured_media":18799,"template":"","meta":[],"product_brand":[],"product_cat":[411,50,177,875],"product_tag":[],"class_list":{"0":"post-18798","1":"product","2":"type-product","3":"status-publish","4":"has-post-thumbnail","6":"product_cat-sem-categoria","7":"product_cat-modulos","8":"product_cat-reles","9":"product_cat-temporizador","11":"entry","12":"has-media","14":"first","15":"instock","16":"shipping-taxable","17":"purchasable","18":"product-type-simple","19":"has-product-nav","20":"col","21":"span_1_of_3","22":"owp-content-center","23":"owp-thumbs-layout-horizontal","24":"owp-btn-normal","25":"owp-tabs-layout-horizontal"},"_links":{"self":[{"href":"https:\/\/arduxop.com.br\/loja\/wp-json\/wp\/v2\/product\/18798","targetHints":{"allow":["GET"]}}],"collection":[{"href":"https:\/\/arduxop.com.br\/loja\/wp-json\/wp\/v2\/product"}],"about":[{"href":"https:\/\/arduxop.com.br\/loja\/wp-json\/wp\/v2\/types\/product"}],"wp:featuredmedia":[{"embeddable":true,"href":"https:\/\/arduxop.com.br\/loja\/wp-json\/wp\/v2\/media\/18799"}],"wp:attachment":[{"href":"https:\/\/arduxop.com.br\/loja\/wp-json\/wp\/v2\/media?parent=18798"}],"wp:term":[{"taxonomy":"product_brand","embeddable":true,"href":"https:\/\/arduxop.com.br\/loja\/wp-json\/wp\/v2\/product_brand?post=18798"},{"taxonomy":"product_cat","embeddable":true,"href":"https:\/\/arduxop.com.br\/loja\/wp-json\/wp\/v2\/product_cat?post=18798"},{"taxonomy":"product_tag","embeddable":true,"href":"https:\/\/arduxop.com.br\/loja\/wp-json\/wp\/v2\/product_tag?post=18798"}],"curies":[{"name":"wp","href":"https:\/\/api.w.org\/{rel}","templated":true}]}}