{"id":18789,"date":"2025-08-14T10:18:59","date_gmt":"2025-08-14T14:18:59","guid":{"rendered":"https:\/\/arduxop.com.br\/loja\/?post_type=product&#038;p=18789"},"modified":"2025-08-14T10:21:24","modified_gmt":"2025-08-14T14:21:24","slug":"potenciometro-rotativo-para-inversor","status":"publish","type":"product","link":"https:\/\/arduxop.com.br\/loja\/produto\/potenciometro-rotativo-para-inversor\/","title":{"rendered":"Potenci\u00f4metro Rotativo Para Inversor LA42DWQ-22"},"content":{"rendered":"<p>Potenci\u00f4metro rotativo 22mm para inversores ideal para montagem em painel.<br \/>\nPossui escala num\u00e9rica de 0 a 10 e grau de prote\u00e7\u00e3o IP66.<br \/>\nResist\u00eancia: 5kOhms Tens\u00e3o M\u00e1xima: 250V Terminais: Borne Parafuso C\u00d3D.<br \/>\nDEAK: 20777<br \/>\nEstamos no mercado desde 1987, comercializando produtos para automa\u00e7\u00e3o industrial e materiais el\u00e9tricos de qualidade das mais consolidadas marcas.<br \/>\nToda instala\u00e7\u00e3o de equipamentos el\u00e9tricos e\/ou industriais deve ser feita por profissional capacitado e qualificado para a espec\u00edfica fun\u00e7\u00e3o.<br \/>\nJamais abra e\/ou realize reparos em equipamentos el\u00e9tricos de prote\u00e7\u00e3o, seguran\u00e7a, comando, interface, acionamento ou controle, em caso de d\u00favidas quanto ao correto funcionamento, busque um diagn\u00f3stico t\u00e9cnico profissional.<br \/>\nNunca se arrisque realizando manuten\u00e7\u00f5es ou mesmo inspe\u00e7\u00f5es simples em circuitos el\u00e9tricos energizados.<\/p>\n<p>Dispon\u00edveis nas potencias: 10kOhms, 20kOhms, 50kOhms e 100kOhms.<\/p>\n","protected":false},"excerpt":{"rendered":"<p>Potenci\u00f4metro rotativo 22mm para inversores ideal para montagem em painel. Possui escala num\u00e9rica de 0 a 10 e grau de prote\u00e7\u00e3o IP66. Resist\u00eancia: 5kOhms Tens\u00e3o M\u00e1xima: 250V Terminais: Borne Parafuso C\u00d3D. DEAK: 20777 Estamos no mercado desde 1987, comercializando produtos para automa\u00e7\u00e3o industrial e materiais el\u00e9tricos de qualidade das mais consolidadas marcas. Toda instala\u00e7\u00e3o de [&hellip;]<\/p>\n","protected":false},"featured_media":18790,"template":"","meta":[],"product_brand":[],"product_cat":[411],"product_tag":[],"class_list":{"0":"post-18789","1":"product","2":"type-product","3":"status-publish","4":"has-post-thumbnail","6":"product_cat-sem-categoria","8":"entry","9":"has-media","11":"first","12":"instock","13":"shipping-taxable","14":"purchasable","15":"product-type-simple","16":"has-product-nav","17":"col","18":"span_1_of_3","19":"owp-content-center","20":"owp-thumbs-layout-horizontal","21":"owp-btn-normal","22":"owp-tabs-layout-horizontal"},"_links":{"self":[{"href":"https:\/\/arduxop.com.br\/loja\/wp-json\/wp\/v2\/product\/18789","targetHints":{"allow":["GET"]}}],"collection":[{"href":"https:\/\/arduxop.com.br\/loja\/wp-json\/wp\/v2\/product"}],"about":[{"href":"https:\/\/arduxop.com.br\/loja\/wp-json\/wp\/v2\/types\/product"}],"wp:featuredmedia":[{"embeddable":true,"href":"https:\/\/arduxop.com.br\/loja\/wp-json\/wp\/v2\/media\/18790"}],"wp:attachment":[{"href":"https:\/\/arduxop.com.br\/loja\/wp-json\/wp\/v2\/media?parent=18789"}],"wp:term":[{"taxonomy":"product_brand","embeddable":true,"href":"https:\/\/arduxop.com.br\/loja\/wp-json\/wp\/v2\/product_brand?post=18789"},{"taxonomy":"product_cat","embeddable":true,"href":"https:\/\/arduxop.com.br\/loja\/wp-json\/wp\/v2\/product_cat?post=18789"},{"taxonomy":"product_tag","embeddable":true,"href":"https:\/\/arduxop.com.br\/loja\/wp-json\/wp\/v2\/product_tag?post=18789"}],"curies":[{"name":"wp","href":"https:\/\/api.w.org\/{rel}","templated":true}]}}