{"id":18786,"date":"2025-08-13T16:28:01","date_gmt":"2025-08-13T20:28:01","guid":{"rendered":"https:\/\/arduxop.com.br\/loja\/?post_type=product&#038;p=18786"},"modified":"2025-08-13T16:28:22","modified_gmt":"2025-08-13T20:28:22","slug":"modulo-regulador-ams1117-5v","status":"publish","type":"product","link":"https:\/\/arduxop.com.br\/loja\/produto\/modulo-regulador-ams1117-5v\/","title":{"rendered":"M\u00f3dulo Regulador Ams1117 5V"},"content":{"rendered":"<div class=\"detailmodule_text\">\n<p class=\"detail-desc-decorate-title\" data-spm-anchor-id=\"a2g0o.detail.1000023.i1.13b3oNKXoNKXy8\"><strong>Caracter\u00edsticas do produto:<\/strong><\/p>\n<\/div>\n<div class=\"detailmodule_text\">\n<p class=\"detail-desc-decorate-content\" data-spm-anchor-id=\"a2g0o.detail.1000023.i2.13b3oNKXoNKXy8\">1.Use materiais de alta qualidade, a qualidade \u00e9 garantida<br \/>\n2.Design de painel duplo, belo layout<br \/>\n3.Desempenho est\u00e1vel e f\u00e1cil de usar<br \/>\n4.M\u00f3dulo de estabiliza\u00e7\u00e3o de tens\u00e3o rica com interface de expans\u00e3o de energia<br \/>\n5.Ampla gama de aplica\u00e7\u00f5es<\/p>\n<p data-spm-anchor-id=\"a2g0o.detail.1000023.i2.13b3oNKXoNKXy8\"><strong>Par\u00e2metro:<\/strong><\/p>\n<p data-spm-anchor-id=\"a2g0o.detail.1000023.i2.13b3oNKXoNKXy8\">5V:<br \/>\nEntrada: DC6V\u201412V (A tens\u00e3o de entrada deve ser superior a 1V maior que a tens\u00e3o de sa\u00edda.))<br \/>\nSa\u00edda: 5,0 V (erro de \u00b1 0,05 V), 800 mA (a corrente de carga n\u00e3o pode exceder 800 mA)<br \/>\nA entrada e a sa\u00edda usam cabe\u00e7alho de pino de linha \u00fanica 2P, que \u00e9 conveniente para conectar<br \/>\nTamanho da placa PCB: 2,5 cm * 1,1 cm<br \/>\nCom indicador de energia (vermelho)<\/p>\n<\/div>\n","protected":false},"excerpt":{"rendered":"<p>Caracter\u00edsticas do produto: 1.Use materiais de alta qualidade, a qualidade \u00e9 garantida 2.Design de painel duplo, belo layout 3.Desempenho est\u00e1vel e f\u00e1cil de usar 4.M\u00f3dulo de estabiliza\u00e7\u00e3o de tens\u00e3o rica com interface de expans\u00e3o de energia 5.Ampla gama de aplica\u00e7\u00f5es Par\u00e2metro: 5V: Entrada: DC6V\u201412V (A tens\u00e3o de entrada deve ser superior a 1V maior que [&hellip;]<\/p>\n","protected":false},"featured_media":18787,"template":"","meta":[],"product_brand":[],"product_cat":[411,194],"product_tag":[],"class_list":{"0":"post-18786","1":"product","2":"type-product","3":"status-publish","4":"has-post-thumbnail","6":"product_cat-sem-categoria","7":"product_cat-reguladores-de-tensao","9":"entry","10":"has-media","12":"first","13":"instock","14":"shipping-taxable","15":"purchasable","16":"product-type-simple","17":"has-product-nav","18":"col","19":"span_1_of_3","20":"owp-content-center","21":"owp-thumbs-layout-horizontal","22":"owp-btn-normal","23":"owp-tabs-layout-horizontal"},"_links":{"self":[{"href":"https:\/\/arduxop.com.br\/loja\/wp-json\/wp\/v2\/product\/18786","targetHints":{"allow":["GET"]}}],"collection":[{"href":"https:\/\/arduxop.com.br\/loja\/wp-json\/wp\/v2\/product"}],"about":[{"href":"https:\/\/arduxop.com.br\/loja\/wp-json\/wp\/v2\/types\/product"}],"wp:featuredmedia":[{"embeddable":true,"href":"https:\/\/arduxop.com.br\/loja\/wp-json\/wp\/v2\/media\/18787"}],"wp:attachment":[{"href":"https:\/\/arduxop.com.br\/loja\/wp-json\/wp\/v2\/media?parent=18786"}],"wp:term":[{"taxonomy":"product_brand","embeddable":true,"href":"https:\/\/arduxop.com.br\/loja\/wp-json\/wp\/v2\/product_brand?post=18786"},{"taxonomy":"product_cat","embeddable":true,"href":"https:\/\/arduxop.com.br\/loja\/wp-json\/wp\/v2\/product_cat?post=18786"},{"taxonomy":"product_tag","embeddable":true,"href":"https:\/\/arduxop.com.br\/loja\/wp-json\/wp\/v2\/product_tag?post=18786"}],"curies":[{"name":"wp","href":"https:\/\/api.w.org\/{rel}","templated":true}]}}