{"id":18782,"date":"2025-08-13T16:16:01","date_gmt":"2025-08-13T20:16:01","guid":{"rendered":"https:\/\/arduxop.com.br\/loja\/?post_type=product&#038;p=18782"},"modified":"2025-08-13T16:53:47","modified_gmt":"2025-08-13T20:53:47","slug":"modulo-regulador-ams1117-3-3v","status":"publish","type":"product","link":"https:\/\/arduxop.com.br\/loja\/produto\/modulo-regulador-ams1117-3-3v\/","title":{"rendered":"M\u00f3dulo Regulador Ams1117 3.3v"},"content":{"rendered":"<div class=\"detailmodule_text\">\n<p class=\"detail-desc-decorate-title\" data-spm-anchor-id=\"a2g0o.detail.1000023.i1.13b3oNKXoNKXy8\"><strong>Caracter\u00edsticas do produto:<\/strong><\/p>\n<\/div>\n<div class=\"detailmodule_text\">\n<p class=\"detail-desc-decorate-content\" data-spm-anchor-id=\"a2g0o.detail.1000023.i2.13b3oNKXoNKXy8\">1.Use materiais de alta qualidade, a qualidade \u00e9 garantida<br \/>\n2.Design de painel duplo, belo layout<br \/>\n3.Desempenho est\u00e1vel e f\u00e1cil de usar<br \/>\n4.M\u00f3dulo de estabiliza\u00e7\u00e3o de tens\u00e3o rica com interface de expans\u00e3o de energia<br \/>\n5.Ampla gama de aplica\u00e7\u00f5es<\/p>\n<\/div>\n<div class=\"detailmodule_text\">\n<p class=\"detail-desc-decorate-title\" data-spm-anchor-id=\"a2g0o.detail.1000023.i3.13b3oNKXoNKXy8\"><strong>Par\u00e2metro:<\/strong><\/p>\n<\/div>\n<div class=\"detailmodule_text\">\n<p class=\"detail-desc-decorate-content\" data-spm-anchor-id=\"a2g0o.detail.1000023.i4.13b3oNKXoNKXy8\">3,3 V:<br \/>\nEntrada: DC4.5V-7V<br \/>\nA tens\u00e3o de entrada deve ser superior a 1V superior \u00e0 tens\u00e3o de sa\u00edda<br \/>\nSa\u00edda: 3,3 V 800 mA<br \/>\nA corrente de carga pode ser constante em mais de 800mA<br \/>\nTamanho do m\u00f3dulo: 8,6 mm * 12,33 mm<br \/>\nCom indicador de energia, queda baixa de 1,2 V.A entrada est\u00e1 apenas 1,2 V acima da sa\u00edda para operar normalmente.<\/p>\n<\/div>\n","protected":false},"excerpt":{"rendered":"<p>Caracter\u00edsticas do produto: 1.Use materiais de alta qualidade, a qualidade \u00e9 garantida 2.Design de painel duplo, belo layout 3.Desempenho est\u00e1vel e f\u00e1cil de usar 4.M\u00f3dulo de estabiliza\u00e7\u00e3o de tens\u00e3o rica com interface de expans\u00e3o de energia 5.Ampla gama de aplica\u00e7\u00f5es Par\u00e2metro: 3,3 V: Entrada: DC4.5V-7V A tens\u00e3o de entrada deve ser superior a 1V superior [&hellip;]<\/p>\n","protected":false},"featured_media":18783,"template":"","meta":[],"product_brand":[],"product_cat":[411,50,194],"product_tag":[],"class_list":{"0":"post-18782","1":"product","2":"type-product","3":"status-publish","4":"has-post-thumbnail","6":"product_cat-sem-categoria","7":"product_cat-modulos","8":"product_cat-reguladores-de-tensao","10":"entry","11":"has-media","13":"first","14":"instock","15":"shipping-taxable","16":"purchasable","17":"product-type-simple","18":"has-product-nav","19":"col","20":"span_1_of_3","21":"owp-content-center","22":"owp-thumbs-layout-horizontal","23":"owp-btn-normal","24":"owp-tabs-layout-horizontal"},"_links":{"self":[{"href":"https:\/\/arduxop.com.br\/loja\/wp-json\/wp\/v2\/product\/18782","targetHints":{"allow":["GET"]}}],"collection":[{"href":"https:\/\/arduxop.com.br\/loja\/wp-json\/wp\/v2\/product"}],"about":[{"href":"https:\/\/arduxop.com.br\/loja\/wp-json\/wp\/v2\/types\/product"}],"wp:featuredmedia":[{"embeddable":true,"href":"https:\/\/arduxop.com.br\/loja\/wp-json\/wp\/v2\/media\/18783"}],"wp:attachment":[{"href":"https:\/\/arduxop.com.br\/loja\/wp-json\/wp\/v2\/media?parent=18782"}],"wp:term":[{"taxonomy":"product_brand","embeddable":true,"href":"https:\/\/arduxop.com.br\/loja\/wp-json\/wp\/v2\/product_brand?post=18782"},{"taxonomy":"product_cat","embeddable":true,"href":"https:\/\/arduxop.com.br\/loja\/wp-json\/wp\/v2\/product_cat?post=18782"},{"taxonomy":"product_tag","embeddable":true,"href":"https:\/\/arduxop.com.br\/loja\/wp-json\/wp\/v2\/product_tag?post=18782"}],"curies":[{"name":"wp","href":"https:\/\/api.w.org\/{rel}","templated":true}]}}