{"id":18760,"date":"2025-08-06T11:21:59","date_gmt":"2025-08-06T15:21:59","guid":{"rendered":"https:\/\/arduxop.com.br\/loja\/?post_type=product&#038;p=18760"},"modified":"2025-08-06T11:21:59","modified_gmt":"2025-08-06T15:21:59","slug":"modulo-rele-5v-10a-usb-interruptor-de-controle-inteligente","status":"publish","type":"product","link":"https:\/\/arduxop.com.br\/loja\/produto\/modulo-rele-5v-10a-usb-interruptor-de-controle-inteligente\/","title":{"rendered":"M\u00f3dulo Rele 5V 10A USB Interruptor de controle inteligente"},"content":{"rendered":"<p id=\"tl_1\" data-spm-anchor-id=\"a2g0o.detail.1000023.i0.afd4przpprzpGw\">M\u00f3dulo de rel\u00e9 usb tipo LCUS-1 de 1 canal Conversor eletr\u00f4nico PCB USB Interruptor de controle inteligente Rel\u00e9 JQC-3FF-S-Z<\/p>\n<p id=\"tl_2\">Introdu\u00e7\u00e3o:<\/p>\n<p id=\"tl_3\">M\u00f3dulo de rel\u00e9 USB LCUS-1 equipado com desempenho est\u00e1vel USB para chip serial e micro controladores, o computador pode ser usado no software de depura\u00e7\u00e3o da porta serial para enviar comando de porta serial para controlar a ativa\u00e7\u00e3o e desativa\u00e7\u00e3o do rel\u00e9.<\/p>\n<p id=\"tl_4\">Par\u00e2metros do produto:<\/p>\n<ul>\n<li>\n<p id=\"tl_5\">Chip controlador: chip micro controlador integrado de alto desempenho<\/p>\n<\/li>\n<li>\n<p id=\"tl_6\">Chip de controle: chip de controle USB CH340 integrado<\/p>\n<\/li>\n<li>\n<p id=\"tl_7\">Indicador LED: LED de alimenta\u00e7\u00e3o integrado e LED de status do rel\u00e9<\/p>\n<\/li>\n<li>\n<p id=\"tl_8\">Rel\u00e9s: 5V, 10A \/ 250VAC integrados, rel\u00e9s 10A \/ 30VDC, longa vida \u00fatil do rel\u00e9, pode ser tra\u00e7\u00e3o cont\u00ednua de 10 milh\u00f5es<\/p>\n<\/li>\n<li>Fun\u00e7\u00e3o de prote\u00e7\u00e3o: com prote\u00e7\u00e3o contra sobrecorrente e prote\u00e7\u00e3o contra roda livre de diodo de rel\u00e9.\n<div id=\"tl_10\" data-spm-anchor-id=\"a2g0o.detail.1000023.i1.afd4przpprzpGw\">Protocolo de comuta\u00e7\u00e3o USB LC:<\/div>\n<div><\/div>\n<div id=\"tl_11\">Dados (1) &#8212; identidade inicial (o padr\u00e3o \u00e9 0xA0)<\/div>\n<div id=\"tl_12\">Dados (2) &#8212; c\u00f3digo de endere\u00e7o do switch (o padr\u00e3o \u00e9 0x01, identificando o primeiro switch de canal)<\/div>\n<div id=\"tl_13\">Dados (3) &#8212; Dados operacionais (0x00 a &#8220;Desligado&#8221;, 0x01 &#8220;On&#8221;)<\/div>\n<div id=\"tl_14\">Dados (4) &#8212; checksum<\/div>\n<div><\/div>\n<div id=\"tl_15\">Exemplo:<\/div>\n<div id=\"tl_16\">Interruptor USB aberto: A0 01 01 A2<\/div>\n<div id=\"tl_17\">Fechar interruptor USB: A0 01 00 A1<\/div>\n<div>\n<div><\/div>\n<p id=\"tl_18\">Opera\u00e7\u00e3o:<\/p>\n<p id=\"tl_19\">Passo 1: o m\u00f3dulo de rel\u00e9 USB no computador, instale CH340 USB para driver de chip serial<\/p>\n<div id=\"tl_20\">Passo 2: Abra o STC-ISP, software de depura\u00e7\u00e3o serial SSCOM32, selecione a taxa de transmiss\u00e3o de 9600, em formato hexadecimal (hex) para enviar A0 01 A2 para abrir o rel\u00e9; formato hexadecimal (hex) Envie A0 01 00 A1 para desligar o rel\u00e9, voc\u00ea pode optar por enviar manualmente ou automaticamente. O seguinte: Software de depura\u00e7\u00e3o serial SSCOM332, por exemplo:<\/div>\n<div>\n<p id=\"tl_21\">Enviar manualmente<\/p>\n<div id=\"tl_22\" data-spm-anchor-id=\"a2g0o.detail.1000023.i2.afd4przpprzpGw\">Selecione a taxa de transmiss\u00e3o 9600, verifique o \u201cenvio HEX\u201d, insira o comando A0 01 01 A2 ou A0 01 00 A1, ponto \u201cenviar\u201d, voc\u00ea pode ligar ou desligar o rel\u00e9<\/div>\n<p id=\"tl_23\">Enviar manualmente<\/p>\n<div id=\"tl_24\">Selecione a taxa de transmiss\u00e3o 9600, clique na interface SSCOM32 na \u201cexpans\u00e3o\u201d, digite o comando a0 01 01 A2 e A0 01 00 A1, verifique o \u201cEnvio HEX\u201d, entre no ciclo autom\u00e1tico para enviar o intervalo, verifique o \u201cloop autom\u00e1tico\u201d O rel\u00e9 pode ser automaticamente<\/div>\n<\/div>\n<\/div>\n<\/li>\n<\/ul>\n<p style=\"text-align: left;\">\n","protected":false},"excerpt":{"rendered":"<p>M\u00f3dulo de rel\u00e9 usb tipo LCUS-1 de 1 canal Conversor eletr\u00f4nico PCB USB Interruptor de controle inteligente Rel\u00e9 JQC-3FF-S-Z Introdu\u00e7\u00e3o: M\u00f3dulo de rel\u00e9 USB LCUS-1 equipado com desempenho est\u00e1vel USB para chip serial e micro controladores, o computador pode ser usado no software de depura\u00e7\u00e3o da porta serial para enviar comando de porta serial para [&hellip;]<\/p>\n","protected":false},"featured_media":18764,"template":"","meta":[],"product_brand":[],"product_cat":[411,50,177],"product_tag":[],"class_list":{"0":"post-18760","1":"product","2":"type-product","3":"status-publish","4":"has-post-thumbnail","6":"product_cat-sem-categoria","7":"product_cat-modulos","8":"product_cat-reles","10":"entry","11":"has-media","13":"first","14":"instock","15":"shipping-taxable","16":"purchasable","17":"product-type-simple","18":"has-product-nav","19":"col","20":"span_1_of_3","21":"owp-content-center","22":"owp-thumbs-layout-horizontal","23":"owp-btn-normal","24":"owp-tabs-layout-horizontal"},"_links":{"self":[{"href":"https:\/\/arduxop.com.br\/loja\/wp-json\/wp\/v2\/product\/18760","targetHints":{"allow":["GET"]}}],"collection":[{"href":"https:\/\/arduxop.com.br\/loja\/wp-json\/wp\/v2\/product"}],"about":[{"href":"https:\/\/arduxop.com.br\/loja\/wp-json\/wp\/v2\/types\/product"}],"wp:featuredmedia":[{"embeddable":true,"href":"https:\/\/arduxop.com.br\/loja\/wp-json\/wp\/v2\/media\/18764"}],"wp:attachment":[{"href":"https:\/\/arduxop.com.br\/loja\/wp-json\/wp\/v2\/media?parent=18760"}],"wp:term":[{"taxonomy":"product_brand","embeddable":true,"href":"https:\/\/arduxop.com.br\/loja\/wp-json\/wp\/v2\/product_brand?post=18760"},{"taxonomy":"product_cat","embeddable":true,"href":"https:\/\/arduxop.com.br\/loja\/wp-json\/wp\/v2\/product_cat?post=18760"},{"taxonomy":"product_tag","embeddable":true,"href":"https:\/\/arduxop.com.br\/loja\/wp-json\/wp\/v2\/product_tag?post=18760"}],"curies":[{"name":"wp","href":"https:\/\/api.w.org\/{rel}","templated":true}]}}