{"id":18755,"date":"2025-07-29T16:44:45","date_gmt":"2025-07-29T20:44:45","guid":{"rendered":"https:\/\/arduxop.com.br\/loja\/?post_type=product&#038;p=18755"},"modified":"2025-07-29T16:44:45","modified_gmt":"2025-07-29T20:44:45","slug":"teclado-sensor-touch-capacitivo-ttp223b-arduino","status":"publish","type":"product","link":"https:\/\/arduxop.com.br\/loja\/produto\/teclado-sensor-touch-capacitivo-ttp223b-arduino\/","title":{"rendered":"Teclado Sensor Touch Capacitivo Ttp223b Arduino"},"content":{"rendered":"<p>Especifica\u00e7\u00f5es:<\/p>\n<p>&#8211; Tens\u00e3o de opera\u00e7\u00e3o: 2-5,5V<br \/>\n&#8211; Sa\u00edda estado alto: 0,8V<br \/>\n&#8211; Sa\u00edda estado baixo: 0,3V<br \/>\n&#8211; Tempo de resposta: 220ms (estado baixo) e 60ms (estado alto)<br \/>\n&#8211; Dimens\u00f5es: 24 x 24 x 7,2mm<\/p>\n","protected":false},"excerpt":{"rendered":"<p>Especifica\u00e7\u00f5es: &#8211; Tens\u00e3o de opera\u00e7\u00e3o: 2-5,5V &#8211; Sa\u00edda estado alto: 0,8V &#8211; Sa\u00edda estado baixo: 0,3V &#8211; Tempo de resposta: 220ms (estado baixo) e 60ms (estado alto) &#8211; Dimens\u00f5es: 24 x 24 x 7,2mm<\/p>\n","protected":false},"featured_media":18756,"template":"","meta":[],"product_brand":[],"product_cat":[411,50,178],"product_tag":[],"class_list":{"0":"post-18755","1":"product","2":"type-product","3":"status-publish","4":"has-post-thumbnail","6":"product_cat-sem-categoria","7":"product_cat-modulos","8":"product_cat-sensores","10":"entry","11":"has-media","13":"first","14":"instock","15":"shipping-taxable","16":"purchasable","17":"product-type-simple","18":"has-product-nav","19":"col","20":"span_1_of_3","21":"owp-content-center","22":"owp-thumbs-layout-horizontal","23":"owp-btn-normal","24":"owp-tabs-layout-horizontal"},"_links":{"self":[{"href":"https:\/\/arduxop.com.br\/loja\/wp-json\/wp\/v2\/product\/18755","targetHints":{"allow":["GET"]}}],"collection":[{"href":"https:\/\/arduxop.com.br\/loja\/wp-json\/wp\/v2\/product"}],"about":[{"href":"https:\/\/arduxop.com.br\/loja\/wp-json\/wp\/v2\/types\/product"}],"wp:featuredmedia":[{"embeddable":true,"href":"https:\/\/arduxop.com.br\/loja\/wp-json\/wp\/v2\/media\/18756"}],"wp:attachment":[{"href":"https:\/\/arduxop.com.br\/loja\/wp-json\/wp\/v2\/media?parent=18755"}],"wp:term":[{"taxonomy":"product_brand","embeddable":true,"href":"https:\/\/arduxop.com.br\/loja\/wp-json\/wp\/v2\/product_brand?post=18755"},{"taxonomy":"product_cat","embeddable":true,"href":"https:\/\/arduxop.com.br\/loja\/wp-json\/wp\/v2\/product_cat?post=18755"},{"taxonomy":"product_tag","embeddable":true,"href":"https:\/\/arduxop.com.br\/loja\/wp-json\/wp\/v2\/product_tag?post=18755"}],"curies":[{"name":"wp","href":"https:\/\/api.w.org\/{rel}","templated":true}]}}