{"id":18747,"date":"2025-07-28T16:27:35","date_gmt":"2025-07-28T20:27:35","guid":{"rendered":"https:\/\/arduxop.com.br\/loja\/?post_type=product&#038;p=18747"},"modified":"2025-07-28T16:27:35","modified_gmt":"2025-07-28T20:27:35","slug":"placa-de-desenvolvimento-wemos-d1-esp32-wifi-bluetooth","status":"publish","type":"product","link":"https:\/\/arduxop.com.br\/loja\/produto\/placa-de-desenvolvimento-wemos-d1-esp32-wifi-bluetooth\/","title":{"rendered":"Placa de Desenvolvimento Wemos D1 Esp32 Wifi + Bluetooth"},"content":{"rendered":"<p>A Wemos D1 R32 \u00e9 uma placa de desenvolvimento com m\u00f3dulo ESP32 WiFi e Bluetooth integrado e mem\u00f3ria flash 4MB, compat\u00edvel com Arduino UNO. A Wemos D1 R2 possui o cl\u00e1ssico formato do Arduino UNO com pinagem similar. Isso significa que a placa parece e funciona como uma placa UNO, na maioria dos casos. Devido \u00e0 semelhan\u00e7a comum entre seu formato e pinagem, muitos dos Shields da UNO podem funcionar bem com esta placa sem modifica\u00e7\u00e3o. Equipada com conector micro USB, pode ser programada utilizando a IDE do Arduino. Ideal para projetos IoT (Internet das Coisas).<\/p>\n<p><strong>Caracter\u00edsticas:<\/strong><br \/>\nFormato de Arduino UNO<br \/>\nESP832 WiFi e Bluetooth integrado<br \/>\nInterface comum USB para serial CH340G (pode precisar de instala\u00e7\u00e3o de driver)<br \/>\nMicro-USB para energia e conectividade<br \/>\nConector DC Power Jack<br \/>\nI\/O digital e anal\u00f3gica<br \/>\nBot\u00e3o de reset<br \/>\nLED de funcionamento<\/p>\n<p><strong>Especifica\u00e7\u00f5es T\u00e9cnicas:<\/strong><br \/>\nPlaca Wemos D1 R32 ESP32 WiFi &#8211; Bluetooth<br \/>\nControlador ESP32-WROOM-32<br \/>\nBluetooth: V4.2 BR\/EDR &amp; BLE<br \/>\nRAM: 520KB<br \/>\nWifi: 802.11 b\/g\/n\/e\/i (802.11n at\u00e9 150 Mbps)<br \/>\n11 pinos digitais de I\/O<br \/>\n1 entrada anal\u00f3gica<br \/>\nN\u00edvel de sinal pinos de I\/O: 3.3V<br \/>\nConector micro usb para alimenta\u00e7\u00e3o e programa\u00e7\u00e3o<br \/>\nAlimenta\u00e7\u00e3o (Power Jack): 5 a 12V<br \/>\nCompat\u00edvel com Arduino<br \/>\nCH340G: Interface comum USB para serial<br \/>\nTens\u00e3o de Opera\u00e7\u00e3o: 3.3V<br \/>\nVelocidade de Clock: 240MHz<br \/>\nFlash: 4MB<br \/>\nTamanho: 70mm Largura x 54mm Profundidade x 13mm Altura<br \/>\nPeso: 55g<\/p>\n","protected":false},"excerpt":{"rendered":"<p>A Wemos D1 R32 \u00e9 uma placa de desenvolvimento com m\u00f3dulo ESP32 WiFi e Bluetooth integrado e mem\u00f3ria flash 4MB, compat\u00edvel com Arduino UNO. A Wemos D1 R2 possui o cl\u00e1ssico formato do Arduino UNO com pinagem similar. Isso significa que a placa parece e funciona como uma placa UNO, na maioria dos casos. Devido [&hellip;]<\/p>\n","protected":false},"featured_media":18748,"template":"","meta":[],"product_brand":[],"product_cat":[193,411,50,175,180],"product_tag":[],"class_list":{"0":"post-18747","1":"product","2":"type-product","3":"status-publish","4":"has-post-thumbnail","6":"product_cat-bluetooth","7":"product_cat-sem-categoria","8":"product_cat-modulos","9":"product_cat-placas","10":"product_cat-wifi","12":"entry","13":"has-media","15":"first","16":"instock","17":"shipping-taxable","18":"purchasable","19":"product-type-simple","20":"has-product-nav","21":"col","22":"span_1_of_3","23":"owp-content-center","24":"owp-thumbs-layout-horizontal","25":"owp-btn-normal","26":"owp-tabs-layout-horizontal"},"_links":{"self":[{"href":"https:\/\/arduxop.com.br\/loja\/wp-json\/wp\/v2\/product\/18747","targetHints":{"allow":["GET"]}}],"collection":[{"href":"https:\/\/arduxop.com.br\/loja\/wp-json\/wp\/v2\/product"}],"about":[{"href":"https:\/\/arduxop.com.br\/loja\/wp-json\/wp\/v2\/types\/product"}],"wp:featuredmedia":[{"embeddable":true,"href":"https:\/\/arduxop.com.br\/loja\/wp-json\/wp\/v2\/media\/18748"}],"wp:attachment":[{"href":"https:\/\/arduxop.com.br\/loja\/wp-json\/wp\/v2\/media?parent=18747"}],"wp:term":[{"taxonomy":"product_brand","embeddable":true,"href":"https:\/\/arduxop.com.br\/loja\/wp-json\/wp\/v2\/product_brand?post=18747"},{"taxonomy":"product_cat","embeddable":true,"href":"https:\/\/arduxop.com.br\/loja\/wp-json\/wp\/v2\/product_cat?post=18747"},{"taxonomy":"product_tag","embeddable":true,"href":"https:\/\/arduxop.com.br\/loja\/wp-json\/wp\/v2\/product_tag?post=18747"}],"curies":[{"name":"wp","href":"https:\/\/api.w.org\/{rel}","templated":true}]}}