{"id":18737,"date":"2025-07-11T15:58:44","date_gmt":"2025-07-11T19:58:44","guid":{"rendered":"https:\/\/arduxop.com.br\/loja\/?post_type=product&#038;p=18737"},"modified":"2025-07-11T15:59:11","modified_gmt":"2025-07-11T19:59:11","slug":"potenciometro-rv24yn20s-100k","status":"publish","type":"product","link":"https:\/\/arduxop.com.br\/loja\/produto\/potenciometro-rv24yn20s-100k\/","title":{"rendered":"Potenci\u00f4metro RV24YN20S \u2013 100K B104"},"content":{"rendered":"<p>Di\u00e2metro do Eixo: 6 mm;<br \/>\nComprimento total do eixo: 20mm<br \/>\nDi\u00e2metro externo: 24mm<br \/>\nResist\u00eancia do filme de carbono: 100K +\/- 10%<br \/>\n\u00e2ngulo de ajuste mec\u00e2nico: 300 \u00b0<br \/>\nfaixa de temperatura:-10 \u00b0 C a 10 85 \u00b0 C<br \/>\npot\u00eancia: 2W<\/p>\n","protected":false},"excerpt":{"rendered":"<p>Di\u00e2metro do Eixo: 6 mm; Comprimento total do eixo: 20mm Di\u00e2metro externo: 24mm Resist\u00eancia do filme de carbono: 100K +\/- 10% \u00e2ngulo de ajuste mec\u00e2nico: 300 \u00b0 faixa de temperatura:-10 \u00b0 C a 10 85 \u00b0 C pot\u00eancia: 2W<\/p>\n","protected":false},"featured_media":18725,"template":"","meta":[],"product_brand":[],"product_cat":[45,411],"product_tag":[],"class_list":{"0":"post-18737","1":"product","2":"type-product","3":"status-publish","4":"has-post-thumbnail","6":"product_cat-componentes","7":"product_cat-sem-categoria","9":"entry","10":"has-media","12":"first","13":"instock","14":"shipping-taxable","15":"purchasable","16":"product-type-simple","17":"has-product-nav","18":"col","19":"span_1_of_3","20":"owp-content-center","21":"owp-thumbs-layout-horizontal","22":"owp-btn-normal","23":"owp-tabs-layout-horizontal"},"_links":{"self":[{"href":"https:\/\/arduxop.com.br\/loja\/wp-json\/wp\/v2\/product\/18737","targetHints":{"allow":["GET"]}}],"collection":[{"href":"https:\/\/arduxop.com.br\/loja\/wp-json\/wp\/v2\/product"}],"about":[{"href":"https:\/\/arduxop.com.br\/loja\/wp-json\/wp\/v2\/types\/product"}],"wp:featuredmedia":[{"embeddable":true,"href":"https:\/\/arduxop.com.br\/loja\/wp-json\/wp\/v2\/media\/18725"}],"wp:attachment":[{"href":"https:\/\/arduxop.com.br\/loja\/wp-json\/wp\/v2\/media?parent=18737"}],"wp:term":[{"taxonomy":"product_brand","embeddable":true,"href":"https:\/\/arduxop.com.br\/loja\/wp-json\/wp\/v2\/product_brand?post=18737"},{"taxonomy":"product_cat","embeddable":true,"href":"https:\/\/arduxop.com.br\/loja\/wp-json\/wp\/v2\/product_cat?post=18737"},{"taxonomy":"product_tag","embeddable":true,"href":"https:\/\/arduxop.com.br\/loja\/wp-json\/wp\/v2\/product_tag?post=18737"}],"curies":[{"name":"wp","href":"https:\/\/api.w.org\/{rel}","templated":true}]}}