{"id":1872,"date":"2018-01-16T11:28:34","date_gmt":"2018-01-16T13:28:34","guid":{"rendered":"https:\/\/arduxop.com.br\/loja\/produto\/voltimetro-amperimetro-digital-dc-100v-10a\/"},"modified":"2024-07-25T07:56:52","modified_gmt":"2024-07-25T11:56:52","slug":"voltimetro-amperimetro-digital-dc-100v-10a","status":"publish","type":"product","link":"https:\/\/arduxop.com.br\/loja\/produto\/voltimetro-amperimetro-digital-dc-100v-10a\/","title":{"rendered":"Volt\u00edmetro Amper\u00edmetro"},"content":{"rendered":"<p class=\"p_justify\">&#8211; O <strong>Volt\u00edmetro Digital com Amper\u00edmetro <\/strong>conta com um display duplo de 3 d\u00edgitos \u00e9 um equipamento com ilumina\u00e7\u00e3o em led vermelho e azul, que tem como objetivo realizar medi\u00e7\u00f5es de tens\u00e3o entre 0 a 100V em caso de tens\u00e3o cont\u00ednua, e de at\u00e9 10A em caso de corrente cont\u00ednua, nos mais diversificados casos.<br \/>\n&#8211; Comumente o <strong>Volt\u00edmetro\u00a0Digital com Amper\u00edmetro<\/strong>\u00a0\u00e9 utilizado em sua maior parte no ramo automotivo, j\u00e1 que \u00e9 capaz de executar medi\u00e7\u00f5es em tempo real e constatar instantaneamente algum dano, defeito ou perda bruta de energia dos componentes aos quais o amper\u00edmetro e volt\u00edmetro digital estiverem ligados.<br \/>\n&#8211; O <strong>Volt\u00edmetro\u00a0Digital com Amper\u00edmetro\u00a0<\/strong>tamb\u00e9m \u00e9 muito utilizado por hobistas em projetos de fonte de alimenta\u00e7\u00e3o, os quais procuram um melhor m\u00e9todo para controlar e verificar a tens\u00e3o e a corrente dos equipamentos em teste.<br \/>\n&#8211; Este <strong>Amper\u00edmetro e Volt\u00edmetro Digital<\/strong> \u00e9 um equipamento de boa estabilidade e com uma medi\u00e7\u00e3o precisa, n\u00e3o esquecendo de exaltar ainda a facilidade que tem-se durante a sua instala\u00e7\u00e3o.<br \/>\n&#8211; O <strong>Volt\u00edmetro\u00a0Digital com Amper\u00edmetro<\/strong>\u00a0se diferencia dos demais pelo seu baixo consumo de energia, sendo necess\u00e1rio uma bateria ou qualquer outro elemento el\u00e9trico que funciona como fonte de energia.<br \/>\n&#8211; Al\u00e9m disto um dos diferenciais deste <strong>amper\u00edmetro e volt\u00edmetro <\/strong>digital \u00e9 seu resistor <em>Shunt<\/em> que permite que a entrada de corrente negativa passe de um ponto do circuito para outro ponto de sa\u00edda de corrente negativa, criando assim, um caminho de baixa resist\u00eancia.<br \/>\n&#8211; O <strong>Volt\u00edmetro\u00a0Digital com Amper\u00edmetro\u00a0<\/strong>\u00e9 um equipamento de extrema praticidade e de f\u00e1cil instala\u00e7\u00e3o que pode substituir o uso do mult\u00edmetro em medi\u00e7\u00f5es de voltagem e amperagem, por exemplo, em uma leitura r\u00e1pida do seu dia-a-dia.<\/p>\n<p class=\"p_justify\">\n<img decoding=\"async\" class=\"imageFloatLeft\" src=\"https:\/\/static.usinainfo.com.br\/1005629-infografico\/voltimetro-digital-com-amperimetro-10a-0-a-100vdc-vermelhoazul-.jpg\" alt=\"\" \/><\/p>\n<p><a name=\"caract\"><\/a><\/p>\n<p><span id=\"product_carac\"><b class=\"product_title_interno\">CARACTER\u00cdSTICAS:<\/b><br \/>\n&#8211; Volt\u00edmetro\u00a0Digital com Amper\u00edmetro;<br \/>\n&#8211; Display duplo de 3 d\u00edgitos;<br \/>\n&#8211; Realiza medi\u00e7\u00e3o de tens\u00e3o e corrente cont\u00ednua;<br \/>\n&#8211; Executa medi\u00e7\u00f5es em tempo real;<br \/>\n&#8211; Facilidade de leitura, instala\u00e7\u00e3o e usabilidade;<br \/>\n&#8211; Baixo consumo de energia;<br \/>\n&#8211; OBS.: Havendo diversidade na posi\u00e7\u00e3o dos fios, obede\u00e7a as cores;<br \/>\n&#8211;\u00a0OBS.: Em alguns casos o fio amarelo (sa\u00edda de corrente negativa) pode ser substitu\u00eddo por um fio na cor azul.<\/span><\/p>\n<p><span id=\"product_specification\"><b class=\"product_title_interno\">ESPECIFICA\u00c7\u00d5ES:<\/b><br \/>\n&#8211; N\u00famero de d\u00edgitos: 3;<br \/>\n&#8211; Cor do LED: azul e vermelho;<br \/>\n&#8211; Faixa de medi\u00e7\u00e3o Tens\u00e3o cont\u00ednua: 0 a 100VDC;<br \/>\n&#8211; Faixa de medi\u00e7\u00e3o Corrente cont\u00ednua: 0 a 10A;<br \/>\n&#8211; Comprimento do fio: ~140mm;<br \/>\n&#8211; Dimens\u00e3o (CxLxA): 48x28x22mm;<br \/>\n&#8211; Peso: 21g.<\/span><br \/>\n&#8212;&#8212;&#8212;&#8212;&#8212;&#8212;&#8212;&#8212;&#8212;&#8212;&#8212;&#8212;&#8212;&#8212;&#8212;&#8212;&#8212;&#8212;&#8212;&#8212;&#8212;&#8212;&#8212;&#8212;&#8212;&#8212;&#8212;&#8212;&#8212;&#8212;&#8212;&#8212;&#8212;&#8212;&#8212;&#8212;&#8211;<\/p>\n<p>Volt\u00edmetro E Amper\u00edmetro Digital Dc 100v X 10a<\/p>\n<p>Descri\u00e7\u00e3o:<br \/>\n<span style=\"color: #ff0000\"><strong>tens\u00e3o de funcionamento: 4.5 &#8211; 5,0 V DC<\/strong><\/span><br \/>\ncorrente de trabalho: =20mA<br \/>\nDisplay: 0.28 &#8221; de Duas cores azul e vermelho<br \/>\nfaixa de medi\u00e7\u00e3o: DC 0-100 V 0-10A<br \/>\nresolu\u00e7\u00e3o m\u00ednima (V): 0.1 V<br \/>\ntaxa de atualiza\u00e7\u00e3o: =100mS\/vezes<br \/>\nmedir precis\u00e3o: 1% (\u00b1 1 d\u00edgito)<br \/>\nresolu\u00e7\u00e3o m\u00ednima (A): 0.01A<br \/>\ntemperatura de opera\u00e7\u00e3o:-15 a 70 \u00b0 c<br \/>\npress\u00e3o de trabalho: 80 a 106 kPa<br \/>\ntamanho: 47 \u00d7 28 \u00d7 16mm\/1.85*1.10*0.63 &#8221;<br \/>\nPeso l\u00edquido: 19g<br \/>\npeso: 29g<\/p>\n","protected":false},"excerpt":{"rendered":"<p>Volt\u00edmetro Amper\u00edmetro Digital Dc 100V 10A<\/p>\n","protected":false},"featured_media":1878,"template":"","meta":[],"product_brand":[],"product_cat":[196,197],"product_tag":[],"class_list":{"0":"post-1872","1":"product","2":"type-product","3":"status-publish","4":"has-post-thumbnail","6":"product_cat-medidores","7":"product_cat-volt-amperes","9":"entry","10":"has-media","12":"first","13":"instock","14":"sold-individually","15":"purchasable","16":"product-type-simple","17":"has-product-nav","18":"col","19":"span_1_of_3","20":"owp-content-center","21":"owp-thumbs-layout-horizontal","22":"owp-btn-normal","23":"owp-tabs-layout-horizontal"},"_links":{"self":[{"href":"https:\/\/arduxop.com.br\/loja\/wp-json\/wp\/v2\/product\/1872","targetHints":{"allow":["GET"]}}],"collection":[{"href":"https:\/\/arduxop.com.br\/loja\/wp-json\/wp\/v2\/product"}],"about":[{"href":"https:\/\/arduxop.com.br\/loja\/wp-json\/wp\/v2\/types\/product"}],"wp:featuredmedia":[{"embeddable":true,"href":"https:\/\/arduxop.com.br\/loja\/wp-json\/wp\/v2\/media\/1878"}],"wp:attachment":[{"href":"https:\/\/arduxop.com.br\/loja\/wp-json\/wp\/v2\/media?parent=1872"}],"wp:term":[{"taxonomy":"product_brand","embeddable":true,"href":"https:\/\/arduxop.com.br\/loja\/wp-json\/wp\/v2\/product_brand?post=1872"},{"taxonomy":"product_cat","embeddable":true,"href":"https:\/\/arduxop.com.br\/loja\/wp-json\/wp\/v2\/product_cat?post=1872"},{"taxonomy":"product_tag","embeddable":true,"href":"https:\/\/arduxop.com.br\/loja\/wp-json\/wp\/v2\/product_tag?post=1872"}],"curies":[{"name":"wp","href":"https:\/\/api.w.org\/{rel}","templated":true}]}}