{"id":18714,"date":"2025-07-09T11:45:05","date_gmt":"2025-07-09T15:45:05","guid":{"rendered":"https:\/\/arduxop.com.br\/loja\/?post_type=product&#038;p=18714"},"modified":"2025-07-09T11:45:05","modified_gmt":"2025-07-09T15:45:05","slug":"sensor-piezo-eletrico-15mm","status":"publish","type":"product","link":"https:\/\/arduxop.com.br\/loja\/produto\/sensor-piezo-eletrico-15mm\/","title":{"rendered":"Sensor Piezo El\u00e9trico  15mm"},"content":{"rendered":"<p>Este tipo de sensor \u00e9 ideal para detectar vibra\u00e7\u00f5es ou um toque. Voc\u00ea pode detectar este tipo de vibra\u00e7\u00e3o facilmente utilizando a tens\u00e3o da sa\u00edda. Eles tamb\u00e9m podem ser usados como transdutores de \u00e1udio bem pequenos, como buzzers. Este piezo vai sem fios soldados. \u00c9 necess\u00e1rio que voc\u00ea solde os fios, um na extremidade met\u00e1lica (polo negativo) e outro na parte branca central (polo positivo). Importante: ao soldar na parte branca utilize o ferro de solda rapidamente ou deixe ele com no m\u00e1ximo 200\u00baC. Di\u00e2metro da pastilha: 15mm.<\/p>\n","protected":false},"excerpt":{"rendered":"<p>Este tipo de sensor \u00e9 ideal para detectar vibra\u00e7\u00f5es ou um toque. Voc\u00ea pode detectar este tipo de vibra\u00e7\u00e3o facilmente utilizando a tens\u00e3o da sa\u00edda. Eles tamb\u00e9m podem ser usados como transdutores de \u00e1udio bem pequenos, como buzzers. Este piezo vai sem fios soldados. \u00c9 necess\u00e1rio que voc\u00ea solde os fios, um na extremidade met\u00e1lica [&hellip;]<\/p>\n","protected":false},"featured_media":18715,"template":"","meta":[],"product_brand":[],"product_cat":[411],"product_tag":[],"class_list":{"0":"post-18714","1":"product","2":"type-product","3":"status-publish","4":"has-post-thumbnail","6":"product_cat-sem-categoria","8":"entry","9":"has-media","11":"first","12":"instock","13":"shipping-taxable","14":"purchasable","15":"product-type-simple","16":"has-product-nav","17":"col","18":"span_1_of_3","19":"owp-content-center","20":"owp-thumbs-layout-horizontal","21":"owp-btn-normal","22":"owp-tabs-layout-horizontal"},"_links":{"self":[{"href":"https:\/\/arduxop.com.br\/loja\/wp-json\/wp\/v2\/product\/18714","targetHints":{"allow":["GET"]}}],"collection":[{"href":"https:\/\/arduxop.com.br\/loja\/wp-json\/wp\/v2\/product"}],"about":[{"href":"https:\/\/arduxop.com.br\/loja\/wp-json\/wp\/v2\/types\/product"}],"wp:featuredmedia":[{"embeddable":true,"href":"https:\/\/arduxop.com.br\/loja\/wp-json\/wp\/v2\/media\/18715"}],"wp:attachment":[{"href":"https:\/\/arduxop.com.br\/loja\/wp-json\/wp\/v2\/media?parent=18714"}],"wp:term":[{"taxonomy":"product_brand","embeddable":true,"href":"https:\/\/arduxop.com.br\/loja\/wp-json\/wp\/v2\/product_brand?post=18714"},{"taxonomy":"product_cat","embeddable":true,"href":"https:\/\/arduxop.com.br\/loja\/wp-json\/wp\/v2\/product_cat?post=18714"},{"taxonomy":"product_tag","embeddable":true,"href":"https:\/\/arduxop.com.br\/loja\/wp-json\/wp\/v2\/product_tag?post=18714"}],"curies":[{"name":"wp","href":"https:\/\/api.w.org\/{rel}","templated":true}]}}