{"id":18709,"date":"2025-07-09T10:15:52","date_gmt":"2025-07-09T14:15:52","guid":{"rendered":"https:\/\/arduxop.com.br\/loja\/?post_type=product&#038;p=18709"},"modified":"2025-07-09T10:15:52","modified_gmt":"2025-07-09T14:15:52","slug":"modulo-sensor-reflexivo-infravermelho-tcrt5000-para-arduino-esp32-carro-inteligente","status":"publish","type":"product","link":"https:\/\/arduxop.com.br\/loja\/produto\/modulo-sensor-reflexivo-infravermelho-tcrt5000-para-arduino-esp32-carro-inteligente\/","title":{"rendered":"M\u00f3dulo Sensor Reflexivo Infravermelho TCRT5000 para Arduino ESP32 carro inteligente"},"content":{"rendered":"<p><strong>Caracter\u00edsticas:<\/strong><br \/>\n<span data-spm-anchor-id=\"a2g0o.detail.1000023.i0.661bgPGngPGnlp\">Este m\u00f3dulo fornece solu\u00e7\u00f5es vers\u00e1teis para sistemas de detec\u00e7\u00e3o infravermelha para dispositivos de m\u00e1quinas de automa\u00e7\u00e3o.<\/span><br \/>\nEle usa o sensor de reflex\u00e3o infravermelho TCRT5000 cujos diodos emissores de infravermelho emitem constantemente raios infravermelhos.<br \/>\nQuando o feixe infravermelho emitido n\u00e3o \u00e9 refletido ou a intensidade n\u00e3o \u00e9 alta o suficiente, o tubo receptor infravermelho est\u00e1 desligado e o m\u00f3dulo tem um n\u00edvel baixo, ao mesmo tempo que indica que o diodo est\u00e1 desligado.<br \/>\nQuando o objeto est\u00e1 dentro da faixa de detec\u00e7\u00e3o, o feixe infravermelho de alta intensidade \u00e9 saltado, o m\u00f3dulo desempenha um n\u00edvel alto e o diodo indicador est\u00e1 ligado.<br \/>\nAmplamente utilizado para amostragem de dados de pulso de medidores de eletricidade, detec\u00e7\u00e3o de papel de aparelhos de fax, detec\u00e7\u00e3o de obst\u00e1culos, detec\u00e7\u00e3o de linhas pretas e brancas.<\/p>\n<p><strong>Especifica\u00e7\u00e3o:<\/strong><br \/>\nFaixa reflexiva de detec\u00e7\u00e3o: 1 mm ~ 25 mm<br \/>\n<span data-spm-anchor-id=\"a2g0o.detail.1000023.i2.661bgPGngPGnlp\">Tens\u00e3o de funcionamento: 5V<\/span><br \/>\nForma inicial: sinal digital (0 e 1)<br \/>\nTamanho do PCB: 3,5 * 1 cm \/ 1,4 * 0,4 polegadas<br \/>\nPeso: 8g\/0,3 on\u00e7as (aprox.)<\/p>\n<p><strong>M\u00e9todo de fia\u00e7\u00e3o:<\/strong><br \/>\nVCC: Fonte de alimenta\u00e7\u00e3o positiva (5V)<br \/>\nGDN: fonte de alimenta\u00e7\u00e3o negativa<br \/>\nOUT: Sinal liga-desliga de n\u00edvel alto\/baixo (sinal digital 0 e 1)<\/p>\n<div id=\"nav-description\" class=\"description--wrap--LscZ0He\">\n<div class=\"extend--wrap--yXwoDbO\">\n<div class=\"extend--content--VuIQZia\">\n<div id=\"product-description\" class=\"description--product-description--Mjtql28\" data-spm=\"1000023\" data-pl=\"product-description\">\n<div class=\"description--seoDesc--HH6oTD3\" data-pl=\"seo-description\">\n<p><strong>** Capacidades Sensing Avan\u00e7adas **<\/strong><\/p>\n<p>Com sua avan\u00e7ada tecnologia de rastreamento infravermelho, este m\u00f3dulo sensor \u00e9 capaz de detectar objetos dentro de uma faixa de 1mm a 25mm, tornando-o adequado para uma variedade de tarefas. Se voc\u00ea est\u00e1 olhando para construir um carro inteligente que pode detectar obst\u00e1culos ou um rob\u00f4 que pode navegar atrav\u00e9s de linhas preto e branco, este m\u00f3dulo sensor tem voc\u00ea coberto. A sa\u00edda de sinal digital (0 e 1) garante uma comunica\u00e7\u00e3o clara com seu micro controlador, tornando-o um componente confi\u00e1vel para qualquer projeto.<\/p>\n<p>&nbsp;<\/p>\n<p><strong>** F\u00e1cil integra\u00e7\u00e3o e compatibilidade **<\/strong><\/p>\n<p>O TCRT5000 Infrared Reflection Tracking Sensor Module \u00e9 projetado para f\u00e1cil integra\u00e7\u00e3o com as plataformas Arduino e ESP32, tornando-se um componente para desenvolvedores e amadores. O m\u00e9todo da fia\u00e7\u00e3o do m\u00f3dulo \u00e9 direto, com VCC para a fonte de alimenta\u00e7\u00e3o positiva, GDN para a fonte de alimenta\u00e7\u00e3o negativa, e OUT para o n\u00edvel alto\/baixo-fora o sinal. Essa compatibilidade e facilidade de uso tornam a escolha ideal para aqueles que procuram adicionar recursos de detec\u00e7\u00e3o de infravermelho aos seus projetos sem o inc\u00f4modo de configura\u00e7\u00f5es complexas.<\/p>\n<\/div>\n<\/div>\n<\/div>\n<\/div>\n<\/div>\n","protected":false},"excerpt":{"rendered":"<p>Caracter\u00edsticas: Este m\u00f3dulo fornece solu\u00e7\u00f5es vers\u00e1teis para sistemas de detec\u00e7\u00e3o infravermelha para dispositivos de m\u00e1quinas de automa\u00e7\u00e3o. Ele usa o sensor de reflex\u00e3o infravermelho TCRT5000 cujos diodos emissores de infravermelho emitem constantemente raios infravermelhos. Quando o feixe infravermelho emitido n\u00e3o \u00e9 refletido ou a intensidade n\u00e3o \u00e9 alta o suficiente, o tubo receptor infravermelho est\u00e1 [&hellip;]<\/p>\n","protected":false},"featured_media":18710,"template":"","meta":[],"product_brand":[],"product_cat":[47,50,178],"product_tag":[],"class_list":{"0":"post-18709","1":"product","2":"type-product","3":"status-publish","4":"has-post-thumbnail","6":"product_cat-diversos","7":"product_cat-modulos","8":"product_cat-sensores","10":"entry","11":"has-media","13":"first","14":"instock","15":"shipping-taxable","16":"purchasable","17":"product-type-simple","18":"has-product-nav","19":"col","20":"span_1_of_3","21":"owp-content-center","22":"owp-thumbs-layout-horizontal","23":"owp-btn-normal","24":"owp-tabs-layout-horizontal"},"_links":{"self":[{"href":"https:\/\/arduxop.com.br\/loja\/wp-json\/wp\/v2\/product\/18709","targetHints":{"allow":["GET"]}}],"collection":[{"href":"https:\/\/arduxop.com.br\/loja\/wp-json\/wp\/v2\/product"}],"about":[{"href":"https:\/\/arduxop.com.br\/loja\/wp-json\/wp\/v2\/types\/product"}],"wp:featuredmedia":[{"embeddable":true,"href":"https:\/\/arduxop.com.br\/loja\/wp-json\/wp\/v2\/media\/18710"}],"wp:attachment":[{"href":"https:\/\/arduxop.com.br\/loja\/wp-json\/wp\/v2\/media?parent=18709"}],"wp:term":[{"taxonomy":"product_brand","embeddable":true,"href":"https:\/\/arduxop.com.br\/loja\/wp-json\/wp\/v2\/product_brand?post=18709"},{"taxonomy":"product_cat","embeddable":true,"href":"https:\/\/arduxop.com.br\/loja\/wp-json\/wp\/v2\/product_cat?post=18709"},{"taxonomy":"product_tag","embeddable":true,"href":"https:\/\/arduxop.com.br\/loja\/wp-json\/wp\/v2\/product_tag?post=18709"}],"curies":[{"name":"wp","href":"https:\/\/api.w.org\/{rel}","templated":true}]}}