{"id":18704,"date":"2025-07-08T11:06:32","date_gmt":"2025-07-08T15:06:32","guid":{"rendered":"https:\/\/arduxop.com.br\/loja\/?post_type=product&#038;p=18704"},"modified":"2025-07-08T11:07:21","modified_gmt":"2025-07-08T15:07:21","slug":"modulo-bluetooth-hc-06-2","status":"publish","type":"product","link":"https:\/\/arduxop.com.br\/loja\/produto\/modulo-bluetooth-hc-06-2\/","title":{"rendered":"M\u00f3dulo Bluetooth HC-06"},"content":{"rendered":"<p style=\"text-align: left;\">O <strong>m\u00f3dulo BLUETOOTH-RS232 HC-06<\/strong> permite enviar e receber dados atrav\u00e9s da tecnologia Bluetooth sem conectar um cabo serial para computador ou micro controlador. Este m\u00f3dulo pode ser conectado a qualquer dispositivo que possua comunica\u00e7\u00e3o serial, tais como mouse, teclado, joystick, computadores, micro controladores, receptor GPS, controladores de equipamentos industriais e muito outros. Acrescente aos seus projetos eletr\u00f4nicos micro controlados (Arduino\/PIC\/AVR) a comunica\u00e7\u00e3o bluetooth usando esse m\u00f3dulo.<\/p>\n<p style=\"text-align: left;\"><strong>CARACTER\u00cdSTICAS:<\/strong><\/p>\n<p>PROTOCOLO BLUETOOTH:\u00a0V2.0+EDR<br \/>\nFREQU\u00caNCIA:\u00a02.4Ghz Banda ISM<br \/>\nMODULA\u00c7\u00c3O:\u00a0GFSK<br \/>\nPOT\u00caNCIA:\u00a0=4dBm, Class 2<br \/>\nSENSIBILIDADE:\u00a0=-84dBm at 0.1% BER<br \/>\nVELOCIDADE:\u00a0Ass\u00edncrona: 2.1Mbps(Max) \/ 160 kbps, S\u00edncrona: 1Mbps\/1Mbps<br \/>\nSEGURAN\u00c7A:\u00a0Autentica\u00e7\u00e3o e encriptografia<br \/>\nTENS\u00c3O:\u00a03,6V a 6V<br \/>\nTEMPERATURA DE TRABALHO:\u00a0-20\u00b0C ~+75\u00b0<br \/>\nTIPO DE COMUNICA\u00c7\u00c3O:\u00a0USART &#8211; Serial RS232 n\u00edvel TTL<br \/>\nVELOCIDADE DE COMUNICA\u00c7\u00c3O:\u00a09600 (padr\u00e3o), mas pode ser configurado para: 38400,19200,38400,57600,115200,230400,460800<br \/>\nSENHA PADR\u00c3O:\u00a01234<br \/>\nCOMANDOS:\u00a0AT<br \/>\nDIMENS\u00d5ES:\u00a03.57cm x 1.52cm<\/p>\n","protected":false},"excerpt":{"rendered":"<p>O m\u00f3dulo BLUETOOTH-RS232 HC-06 permite enviar e receber dados atrav\u00e9s da tecnologia Bluetooth sem conectar um cabo serial para computador ou micro controlador. Este m\u00f3dulo pode ser conectado a qualquer dispositivo que possua comunica\u00e7\u00e3o serial, tais como mouse, teclado, joystick, computadores, micro controladores, receptor GPS, controladores de equipamentos industriais e muito outros. Acrescente aos seus [&hellip;]<\/p>\n","protected":false},"featured_media":18706,"template":"","meta":[],"product_brand":[],"product_cat":[193,47,50,409],"product_tag":[],"class_list":{"0":"post-18704","1":"product","2":"type-product","3":"status-publish","4":"has-post-thumbnail","6":"product_cat-bluetooth","7":"product_cat-diversos","8":"product_cat-modulos","9":"product_cat-robotica","11":"entry","12":"has-media","14":"first","15":"instock","16":"shipping-taxable","17":"purchasable","18":"product-type-simple","19":"has-product-nav","20":"col","21":"span_1_of_3","22":"owp-content-center","23":"owp-thumbs-layout-horizontal","24":"owp-btn-normal","25":"owp-tabs-layout-horizontal"},"_links":{"self":[{"href":"https:\/\/arduxop.com.br\/loja\/wp-json\/wp\/v2\/product\/18704","targetHints":{"allow":["GET"]}}],"collection":[{"href":"https:\/\/arduxop.com.br\/loja\/wp-json\/wp\/v2\/product"}],"about":[{"href":"https:\/\/arduxop.com.br\/loja\/wp-json\/wp\/v2\/types\/product"}],"wp:featuredmedia":[{"embeddable":true,"href":"https:\/\/arduxop.com.br\/loja\/wp-json\/wp\/v2\/media\/18706"}],"wp:attachment":[{"href":"https:\/\/arduxop.com.br\/loja\/wp-json\/wp\/v2\/media?parent=18704"}],"wp:term":[{"taxonomy":"product_brand","embeddable":true,"href":"https:\/\/arduxop.com.br\/loja\/wp-json\/wp\/v2\/product_brand?post=18704"},{"taxonomy":"product_cat","embeddable":true,"href":"https:\/\/arduxop.com.br\/loja\/wp-json\/wp\/v2\/product_cat?post=18704"},{"taxonomy":"product_tag","embeddable":true,"href":"https:\/\/arduxop.com.br\/loja\/wp-json\/wp\/v2\/product_tag?post=18704"}],"curies":[{"name":"wp","href":"https:\/\/api.w.org\/{rel}","templated":true}]}}