{"id":18697,"date":"2025-07-04T16:37:37","date_gmt":"2025-07-04T20:37:37","guid":{"rendered":"https:\/\/arduxop.com.br\/loja\/?post_type=product&#038;p=18697"},"modified":"2025-07-04T16:37:38","modified_gmt":"2025-07-04T20:37:38","slug":"sensor-de-deteccao-fotoresistor-xh-m131-5v-12v-e-24v","status":"publish","type":"product","link":"https:\/\/arduxop.com.br\/loja\/produto\/sensor-de-deteccao-fotoresistor-xh-m131-5v-12v-e-24v\/","title":{"rendered":"Sensor De Detec\u00e7\u00e3o Fotoresistor XH-M131 5V, 12V E 24V"},"content":{"rendered":"<p align=\"start\"><span data-spm-anchor-id=\"a2g0o.detail.1000023.i2.2652bHE4bHE4A1\">Usos:<\/span><\/p>\n<p align=\"start\"><span data-spm-anchor-id=\"a2g0o.detail.1000023.i1.2652bHE4bHE4A1\">Detec\u00e7\u00e3o de luz e detec\u00e7\u00e3o de brilho, a detec\u00e7\u00e3o pode ser ajustada atrav\u00e9s do ponto da v\u00e1lvula de brilho do potenci\u00f4metro vem com rel\u00e9s e fazer todos os tipos de interruptor de detec\u00e7\u00e3o de brilho, voc\u00ea pode controlar todos os tipos de luzes de rua ligadas automaticamente \u00e0 noite, durante o dia e desligam automaticamente e carro suprimentos equipamentos de controle e automa\u00e7\u00e3o.<\/span><\/p>\n<p align=\"start\">Recursos do m\u00f3dulo:<\/p>\n<p align=\"start\">1, usando a intensidade da luz de indu\u00e7\u00e3o do Fotoresistor vem com o rel\u00e9, carga de controle direto<\/p>\n<p align=\"start\">2, ajuste de sensibilidade do bit de distribui\u00e7\u00e3o, limite do rel\u00e9 inicial definido ajustando o potenci\u00f4metro, quando no escuro este limite, o rel\u00e9 do m\u00f3dulo \u00e9 energizado, acenda este limite, o rel\u00e9 \u00e9 liberado;<\/p>\n<p align=\"start\">A entrada de energia de 3,12 V foi projetada para o transistor regulador da placa de rel\u00e9 para fornecer sensor Usado para tornar o produto mais est\u00e1vel e confi\u00e1vel;<\/p>\n<p align=\"start\">4, rel\u00e9 de acionamento de isolamento de opto acoplador integrado, a prote\u00e7\u00e3o eficaz do chip para tornar o produto mais confi\u00e1vel;<\/p>\n<p align=\"start\">5, possui quatro furos de parafuso fixos para f\u00e1cil instala\u00e7\u00e3o<\/p>\n<p align=\"start\">M\u00f3dulo usando as instru\u00e7\u00f5es:<\/p>\n<p align=\"start\">1, o m\u00f3dulo foto resistores \u00e9 mais sens\u00edvel \u00e0 luz ambiente, geralmente usado para detectar o brilho da luz ambiente.<\/p>\n<p align=\"start\"><span data-spm-anchor-id=\"a2g0o.detail.1000023.i3.2652bHE4bHE4A1\">2, o m\u00f3dulo quando a luz ambiente \u00e9 mais escura que o valor limite \u00e9 definido, o rel\u00e9 \u00e9 energizado, o terminal comum e o in\u00edcio normalmente s\u00e3o ligados, quando a luz ambiente externa \u00e9 mais brilhante que o valor limite definido, o rel\u00e9 \u00e9 desligado, o terminal comum e a extremidade normalmente fechada conectada;<\/span><\/p>\n<p align=\"start\">3, o lado p\u00fablico, normalmente aberto, normalmente fechado tr\u00eas portas, o equivalente a uma chave de controle duplo, pot\u00eancia da bobina do rel\u00e9, extremidade p\u00fablica e muitas vezes o in\u00edcio da condu\u00e7\u00e3o, r\u00e1dio, condu\u00e7\u00e3o terminal normalmente fechada do final p\u00fablico;<\/p>\n<p align=\"start\">Par\u00e2metros el\u00e9tricos:<\/p>\n<p align=\"start\">Tens\u00e3o de alimenta\u00e7\u00e3o: 5VDC, 12VDC e 24VDC<\/p>\n<p align=\"start\">Corrente:&gt; 100ma<\/p>\n<p align=\"start\">Carga: 250V 10A AC ou 30V 10A DC (a corrente \u00e9 menor que esta faixa pode ser usada)<\/p>\n<p align=\"start\">Tamanho: Veja a imagem<\/p>\n","protected":false},"excerpt":{"rendered":"<p>Usos: Detec\u00e7\u00e3o de luz e detec\u00e7\u00e3o de brilho, a detec\u00e7\u00e3o pode ser ajustada atrav\u00e9s do ponto da v\u00e1lvula de brilho do potenci\u00f4metro vem com rel\u00e9s e fazer todos os tipos de interruptor de detec\u00e7\u00e3o de brilho, voc\u00ea pode controlar todos os tipos de luzes de rua ligadas automaticamente \u00e0 noite, durante o dia e desligam [&hellip;]<\/p>\n","protected":false},"featured_media":18698,"template":"","meta":[],"product_brand":[],"product_cat":[411,50,177],"product_tag":[],"class_list":{"0":"post-18697","1":"product","2":"type-product","3":"status-publish","4":"has-post-thumbnail","6":"product_cat-sem-categoria","7":"product_cat-modulos","8":"product_cat-reles","10":"entry","11":"has-media","13":"first","14":"instock","15":"shipping-taxable","16":"purchasable","17":"product-type-simple","18":"has-product-nav","19":"col","20":"span_1_of_3","21":"owp-content-center","22":"owp-thumbs-layout-horizontal","23":"owp-btn-normal","24":"owp-tabs-layout-horizontal"},"_links":{"self":[{"href":"https:\/\/arduxop.com.br\/loja\/wp-json\/wp\/v2\/product\/18697","targetHints":{"allow":["GET"]}}],"collection":[{"href":"https:\/\/arduxop.com.br\/loja\/wp-json\/wp\/v2\/product"}],"about":[{"href":"https:\/\/arduxop.com.br\/loja\/wp-json\/wp\/v2\/types\/product"}],"wp:featuredmedia":[{"embeddable":true,"href":"https:\/\/arduxop.com.br\/loja\/wp-json\/wp\/v2\/media\/18698"}],"wp:attachment":[{"href":"https:\/\/arduxop.com.br\/loja\/wp-json\/wp\/v2\/media?parent=18697"}],"wp:term":[{"taxonomy":"product_brand","embeddable":true,"href":"https:\/\/arduxop.com.br\/loja\/wp-json\/wp\/v2\/product_brand?post=18697"},{"taxonomy":"product_cat","embeddable":true,"href":"https:\/\/arduxop.com.br\/loja\/wp-json\/wp\/v2\/product_cat?post=18697"},{"taxonomy":"product_tag","embeddable":true,"href":"https:\/\/arduxop.com.br\/loja\/wp-json\/wp\/v2\/product_tag?post=18697"}],"curies":[{"name":"wp","href":"https:\/\/api.w.org\/{rel}","templated":true}]}}