{"id":18692,"date":"2025-07-02T14:15:21","date_gmt":"2025-07-02T18:15:21","guid":{"rendered":"https:\/\/arduxop.com.br\/loja\/?post_type=product&#038;p=18692"},"modified":"2025-07-02T14:15:21","modified_gmt":"2025-07-02T18:15:21","slug":"mini-modulo-motor-vibracall-mv50-motor-de-vibracao-5v","status":"publish","type":"product","link":"https:\/\/arduxop.com.br\/loja\/produto\/mini-modulo-motor-vibracall-mv50-motor-de-vibracao-5v\/","title":{"rendered":"Mini m\u00f3dulo motor vibracall MV50 Motor de vibra\u00e7\u00e3o 5V"},"content":{"rendered":"<p>O M\u00f3dulo Motor Vibra\u00e7\u00e3o MV50 \u00e9 uma excelente escolha para o desenvolvimento de projetos com microcontroladores Arduino, proporcionando resultados pr\u00e1ticos e eficazes.<br \/>\nConhecido como motor de vibra\u00e7\u00e3o, este micro motor j\u00e1 vem instalado em uma placa de circuito impresso, com 3 pinos de conex\u00e3o e duas perfura\u00e7\u00f5es para fixa\u00e7\u00e3o.<br \/>\nEm projetos, o M\u00f3dulo Motor Vibracall MV50 reage \u00e0 tens\u00e3o, iniciando a vibra\u00e7\u00e3o quando alimentado e recebendo o sinal apropriado do microcontrolador, podendo ser utilizado para notificar o usu\u00e1rio sobre determinados eventos.<br \/>\nA tens\u00e3o de funcionamento ideal \u00e9 de 5V DC, e o controle eletr\u00f4nico pode ser feito por meio de PWM para ajustar a intensidade das vibra\u00e7\u00f5es do motor.<\/p>\n<p><strong>Especifica\u00e7\u00f5es:<\/strong><br \/>\n&#8211; Modelo: MV50;<br \/>\n&#8211; Tens\u00e3o nominal: 5VDC;<br \/>\n&#8211; Tens\u00e3o de funcionamento: 3.0-5.3VDC;<br \/>\n&#8211; Velocidade nominal: 9000RPM;<br \/>\n&#8211; Corrente nominal: 60mA;<br \/>\n&#8211; Resist\u00eancia de isolamento: 10Mohm;<br \/>\n&#8211; Dimens\u00f5es: ~ 23 x 21 x 5mm;<br \/>\n&#8211; Peso: 3g.<\/p>\n","protected":false},"excerpt":{"rendered":"<p>O M\u00f3dulo Motor Vibra\u00e7\u00e3o MV50 \u00e9 uma excelente escolha para o desenvolvimento de projetos com microcontroladores Arduino, proporcionando resultados pr\u00e1ticos e eficazes. Conhecido como motor de vibra\u00e7\u00e3o, este micro motor j\u00e1 vem instalado em uma placa de circuito impresso, com 3 pinos de conex\u00e3o e duas perfura\u00e7\u00f5es para fixa\u00e7\u00e3o. Em projetos, o M\u00f3dulo Motor Vibracall [&hellip;]<\/p>\n","protected":false},"featured_media":18693,"template":"","meta":[],"product_brand":[],"product_cat":[50,51],"product_tag":[],"class_list":{"0":"post-18692","1":"product","2":"type-product","3":"status-publish","4":"has-post-thumbnail","6":"product_cat-modulos","7":"product_cat-motores","9":"entry","10":"has-media","12":"first","13":"instock","14":"shipping-taxable","15":"purchasable","16":"product-type-simple","17":"has-product-nav","18":"col","19":"span_1_of_3","20":"owp-content-center","21":"owp-thumbs-layout-horizontal","22":"owp-btn-normal","23":"owp-tabs-layout-horizontal"},"_links":{"self":[{"href":"https:\/\/arduxop.com.br\/loja\/wp-json\/wp\/v2\/product\/18692","targetHints":{"allow":["GET"]}}],"collection":[{"href":"https:\/\/arduxop.com.br\/loja\/wp-json\/wp\/v2\/product"}],"about":[{"href":"https:\/\/arduxop.com.br\/loja\/wp-json\/wp\/v2\/types\/product"}],"wp:featuredmedia":[{"embeddable":true,"href":"https:\/\/arduxop.com.br\/loja\/wp-json\/wp\/v2\/media\/18693"}],"wp:attachment":[{"href":"https:\/\/arduxop.com.br\/loja\/wp-json\/wp\/v2\/media?parent=18692"}],"wp:term":[{"taxonomy":"product_brand","embeddable":true,"href":"https:\/\/arduxop.com.br\/loja\/wp-json\/wp\/v2\/product_brand?post=18692"},{"taxonomy":"product_cat","embeddable":true,"href":"https:\/\/arduxop.com.br\/loja\/wp-json\/wp\/v2\/product_cat?post=18692"},{"taxonomy":"product_tag","embeddable":true,"href":"https:\/\/arduxop.com.br\/loja\/wp-json\/wp\/v2\/product_tag?post=18692"}],"curies":[{"name":"wp","href":"https:\/\/api.w.org\/{rel}","templated":true}]}}