{"id":18688,"date":"2025-07-02T12:02:28","date_gmt":"2025-07-02T16:02:28","guid":{"rendered":"https:\/\/arduxop.com.br\/loja\/?post_type=product&#038;p=18688"},"modified":"2025-07-02T12:02:28","modified_gmt":"2025-07-02T16:02:28","slug":"modulo-esp32-096-oled","status":"publish","type":"product","link":"https:\/\/arduxop.com.br\/loja\/produto\/modulo-esp32-096-oled\/","title":{"rendered":"M\u00f3dulo Esp32 096 Oled"},"content":{"rendered":"<p>Placa de Desenvolvimento ESP32 ESP-WROOM-32 WiFi Bluetooth com Display OLED 0.96&#8243;<\/p>\n<p>O ESP32 ESP-VROOM-32 com Display Oled 0.96&#8243; 128\u00d764 integrado \u00e9 uma placa de desenvolvimento com Wifi e Bluetooth, ideal para desenvolvimento de in\u00fameras aplica\u00e7\u00f5es IoT (Internet of Things ou Internet das Coisas). \u00c9 adequado para dispositivos inteligentes dom\u00e9sticos, controle sem fio industrial, monitoramento sem fio.<\/p>\n<p>Equipado com CPU Xtensa@ Dual-Core 32-bit @240MHz, Driver CH340, antena embutida, interface usb-serial, e regulador de tens\u00e3o 3.3V. A programa\u00e7\u00e3o pode ser feita em LUA ou usando a IDE do Arduino atrav\u00e9s de um cabo micro-usb. Com 4 MB de mem\u00f3ria flash, o ESP32 ESP-VROOM-32, \u00e9 uma solu\u00e7\u00e3o ideal para aplicativos IoT.<\/p>\n<p><strong>Especifica\u00e7\u00f5es T\u00e9cnicas:<\/strong><\/p>\n<p>Placa ESP32 ESP-WROOM-32 Com Display OLED 0.96&#8243;<br \/>\nCPU: Xtensa\u00ae Dual-Core 32-bit<br \/>\nROM: 448 KBytes<br \/>\nRAM: 520 Kbytes<br \/>\nFlash: 4 MB<br \/>\nClock: 240MHz<br \/>\nWiFi 802.11 b\/g\/n: 2.4 \u00e0 2.5 GHz<br \/>\nBluetooth BLE 4.2 BR\/EDR e BLE (Bluetooth Low Energy)<br \/>\nConex\u00e3o Wifi 2.4Ghz (m\u00e1ximo de 150 Mbps)<br \/>\nDisplay Oled 0.96&#8243; 128\u00d764 integrado SSD1306<br \/>\nAntena embutida<br \/>\nConector micro-usb<br \/>\nWi-Fi Direct (P2P), P2P Discovery, P2P Group Owner mode e P2P Power Management<br \/>\nModos de opera\u00e7\u00e3o: STA\/AP\/STA+AP<br \/>\nPortas GPIO: 34<br \/>\nGPIO com fun\u00e7\u00f5es de PWM, I2C, SPI, etc<br \/>\nTens\u00e3o de Alimenta\u00e7\u00e3o: 3,3 \u00e0 5,0 DC<br \/>\nTens\u00e3o de n\u00edvel l\u00f3gico: 3,3VDC (n\u00e3o tolera 5V)<br \/>\nCorrente de consumo: 80mA (t\u00edpica)<br \/>\nCorrente de consumo: 500mA (m\u00e1xima)<br \/>\nSuporta Upgrade remoto de firmware<br \/>\nConversor anal\u00f3gico digital (ADC)<br \/>\nRTC Integrado de 8Kb (Slown\/Fast)<br \/>\nSensor integrado: Temperatura e Hall<br \/>\nInterfaces: Cart\u00e3o SD, UART(3 canais), SPI (3 canais), SDIO, I2C (2 canais), I2S (2 canais), IR, PWM LED (2 canais) e PWM motor (3 canais)<br \/>\nTipos GPIO: Digital IO (36), ADC 12-Bits (16 canais), DAC 8-Bits (2 canais), Sensor Capacitivo (10 canais); LNA pr\u00e9-amplificador<br \/>\nTemperatura de trabalho: -30\u00b0 \u00e0 +70\u00b0 C<br \/>\nCompat\u00edvel com a IDE do Arduino<\/p>\n","protected":false},"excerpt":{"rendered":"<p>Placa de Desenvolvimento ESP32 ESP-WROOM-32 WiFi Bluetooth com Display OLED 0.96&#8243; O ESP32 ESP-VROOM-32 com Display Oled 0.96&#8243; 128\u00d764 integrado \u00e9 uma placa de desenvolvimento com Wifi e Bluetooth, ideal para desenvolvimento de in\u00fameras aplica\u00e7\u00f5es IoT (Internet of Things ou Internet das Coisas). \u00c9 adequado para dispositivos inteligentes dom\u00e9sticos, controle sem fio industrial, monitoramento sem [&hellip;]<\/p>\n","protected":false},"featured_media":18689,"template":"","meta":[],"product_brand":[],"product_cat":[183,50,517,409],"product_tag":[],"class_list":{"0":"post-18688","1":"product","2":"type-product","3":"status-publish","4":"has-post-thumbnail","6":"product_cat-displays","7":"product_cat-modulos","8":"product_cat-oled","9":"product_cat-robotica","11":"entry","12":"has-media","14":"first","15":"instock","16":"shipping-taxable","17":"purchasable","18":"product-type-simple","19":"has-product-nav","20":"col","21":"span_1_of_3","22":"owp-content-center","23":"owp-thumbs-layout-horizontal","24":"owp-btn-normal","25":"owp-tabs-layout-horizontal"},"_links":{"self":[{"href":"https:\/\/arduxop.com.br\/loja\/wp-json\/wp\/v2\/product\/18688","targetHints":{"allow":["GET"]}}],"collection":[{"href":"https:\/\/arduxop.com.br\/loja\/wp-json\/wp\/v2\/product"}],"about":[{"href":"https:\/\/arduxop.com.br\/loja\/wp-json\/wp\/v2\/types\/product"}],"wp:featuredmedia":[{"embeddable":true,"href":"https:\/\/arduxop.com.br\/loja\/wp-json\/wp\/v2\/media\/18689"}],"wp:attachment":[{"href":"https:\/\/arduxop.com.br\/loja\/wp-json\/wp\/v2\/media?parent=18688"}],"wp:term":[{"taxonomy":"product_brand","embeddable":true,"href":"https:\/\/arduxop.com.br\/loja\/wp-json\/wp\/v2\/product_brand?post=18688"},{"taxonomy":"product_cat","embeddable":true,"href":"https:\/\/arduxop.com.br\/loja\/wp-json\/wp\/v2\/product_cat?post=18688"},{"taxonomy":"product_tag","embeddable":true,"href":"https:\/\/arduxop.com.br\/loja\/wp-json\/wp\/v2\/product_tag?post=18688"}],"curies":[{"name":"wp","href":"https:\/\/api.w.org\/{rel}","templated":true}]}}