{"id":18684,"date":"2025-07-01T15:20:36","date_gmt":"2025-07-01T19:20:36","guid":{"rendered":"https:\/\/arduxop.com.br\/loja\/?post_type=product&#038;p=18684"},"modified":"2025-07-01T15:20:36","modified_gmt":"2025-07-01T19:20:36","slug":"jumper-26awg-78cm-cabo-de-solda-flexivel","status":"publish","type":"product","link":"https:\/\/arduxop.com.br\/loja\/produto\/jumper-26awg-78cm-cabo-de-solda-flexivel\/","title":{"rendered":"Jumper 26awg 7,8cm cabo de solda flex\u00edvel"},"content":{"rendered":"<p class=\"QN2lPu\">Cores dispon\u00edveis: Preto, Vermelho, Verde, Branco e amarelo.<\/p>\n<p class=\"QN2lPu\">Usado para: soldagem<\/p>\n<p class=\"QN2lPu\">Duas pontas com placa de estanho<\/p>\n<p class=\"QN2lPu\">Em circuitos eletr\u00f4nicos, os puladores geralmente s\u00e3o usados para conectar diferentes partes do circuito ou ajustar as configura\u00e7\u00f5es do circuito, conectar diretamente dois pontos no circuito para obter uma fun\u00e7\u00e3o espec\u00edfica do circuito.<\/p>\n<p class=\"QN2lPu\">Caracter\u00edsticas:<\/p>\n<p class=\"QN2lPu\">Flexibilidade forte, peso leve, tamanho pequeno, f\u00e1cil de instalar.<\/p>\n<p>Vendido por unidade.<\/p>\n","protected":false},"excerpt":{"rendered":"<p>Cores dispon\u00edveis: Preto, Vermelho, Verde, Branco e amarelo. Usado para: soldagem Duas pontas com placa de estanho Em circuitos eletr\u00f4nicos, os puladores geralmente s\u00e3o usados para conectar diferentes partes do circuito ou ajustar as configura\u00e7\u00f5es do circuito, conectar diretamente dois pontos no circuito para obter uma fun\u00e7\u00e3o espec\u00edfica do circuito. Caracter\u00edsticas: Flexibilidade forte, peso leve, [&hellip;]<\/p>\n","protected":false},"featured_media":18685,"template":"","meta":[],"product_brand":[],"product_cat":[411],"product_tag":[],"class_list":{"0":"post-18684","1":"product","2":"type-product","3":"status-publish","4":"has-post-thumbnail","6":"product_cat-sem-categoria","8":"entry","9":"has-media","11":"first","12":"instock","13":"shipping-taxable","14":"purchasable","15":"product-type-simple","16":"has-product-nav","17":"col","18":"span_1_of_3","19":"owp-content-center","20":"owp-thumbs-layout-horizontal","21":"owp-btn-normal","22":"owp-tabs-layout-horizontal"},"_links":{"self":[{"href":"https:\/\/arduxop.com.br\/loja\/wp-json\/wp\/v2\/product\/18684","targetHints":{"allow":["GET"]}}],"collection":[{"href":"https:\/\/arduxop.com.br\/loja\/wp-json\/wp\/v2\/product"}],"about":[{"href":"https:\/\/arduxop.com.br\/loja\/wp-json\/wp\/v2\/types\/product"}],"wp:featuredmedia":[{"embeddable":true,"href":"https:\/\/arduxop.com.br\/loja\/wp-json\/wp\/v2\/media\/18685"}],"wp:attachment":[{"href":"https:\/\/arduxop.com.br\/loja\/wp-json\/wp\/v2\/media?parent=18684"}],"wp:term":[{"taxonomy":"product_brand","embeddable":true,"href":"https:\/\/arduxop.com.br\/loja\/wp-json\/wp\/v2\/product_brand?post=18684"},{"taxonomy":"product_cat","embeddable":true,"href":"https:\/\/arduxop.com.br\/loja\/wp-json\/wp\/v2\/product_cat?post=18684"},{"taxonomy":"product_tag","embeddable":true,"href":"https:\/\/arduxop.com.br\/loja\/wp-json\/wp\/v2\/product_tag?post=18684"}],"curies":[{"name":"wp","href":"https:\/\/api.w.org\/{rel}","templated":true}]}}