{"id":18679,"date":"2025-06-28T09:25:04","date_gmt":"2025-06-28T13:25:04","guid":{"rendered":"https:\/\/arduxop.com.br\/loja\/?post_type=product&#038;p=18679"},"modified":"2025-06-28T09:25:04","modified_gmt":"2025-06-28T13:25:04","slug":"sensor-nivel-horizontal-agua-interruptor-boia-arduino-zpc4","status":"publish","type":"product","link":"https:\/\/arduxop.com.br\/loja\/produto\/sensor-nivel-horizontal-agua-interruptor-boia-arduino-zpc4\/","title":{"rendered":"Sensor N\u00edvel Horizontal \u00c1gua Interruptor Boia Arduino Zpc4"},"content":{"rendered":"<p><strong>CARACTER\u00cdSTICAS<\/strong>:<br \/>\n&#8211; Sensor de N\u00edvel de \u00c1gua;<br \/>\n&#8211; Sensor de N\u00edvel On-Off;<br \/>\n&#8211; Compat\u00edvel com Arduino, PIC, ARM, AVR, etc;<br \/>\n&#8211; Ideal para utiliza\u00e7\u00e3o em aqu\u00e1rios, tanques de \u00e1gua, entre outros;<br \/>\n&#8211; Rosca e porca para fixa\u00e7\u00e3o;<br \/>\n&#8211; F\u00e1cil instala\u00e7\u00e3o;<br \/>\n&#8211; Por meio do microcontrolador pode ligar ou desligar bombas d? \u00e1gua, de modo a economizar energia e aumentar a vida \u00fatil do motor;<br \/>\n&#8211; Excelente rela\u00e7\u00e3o custo x benef\u00edcio.<\/p>\n<p><strong>ESPECIFICA\u00c7\u00d5ES<\/strong>:<br \/>\n&#8211; Tens\u00e3o de chaveamento (m\u00e1x.): 220V DC;<br \/>\n&#8211; Corrente de chaveamento (m\u00e1x.): 1,5A;<br \/>\n&#8211; Tens\u00e3o do contato aberto (m\u00e1x.) : 220V DC;<br \/>\n&#8211; Resist\u00eancia Contato (m\u00e1x.): 100M Ohms;<br \/>\n&#8211; Temperatura de opera\u00e7\u00e3o: -10 ~ +85C;<br \/>\n&#8211; Extens\u00e3o do fio: 35cm;<br \/>\n&#8211; Di\u00e2metro: 17mm;<br \/>\n&#8211; Di\u00e2metro na rosca: 11,3mm;<br \/>\n&#8211; Comprimento total: 82mm;<br \/>\n&#8211; Peso com embalagem: 18g.<\/p>\n<p>Conte\u00fado da embalagem:<br \/>\n01 &#8211; Sensor N\u00edvel de \u00c1gua &#8211; Boia Horizontal<\/p>\n","protected":false},"excerpt":{"rendered":"<p>CARACTER\u00cdSTICAS: &#8211; Sensor de N\u00edvel de \u00c1gua; &#8211; Sensor de N\u00edvel On-Off; &#8211; Compat\u00edvel com Arduino, PIC, ARM, AVR, etc; &#8211; Ideal para utiliza\u00e7\u00e3o em aqu\u00e1rios, tanques de \u00e1gua, entre outros; &#8211; Rosca e porca para fixa\u00e7\u00e3o; &#8211; F\u00e1cil instala\u00e7\u00e3o; &#8211; Por meio do microcontrolador pode ligar ou desligar bombas d? \u00e1gua, de modo a [&hellip;]<\/p>\n","protected":false},"featured_media":18680,"template":"","meta":[],"product_brand":[],"product_cat":[411,178],"product_tag":[],"class_list":{"0":"post-18679","1":"product","2":"type-product","3":"status-publish","4":"has-post-thumbnail","6":"product_cat-sem-categoria","7":"product_cat-sensores","9":"entry","10":"has-media","12":"first","13":"instock","14":"shipping-taxable","15":"purchasable","16":"product-type-simple","17":"has-product-nav","18":"col","19":"span_1_of_3","20":"owp-content-center","21":"owp-thumbs-layout-horizontal","22":"owp-btn-normal","23":"owp-tabs-layout-horizontal"},"_links":{"self":[{"href":"https:\/\/arduxop.com.br\/loja\/wp-json\/wp\/v2\/product\/18679","targetHints":{"allow":["GET"]}}],"collection":[{"href":"https:\/\/arduxop.com.br\/loja\/wp-json\/wp\/v2\/product"}],"about":[{"href":"https:\/\/arduxop.com.br\/loja\/wp-json\/wp\/v2\/types\/product"}],"wp:featuredmedia":[{"embeddable":true,"href":"https:\/\/arduxop.com.br\/loja\/wp-json\/wp\/v2\/media\/18680"}],"wp:attachment":[{"href":"https:\/\/arduxop.com.br\/loja\/wp-json\/wp\/v2\/media?parent=18679"}],"wp:term":[{"taxonomy":"product_brand","embeddable":true,"href":"https:\/\/arduxop.com.br\/loja\/wp-json\/wp\/v2\/product_brand?post=18679"},{"taxonomy":"product_cat","embeddable":true,"href":"https:\/\/arduxop.com.br\/loja\/wp-json\/wp\/v2\/product_cat?post=18679"},{"taxonomy":"product_tag","embeddable":true,"href":"https:\/\/arduxop.com.br\/loja\/wp-json\/wp\/v2\/product_tag?post=18679"}],"curies":[{"name":"wp","href":"https:\/\/api.w.org\/{rel}","templated":true}]}}