{"id":18676,"date":"2025-06-24T15:58:00","date_gmt":"2025-06-24T19:58:00","guid":{"rendered":"https:\/\/arduxop.com.br\/loja\/?post_type=product&#038;p=18676"},"modified":"2025-06-24T15:58:00","modified_gmt":"2025-06-24T19:58:00","slug":"dc-3v-mini-motor-de-vibracao-12000-rpm","status":"publish","type":"product","link":"https:\/\/arduxop.com.br\/loja\/produto\/dc-3v-mini-motor-de-vibracao-12000-rpm\/","title":{"rendered":"DC 3V Mini motor de vibra\u00e7\u00e3o 12000 RPM"},"content":{"rendered":"<p><strong>Nome do produto<\/strong>: Motor de vibra\u00e7\u00e3o DC.<br \/>\n<strong>Tens\u00e3o nominal<\/strong>: CC 3V.<br \/>\n<strong>Faixa de uso de tens\u00e3o:<\/strong> 2,5-4V DC.<br \/>\n<strong>Corrente nominal:<\/strong> 70ma m\u00e1x.<br \/>\n<strong>Corrente inicial<\/strong>: 901ma m\u00e1x.<br \/>\n<strong>Tens\u00e3o inicial:<\/strong> 2,3 V CC.<br \/>\n<strong>Resist\u00eancia de isolamento:<\/strong> 10M\u03a9 Min.<br \/>\n<strong>Velocidade:<\/strong> 12.000\u00b12500RPM\/Min.<\/p>\n","protected":false},"excerpt":{"rendered":"<p>Nome do produto: Motor de vibra\u00e7\u00e3o DC. Tens\u00e3o nominal: CC 3V. Faixa de uso de tens\u00e3o: 2,5-4V DC. Corrente nominal: 70ma m\u00e1x. Corrente inicial: 901ma m\u00e1x. Tens\u00e3o inicial: 2,3 V CC. Resist\u00eancia de isolamento: 10M\u03a9 Min. Velocidade: 12.000\u00b12500RPM\/Min.<\/p>\n","protected":false},"featured_media":18677,"template":"","meta":[],"product_brand":[],"product_cat":[411,51],"product_tag":[],"class_list":{"0":"post-18676","1":"product","2":"type-product","3":"status-publish","4":"has-post-thumbnail","6":"product_cat-sem-categoria","7":"product_cat-motores","9":"entry","10":"has-media","12":"first","13":"instock","14":"shipping-taxable","15":"purchasable","16":"product-type-simple","17":"has-product-nav","18":"col","19":"span_1_of_3","20":"owp-content-center","21":"owp-thumbs-layout-horizontal","22":"owp-btn-normal","23":"owp-tabs-layout-horizontal"},"_links":{"self":[{"href":"https:\/\/arduxop.com.br\/loja\/wp-json\/wp\/v2\/product\/18676","targetHints":{"allow":["GET"]}}],"collection":[{"href":"https:\/\/arduxop.com.br\/loja\/wp-json\/wp\/v2\/product"}],"about":[{"href":"https:\/\/arduxop.com.br\/loja\/wp-json\/wp\/v2\/types\/product"}],"wp:featuredmedia":[{"embeddable":true,"href":"https:\/\/arduxop.com.br\/loja\/wp-json\/wp\/v2\/media\/18677"}],"wp:attachment":[{"href":"https:\/\/arduxop.com.br\/loja\/wp-json\/wp\/v2\/media?parent=18676"}],"wp:term":[{"taxonomy":"product_brand","embeddable":true,"href":"https:\/\/arduxop.com.br\/loja\/wp-json\/wp\/v2\/product_brand?post=18676"},{"taxonomy":"product_cat","embeddable":true,"href":"https:\/\/arduxop.com.br\/loja\/wp-json\/wp\/v2\/product_cat?post=18676"},{"taxonomy":"product_tag","embeddable":true,"href":"https:\/\/arduxop.com.br\/loja\/wp-json\/wp\/v2\/product_tag?post=18676"}],"curies":[{"name":"wp","href":"https:\/\/api.w.org\/{rel}","templated":true}]}}