{"id":18671,"date":"2025-06-23T16:30:24","date_gmt":"2025-06-23T20:30:24","guid":{"rendered":"https:\/\/arduxop.com.br\/loja\/?post_type=product&#038;p=18671"},"modified":"2025-06-23T16:30:24","modified_gmt":"2025-06-23T20:30:24","slug":"controlador-de-nivel-de-agua-eletronico-xh-m203-com-rele-12v-10a","status":"publish","type":"product","link":"https:\/\/arduxop.com.br\/loja\/produto\/controlador-de-nivel-de-agua-eletronico-xh-m203-com-rele-12v-10a\/","title":{"rendered":"Controlador De N\u00edvel De \u00c1gua Eletr\u00f4nico XH-M203 com Rel\u00e9 12V 10A"},"content":{"rendered":"<p>O Sensor XH-M203 Controlador de N\u00edvel de \u00c1gua funciona na situa\u00e7\u00e3o de quando o n\u00edvel da \u00e1gua \u00e9 maior do que a linha superior, ele vai parar de adicionar \u00e1gua automaticamente, n\u00e3o h\u00e1 necessidade de manual de gest\u00e3o, totalmente autom\u00e1tico. F\u00e1cil instala\u00e7\u00e3o, e simples de operar. Amplamente utilizado no projeto de conserva\u00e7\u00e3o da \u00e1gua, torre de \u00e1gua, balde de \u00e1gua, tanque de \u00e1gua, \u00e1gua da lagoa, etc.<\/p>\n<p><strong>Especifica\u00e7\u00f5es:<\/strong><\/p>\n<ul>\n<li>Modelo: XH-M203;<\/li>\n<li>Tens\u00e3o de funcionamento: AC\/DC12V;<\/li>\n<li>Capacidade de sa\u00edda: 10A;<\/li>\n<li>Tipo de sa\u00edda: sa\u00edda de rel\u00e9;<\/li>\n<li>Tipo de controle: autom\u00e1tico cheio;<\/li>\n<li>Tamanho: 6 x 3.9 cm;<\/li>\n<\/ul>\n","protected":false},"excerpt":{"rendered":"<p>O Sensor XH-M203 Controlador de N\u00edvel de \u00c1gua funciona na situa\u00e7\u00e3o de quando o n\u00edvel da \u00e1gua \u00e9 maior do que a linha superior, ele vai parar de adicionar \u00e1gua automaticamente, n\u00e3o h\u00e1 necessidade de manual de gest\u00e3o, totalmente autom\u00e1tico. F\u00e1cil instala\u00e7\u00e3o, e simples de operar. Amplamente utilizado no projeto de conserva\u00e7\u00e3o da \u00e1gua, torre [&hellip;]<\/p>\n","protected":false},"featured_media":18672,"template":"","meta":[],"product_brand":[],"product_cat":[50,177,178],"product_tag":[],"class_list":{"0":"post-18671","1":"product","2":"type-product","3":"status-publish","4":"has-post-thumbnail","6":"product_cat-modulos","7":"product_cat-reles","8":"product_cat-sensores","10":"entry","11":"has-media","13":"first","14":"instock","15":"shipping-taxable","16":"purchasable","17":"product-type-simple","18":"has-product-nav","19":"col","20":"span_1_of_3","21":"owp-content-center","22":"owp-thumbs-layout-horizontal","23":"owp-btn-normal","24":"owp-tabs-layout-horizontal"},"_links":{"self":[{"href":"https:\/\/arduxop.com.br\/loja\/wp-json\/wp\/v2\/product\/18671","targetHints":{"allow":["GET"]}}],"collection":[{"href":"https:\/\/arduxop.com.br\/loja\/wp-json\/wp\/v2\/product"}],"about":[{"href":"https:\/\/arduxop.com.br\/loja\/wp-json\/wp\/v2\/types\/product"}],"wp:featuredmedia":[{"embeddable":true,"href":"https:\/\/arduxop.com.br\/loja\/wp-json\/wp\/v2\/media\/18672"}],"wp:attachment":[{"href":"https:\/\/arduxop.com.br\/loja\/wp-json\/wp\/v2\/media?parent=18671"}],"wp:term":[{"taxonomy":"product_brand","embeddable":true,"href":"https:\/\/arduxop.com.br\/loja\/wp-json\/wp\/v2\/product_brand?post=18671"},{"taxonomy":"product_cat","embeddable":true,"href":"https:\/\/arduxop.com.br\/loja\/wp-json\/wp\/v2\/product_cat?post=18671"},{"taxonomy":"product_tag","embeddable":true,"href":"https:\/\/arduxop.com.br\/loja\/wp-json\/wp\/v2\/product_tag?post=18671"}],"curies":[{"name":"wp","href":"https:\/\/api.w.org\/{rel}","templated":true}]}}