{"id":1867,"date":"2018-01-16T11:28:34","date_gmt":"2018-01-16T13:28:34","guid":{"rendered":"https:\/\/arduxop.com.br\/loja\/produto\/driver-de-motor-dc-tb6612fng-ate-2-motores-arduino\/"},"modified":"2024-07-25T07:56:51","modified_gmt":"2024-07-25T11:56:51","slug":"driver-de-motor-dc-tb6612fng-ate-2-motores-arduino","status":"publish","type":"product","link":"https:\/\/arduxop.com.br\/loja\/produto\/driver-de-motor-dc-tb6612fng-ate-2-motores-arduino\/","title":{"rendered":"Ponte h Tb6612fng"},"content":{"rendered":"<p>DRIVER DE MOTOR DC TB6612FNG AT\u00c9 2 MOTORES \u2013 ARDUINO<\/p>\n<p>O Driver de Motor TB6612FNG pode controlar at\u00e9 dois motores DC a uma corrente constante de 1,2A (pico de 3.2A). Dois sinais de entrada (IN1 e IN2) podem ser usados para controlar o motor em um dos quatro modos de fun\u00e7\u00e3o: CW, CCW, curto-freio e parada. As duas sa\u00eddas do motor (A e B) podem ser controladas separadamente ea velocidade de cada motor \u00e9 controlada atrav\u00e9s de um sinal de entrada PWM com uma freq\u00fc\u00eancia de at\u00e9 100kHz. O pino STBY deve ser puxado para cima para tirar o motor do modo de espera. Devido \u00e0 demanda popular, esta vers\u00e3o do Motor Driver SparkFun inclui pr\u00e9-soldado cabe\u00e7alhos masculinos para facilidade de uso. Com os cabe\u00e7alhos j\u00e1 soldados, voc\u00ea pode saltar para a direita em usar esta placa pouco sem qualquer montagem!<\/p>\n<p>A tens\u00e3o de alimenta\u00e7\u00e3o l\u00f3gica (VCC) pode estar na faixa de 2.7-5.5VDC, enquanto a alimenta\u00e7\u00e3o do motor (VM) \u00e9 limitada a uma tens\u00e3o m\u00e1xima de 15VDC. A corrente de sa\u00edda \u00e9 avaliada em at\u00e9 1,2A por canal (ou at\u00e9 3,2A para um pulso curto, \u00fanico).<\/p>\n<p>A placa vem com todos os componentes instalados como mostrado. Condutores de desacoplamento est\u00e3o inclu\u00eddos em ambas as linhas de alimenta\u00e7\u00e3o. Todos os pinos do TB6612FNG s\u00e3o quebrados para dois cabe\u00e7otes de passo de 0,1 &#8220;, os pinos s\u00e3o dispostos de modo que os pinos de entrada est\u00e3o em um lado e os pinos de sa\u00edda est\u00e3o no outro.<\/p>\n<p>CARACTER\u00cdSTICAS:<\/p>\n<p>Tens\u00e3o de alimenta\u00e7\u00e3o: VM = 15V max, VCC = 2.7-5.5V<\/p>\n<p>Corrente de sa\u00edda: Iout = 1,2A (m\u00e9dia) \/ 3,2A (pico)<\/p>\n<p>Controlo em espera para poupar energia<\/p>\n<p>CW \/ CCW \/ freio curto \/ parar modos de controle do motor<\/p>\n<p>Circuito de desligamento t\u00e9rmico interno e circuito de detec\u00e7\u00e3o de baixa tens\u00e3o<\/p>\n<p>Todos os pinos do TB6612FNG quebrados para pinos espa\u00e7ados de 0,1 &#8221;<\/p>\n<p>Filtragem de capacitores em ambas as linhas de alimenta\u00e7\u00e3o<\/p>\n<p>Cabe\u00e7alhos pr\u00e9-soldados<\/p>\n","protected":false},"excerpt":{"rendered":"<p>Driver De Motor Dc Tb6612fng At\u00e9 2 Motores Arduino<\/p>\n","protected":false},"featured_media":1868,"template":"","meta":[],"product_brand":[],"product_cat":[198,191],"product_tag":[514,204],"class_list":{"0":"post-1867","1":"product","2":"type-product","3":"status-publish","4":"has-post-thumbnail","6":"product_cat-cnc","7":"product_cat-drivers","8":"product_tag-ponte-h","9":"product_tag-ponte-h-dupla-dc-stepper-motor-passo","11":"entry","12":"has-media","14":"first","15":"instock","16":"purchasable","17":"product-type-simple","18":"has-product-nav","19":"col","20":"span_1_of_3","21":"owp-content-center","22":"owp-thumbs-layout-horizontal","23":"owp-btn-normal","24":"owp-tabs-layout-horizontal"},"_links":{"self":[{"href":"https:\/\/arduxop.com.br\/loja\/wp-json\/wp\/v2\/product\/1867","targetHints":{"allow":["GET"]}}],"collection":[{"href":"https:\/\/arduxop.com.br\/loja\/wp-json\/wp\/v2\/product"}],"about":[{"href":"https:\/\/arduxop.com.br\/loja\/wp-json\/wp\/v2\/types\/product"}],"wp:featuredmedia":[{"embeddable":true,"href":"https:\/\/arduxop.com.br\/loja\/wp-json\/wp\/v2\/media\/1868"}],"wp:attachment":[{"href":"https:\/\/arduxop.com.br\/loja\/wp-json\/wp\/v2\/media?parent=1867"}],"wp:term":[{"taxonomy":"product_brand","embeddable":true,"href":"https:\/\/arduxop.com.br\/loja\/wp-json\/wp\/v2\/product_brand?post=1867"},{"taxonomy":"product_cat","embeddable":true,"href":"https:\/\/arduxop.com.br\/loja\/wp-json\/wp\/v2\/product_cat?post=1867"},{"taxonomy":"product_tag","embeddable":true,"href":"https:\/\/arduxop.com.br\/loja\/wp-json\/wp\/v2\/product_tag?post=1867"}],"curies":[{"name":"wp","href":"https:\/\/api.w.org\/{rel}","templated":true}]}}