{"id":18659,"date":"2025-06-18T11:07:01","date_gmt":"2025-06-18T15:07:01","guid":{"rendered":"https:\/\/arduxop.com.br\/loja\/?post_type=product&#038;p=18659"},"modified":"2025-06-18T11:07:01","modified_gmt":"2025-06-18T15:07:01","slug":"cabo-usb-3-0-adaptador-para-hd-sata-2-5-e-3-5-com-fonte-12v","status":"publish","type":"product","link":"https:\/\/arduxop.com.br\/loja\/produto\/cabo-usb-3-0-adaptador-para-hd-sata-2-5-e-3-5-com-fonte-12v\/","title":{"rendered":"Cabo Usb 3.0 Adaptador Para Hd Sata 2.5 E 3.5 Com Fonte 12v"},"content":{"rendered":"<p><span data-spm-anchor-id=\"a2g0o.detail.1000023.i0.3d2dPcSDPcSDQ0\">Se usar para HDD de 3,5 polegadas, escolha o adaptador adequado (12V\/2A)<br \/>\nSe usado para HDD\/SSD de 2,5 polegadas, n\u00e3o h\u00e1 necessidade de fonte de alimenta\u00e7\u00e3o<\/span><\/p>\n<p><strong>Principais caracter\u00edsticas:<\/strong><br \/>\n*O conversor de disco r\u00edgido USB 3.0 para SATA permite conectar qualquer driver r\u00edgido SATA padr\u00e3o de 2,5 polegadas e 3,5 polegadas ao seu computador via porta USB 3.0 em velocidades de at\u00e9 5 Gbps.<br \/>\n*Suporta sistema operacional: Windows 98\/2000\/XP\/ Vista\/ Windows 7\/ Mac OS 9.X\/ 10.X\/ Linux<br \/>\n*Plug and Play, troca a quente<br \/>\n*\u00c9 ideal para voc\u00ea fazer backup de arquivos ou atualizar o driver r\u00edgido do seu notebook.<br \/>\n*\u00c9 com interface de fonte de alimenta\u00e7\u00e3o de 12V, pode conectar unidade de alta pot\u00eancia de 3,5 polegadas.<\/p>\n<p><strong>Observado: <\/strong>Este item precisa de um adaptador de alimenta\u00e7\u00e3o CA\/CC de 12V 2A quando usado para HDD de 3,5 polegadas<\/p>\n<p><strong>Especifica\u00e7\u00f5es:<\/strong><span data-spm-anchor-id=\"a2g0o.detail.1000023.i1.3d2dPcSDPcSDQ0\"><br \/>\nVelocidade de suporte de at\u00e9 5 Gbps<br \/>\nCompat\u00edvel com vers\u00f5es anteriores de USB 2.0\/1.1<br \/>\nSuporta todos os 2,5 polegadas ou 3,5 polegadas<br \/>\nHDD\/SDD SATA<br \/>\nCor: Preto<br \/>\nComprimento do cabo: 40 cm\/15,75 polegadas<\/span><\/p>\n","protected":false},"excerpt":{"rendered":"<p>Se usar para HDD de 3,5 polegadas, escolha o adaptador adequado (12V\/2A) Se usado para HDD\/SSD de 2,5 polegadas, n\u00e3o h\u00e1 necessidade de fonte de alimenta\u00e7\u00e3o Principais caracter\u00edsticas: *O conversor de disco r\u00edgido USB 3.0 para SATA permite conectar qualquer driver r\u00edgido SATA padr\u00e3o de 2,5 polegadas e 3,5 polegadas ao seu computador via porta [&hellip;]<\/p>\n","protected":false},"featured_media":18660,"template":"","meta":[],"product_brand":[],"product_cat":[47,184,185],"product_tag":[],"class_list":{"0":"post-18659","1":"product","2":"type-product","3":"status-publish","4":"has-post-thumbnail","6":"product_cat-diversos","7":"product_cat-fios-e-cabos","8":"product_cat-fontes","10":"entry","11":"has-media","13":"first","14":"instock","15":"shipping-taxable","16":"purchasable","17":"product-type-simple","18":"has-product-nav","19":"col","20":"span_1_of_3","21":"owp-content-center","22":"owp-thumbs-layout-horizontal","23":"owp-btn-normal","24":"owp-tabs-layout-horizontal"},"_links":{"self":[{"href":"https:\/\/arduxop.com.br\/loja\/wp-json\/wp\/v2\/product\/18659","targetHints":{"allow":["GET"]}}],"collection":[{"href":"https:\/\/arduxop.com.br\/loja\/wp-json\/wp\/v2\/product"}],"about":[{"href":"https:\/\/arduxop.com.br\/loja\/wp-json\/wp\/v2\/types\/product"}],"wp:featuredmedia":[{"embeddable":true,"href":"https:\/\/arduxop.com.br\/loja\/wp-json\/wp\/v2\/media\/18660"}],"wp:attachment":[{"href":"https:\/\/arduxop.com.br\/loja\/wp-json\/wp\/v2\/media?parent=18659"}],"wp:term":[{"taxonomy":"product_brand","embeddable":true,"href":"https:\/\/arduxop.com.br\/loja\/wp-json\/wp\/v2\/product_brand?post=18659"},{"taxonomy":"product_cat","embeddable":true,"href":"https:\/\/arduxop.com.br\/loja\/wp-json\/wp\/v2\/product_cat?post=18659"},{"taxonomy":"product_tag","embeddable":true,"href":"https:\/\/arduxop.com.br\/loja\/wp-json\/wp\/v2\/product_tag?post=18659"}],"curies":[{"name":"wp","href":"https:\/\/api.w.org\/{rel}","templated":true}]}}