{"id":18656,"date":"2025-06-17T17:03:05","date_gmt":"2025-06-17T21:03:05","guid":{"rendered":"https:\/\/arduxop.com.br\/loja\/?post_type=product&#038;p=18656"},"modified":"2025-08-14T11:14:44","modified_gmt":"2025-08-14T15:14:44","slug":"modulo-rele-de-atraso-de-tempo-24v-10a-0-a-60s","status":"publish","type":"product","link":"https:\/\/arduxop.com.br\/loja\/produto\/modulo-rele-de-atraso-de-tempo-24v-10a-0-a-60s\/","title":{"rendered":"M\u00f3dulo rel\u00e9 de atraso de tempo 24V 10A ( 0 a 60s )"},"content":{"rendered":"<p>M\u00f3dulo de rel\u00e9 de atraso de tempo\u00a0 24v m\u00f3dulo de rel\u00e9 mono est\u00e1vel de atraso de gatilho ajust\u00e1vel de 0 a 60s\u00a0 interruptor de fechamento do temporizador de atraso<\/p>\n","protected":false},"excerpt":{"rendered":"<p>M\u00f3dulo de rel\u00e9 de atraso de tempo\u00a0 24v m\u00f3dulo de rel\u00e9 mono est\u00e1vel de atraso de gatilho ajust\u00e1vel de 0 a 60s\u00a0 interruptor de fechamento do temporizador de atraso<\/p>\n","protected":false},"featured_media":18658,"template":"","meta":[],"product_brand":[],"product_cat":[411,50,177,875],"product_tag":[],"class_list":{"0":"post-18656","1":"product","2":"type-product","3":"status-publish","4":"has-post-thumbnail","6":"product_cat-sem-categoria","7":"product_cat-modulos","8":"product_cat-reles","9":"product_cat-temporizador","11":"entry","12":"has-media","14":"first","15":"instock","16":"shipping-taxable","17":"purchasable","18":"product-type-simple","19":"has-product-nav","20":"col","21":"span_1_of_3","22":"owp-content-center","23":"owp-thumbs-layout-horizontal","24":"owp-btn-normal","25":"owp-tabs-layout-horizontal","26":"has-no-thumbnails"},"_links":{"self":[{"href":"https:\/\/arduxop.com.br\/loja\/wp-json\/wp\/v2\/product\/18656","targetHints":{"allow":["GET"]}}],"collection":[{"href":"https:\/\/arduxop.com.br\/loja\/wp-json\/wp\/v2\/product"}],"about":[{"href":"https:\/\/arduxop.com.br\/loja\/wp-json\/wp\/v2\/types\/product"}],"wp:featuredmedia":[{"embeddable":true,"href":"https:\/\/arduxop.com.br\/loja\/wp-json\/wp\/v2\/media\/18658"}],"wp:attachment":[{"href":"https:\/\/arduxop.com.br\/loja\/wp-json\/wp\/v2\/media?parent=18656"}],"wp:term":[{"taxonomy":"product_brand","embeddable":true,"href":"https:\/\/arduxop.com.br\/loja\/wp-json\/wp\/v2\/product_brand?post=18656"},{"taxonomy":"product_cat","embeddable":true,"href":"https:\/\/arduxop.com.br\/loja\/wp-json\/wp\/v2\/product_cat?post=18656"},{"taxonomy":"product_tag","embeddable":true,"href":"https:\/\/arduxop.com.br\/loja\/wp-json\/wp\/v2\/product_tag?post=18656"}],"curies":[{"name":"wp","href":"https:\/\/api.w.org\/{rel}","templated":true}]}}