{"id":18648,"date":"2025-06-17T11:19:04","date_gmt":"2025-06-17T15:19:04","guid":{"rendered":"https:\/\/arduxop.com.br\/loja\/?post_type=product&#038;p=18648"},"modified":"2025-06-17T11:20:23","modified_gmt":"2025-06-17T15:20:23","slug":"modulo-de-driver-de-tira-led-rgb-colorido-com-conector-dc-faixa-de-led-rgb-de-10-cm","status":"publish","type":"product","link":"https:\/\/arduxop.com.br\/loja\/produto\/modulo-de-driver-de-tira-led-rgb-colorido-com-conector-dc-faixa-de-led-rgb-de-10-cm\/","title":{"rendered":"M\u00f3dulo de driver de tira LED RGB colorido com conector DC + faixa de LED RGB de 10 cm"},"content":{"rendered":"<p>Baseado no P9813, \u00e9 um m\u00f3dulo driver de faixa de LED RGB colorido em cascata. Apenas duas linhas de sinal e duas linhas de energia podem controlar uma faixa de LED colorida (RGB) de cinco metros e tamb\u00e9m pode ser conectada em cascata para controlar mais faixa de LED. Basta modificar o programa para configura\u00e7\u00e3o do ciclo de trabalho PWM do canal vermelho, verde e azul para alterar a cor da faixa de LED. Amplamente utilizado no controle de guarda-corpo, decora\u00e7\u00e3o de salas e outras ocasi\u00f5es;<\/p>\n<p>Adequado para sistema MCU de 5V\/adequado para Arduino.<\/p>\n<p><strong>Caracter\u00edsticas:<\/strong><\/p>\n<p>Tens\u00e3o operacional: 4,5-5,5 VCC;<\/p>\n<p>&#8211; Driver IC integrado: driver P9813;<\/p>\n<p>&#8211; Tens\u00e3o de alimenta\u00e7\u00e3o externa: 9-24VDC;<\/p>\n<p>&#8211; Corrente operacional: 6A (M\u00c1X.);<\/p>\n<p>&#8211; Em cascata;<\/p>\n<p>&#8211; Interface de tijolo eletr\u00f4nico padr\u00e3o de 4 fios;<\/p>\n<p>&#8211; Interface de faixa de LED: 2,54-4P, pode ser conectada diretamente ao cabo de faixa de LED sem parafusos.<\/p>\n<p><strong>Lista de Pe\u00e7as:<\/strong><\/p>\n<p><span data-spm-anchor-id=\"a2g0o.detail.1000023.i4.2e7bFrUzFrUzXn\">1 x m\u00f3dulo (o comprimento do cabo \u00e9 10cm)<\/span><\/p>\n<p><span data-spm-anchor-id=\"a2g0o.detail.1000023.i5.2e7bFrUzFrUzXn\">1 x faixa de LED (o comprimento \u00e9 10cm)<\/span><\/p>\n<h3><\/h3>\n","protected":false},"excerpt":{"rendered":"<p>Baseado no P9813, \u00e9 um m\u00f3dulo driver de faixa de LED RGB colorido em cascata. Apenas duas linhas de sinal e duas linhas de energia podem controlar uma faixa de LED colorida (RGB) de cinco metros e tamb\u00e9m pode ser conectada em cascata para controlar mais faixa de LED. Basta modificar o programa para configura\u00e7\u00e3o [&hellip;]<\/p>\n","protected":false},"featured_media":18649,"template":"","meta":[],"product_brand":[],"product_cat":[186,50],"product_tag":[],"class_list":{"0":"post-18648","1":"product","2":"type-product","3":"status-publish","4":"has-post-thumbnail","6":"product_cat-leds","7":"product_cat-modulos","9":"entry","10":"has-media","12":"first","13":"instock","14":"shipping-taxable","15":"purchasable","16":"product-type-simple","17":"has-product-nav","18":"col","19":"span_1_of_3","20":"owp-content-center","21":"owp-thumbs-layout-horizontal","22":"owp-btn-normal","23":"owp-tabs-layout-horizontal"},"_links":{"self":[{"href":"https:\/\/arduxop.com.br\/loja\/wp-json\/wp\/v2\/product\/18648","targetHints":{"allow":["GET"]}}],"collection":[{"href":"https:\/\/arduxop.com.br\/loja\/wp-json\/wp\/v2\/product"}],"about":[{"href":"https:\/\/arduxop.com.br\/loja\/wp-json\/wp\/v2\/types\/product"}],"wp:featuredmedia":[{"embeddable":true,"href":"https:\/\/arduxop.com.br\/loja\/wp-json\/wp\/v2\/media\/18649"}],"wp:attachment":[{"href":"https:\/\/arduxop.com.br\/loja\/wp-json\/wp\/v2\/media?parent=18648"}],"wp:term":[{"taxonomy":"product_brand","embeddable":true,"href":"https:\/\/arduxop.com.br\/loja\/wp-json\/wp\/v2\/product_brand?post=18648"},{"taxonomy":"product_cat","embeddable":true,"href":"https:\/\/arduxop.com.br\/loja\/wp-json\/wp\/v2\/product_cat?post=18648"},{"taxonomy":"product_tag","embeddable":true,"href":"https:\/\/arduxop.com.br\/loja\/wp-json\/wp\/v2\/product_tag?post=18648"}],"curies":[{"name":"wp","href":"https:\/\/api.w.org\/{rel}","templated":true}]}}