{"id":18637,"date":"2025-06-09T16:37:26","date_gmt":"2025-06-09T20:37:26","guid":{"rendered":"https:\/\/arduxop.com.br\/loja\/?post_type=product&#038;p=18637"},"modified":"2025-06-09T16:37:26","modified_gmt":"2025-06-09T20:37:26","slug":"modulo-encoder-p-17-360o-para-arduino-sem-knob","status":"publish","type":"product","link":"https:\/\/arduxop.com.br\/loja\/produto\/modulo-encoder-p-17-360o-para-arduino-sem-knob\/","title":{"rendered":"M\u00f3dulo encoder P-17 360\u00ba para Arduino sem Knob"},"content":{"rendered":"<p><strong>M\u00f3dulo Encoder 360\u00b0 P17<\/strong><br \/>\nO M\u00f3dulo Encoder 360\u00b0 P17 \u00e9 um mecanismo eletromec\u00e2nico capaz de medir a movimenta\u00e7\u00e3o rotacional ou posi\u00e7\u00e3o do eixo. Em geral, um encoder utiliza sensores \u00f3pticos para o fornecimento de sinais el\u00e9tricos, os quais s\u00e3o retornados como sinais de movimento, posi\u00e7\u00e3o ou dire\u00e7\u00e3o.<br \/>\n&#8211; Perfeita distribui\u00e7\u00e3o dos pulsos nos 360\u00b0 livres para giro do eixo.<br \/>\n&#8211; Possui 25 pulsos por resolu\u00e7\u00e3o, trabalhando com movimenta\u00e7\u00e3o livre, permitindo infinitas voltas consecutivas.<br \/>\n&#8211; Utilizado para controle de luminosidade, volumes em sistemas sonoros, entre outras aplica\u00e7\u00f5es que dependem da necessidade do operador.<br \/>\n&#8211; Fornece controle preciso em velocidades de rota\u00e7\u00e3o, posicionamentos angulares, rob\u00f3tica, etc.<br \/>\n&#8211; Vem acoplado em um m\u00f3dulo com pinos para conex\u00e3o com sistemas micro controladores, como Arduino, mostrando-se um produto de r\u00e1pida aplica\u00e7\u00e3o e excelentes resultados.<\/p>\n<p><strong>CARACTER\u00cdSTICAS:<\/strong><br \/>\n&#8211; M\u00f3dulo Encoder 360\u00b0;<br \/>\n&#8211; Mede a movimenta\u00e7\u00e3o rotacional ou posi\u00e7\u00e3o do eixo;<br \/>\n&#8211; Possibilita a leitura do sentido de giro;<br \/>\n&#8211; 25 pulsos por resolu\u00e7\u00e3o;<br \/>\n&#8211; Giro livre (sem limite);<br \/>\n&#8211; Ideal para controles precisos;<br \/>\n&#8211; Controle de velocidades de rota\u00e7\u00e3o, luminosidade, volume, rob\u00f3tica, etc;<br \/>\n&#8211; Sa\u00eddas: 2 Sa\u00eddas de Pulsos defasadas 90\u00ba possibilitando a leitura do sentido de giro (C\u00f3digo Gray);<br \/>\n&#8211; Compat\u00edvel com Arduino, AVR, PIC, ARM, Raspberry PI;<br \/>\n&#8211; R\u00e1pida aplica\u00e7\u00e3o;<\/p>\n","protected":false},"excerpt":{"rendered":"<p>M\u00f3dulo Encoder 360\u00b0 P17 O M\u00f3dulo Encoder 360\u00b0 P17 \u00e9 um mecanismo eletromec\u00e2nico capaz de medir a movimenta\u00e7\u00e3o rotacional ou posi\u00e7\u00e3o do eixo. Em geral, um encoder utiliza sensores \u00f3pticos para o fornecimento de sinais el\u00e9tricos, os quais s\u00e3o retornados como sinais de movimento, posi\u00e7\u00e3o ou dire\u00e7\u00e3o. &#8211; Perfeita distribui\u00e7\u00e3o dos pulsos nos 360\u00b0 livres [&hellip;]<\/p>\n","protected":false},"featured_media":18638,"template":"","meta":[],"product_brand":[],"product_cat":[50],"product_tag":[],"class_list":{"0":"post-18637","1":"product","2":"type-product","3":"status-publish","4":"has-post-thumbnail","6":"product_cat-modulos","8":"entry","9":"has-media","11":"first","12":"instock","13":"shipping-taxable","14":"purchasable","15":"product-type-simple","16":"has-product-nav","17":"col","18":"span_1_of_3","19":"owp-content-center","20":"owp-thumbs-layout-horizontal","21":"owp-btn-normal","22":"owp-tabs-layout-horizontal"},"_links":{"self":[{"href":"https:\/\/arduxop.com.br\/loja\/wp-json\/wp\/v2\/product\/18637","targetHints":{"allow":["GET"]}}],"collection":[{"href":"https:\/\/arduxop.com.br\/loja\/wp-json\/wp\/v2\/product"}],"about":[{"href":"https:\/\/arduxop.com.br\/loja\/wp-json\/wp\/v2\/types\/product"}],"wp:featuredmedia":[{"embeddable":true,"href":"https:\/\/arduxop.com.br\/loja\/wp-json\/wp\/v2\/media\/18638"}],"wp:attachment":[{"href":"https:\/\/arduxop.com.br\/loja\/wp-json\/wp\/v2\/media?parent=18637"}],"wp:term":[{"taxonomy":"product_brand","embeddable":true,"href":"https:\/\/arduxop.com.br\/loja\/wp-json\/wp\/v2\/product_brand?post=18637"},{"taxonomy":"product_cat","embeddable":true,"href":"https:\/\/arduxop.com.br\/loja\/wp-json\/wp\/v2\/product_cat?post=18637"},{"taxonomy":"product_tag","embeddable":true,"href":"https:\/\/arduxop.com.br\/loja\/wp-json\/wp\/v2\/product_tag?post=18637"}],"curies":[{"name":"wp","href":"https:\/\/api.w.org\/{rel}","templated":true}]}}