{"id":18630,"date":"2025-05-02T11:45:10","date_gmt":"2025-05-02T15:45:10","guid":{"rendered":"https:\/\/arduxop.com.br\/loja\/?post_type=product&#038;p=18630"},"modified":"2025-05-02T11:45:11","modified_gmt":"2025-05-02T15:45:11","slug":"raspberry-pi-pico-rp2040","status":"publish","type":"product","link":"https:\/\/arduxop.com.br\/loja\/produto\/raspberry-pi-pico-rp2040\/","title":{"rendered":"Raspberry Pi Pico Rp2040"},"content":{"rendered":"<p>O microprocessador RP2040 (MCU) integra a arquitetura ARM dual-core Cortex-M0 + core, integra diretamente 264 KB de RAM, suporta at\u00e9 16 MB de expans\u00e3o externa QSPI Flash, e configura\u00e7\u00f5es de E\/S altamente flex\u00edveis, incluindo I2C, SPI e PIO (E\/S program\u00e1vel). Bra\u00e7o do Duplo-n\u00facleo Cortex-M0 + @ 133MHz. A SRAM incorporada de 264kB \u00e9 distribu\u00edda em 6 blocos independentes Max 16MB externo QSPI Flash extens\u00e3o, fornecendo 4M\/8M\/1 6M sele\u00e7\u00e3o DMA gerente<br \/>\nDiretamente conectado ao barramento AHB, equipado com interpolador completo e divisor de frequ\u00eancia inteiro<br \/>\nOn-chip program\u00e1vel LDO gera tens\u00e3o do n\u00facleo<br \/>\n2 on-chip PLL fase-bloqueado loops para gerar USB e rel\u00f3gio do kernel 30 pinos GPIO, 4 dos quais podem ser usados como entradas anal\u00f3gicas<br \/>\nPerif\u00e9ricos: 2 portas seriais\/2 SPI\/2 I2C\/16 canais PWM\/controlador USB 1.1 e PHY<br \/>\nO indicador led PWR foi adicionado para melhorar a experi\u00eancia de intera\u00e7\u00e3o humano-computador ao conectar a fonte de alimenta\u00e7\u00e3o USB.<\/p>\n","protected":false},"excerpt":{"rendered":"<p>O microprocessador RP2040 (MCU) integra a arquitetura ARM dual-core Cortex-M0 + core, integra diretamente 264 KB de RAM, suporta at\u00e9 16 MB de expans\u00e3o externa QSPI Flash, e configura\u00e7\u00f5es de E\/S altamente flex\u00edveis, incluindo I2C, SPI e PIO (E\/S program\u00e1vel). Bra\u00e7o do Duplo-n\u00facleo Cortex-M0 + @ 133MHz. A SRAM incorporada de 264kB \u00e9 distribu\u00edda em [&hellip;]<\/p>\n","protected":false},"featured_media":18608,"template":"","meta":[],"product_brand":[],"product_cat":[176],"product_tag":[],"class_list":{"0":"post-18630","1":"product","2":"type-product","3":"status-publish","4":"has-post-thumbnail","6":"product_cat-raspberry","8":"entry","9":"has-media","11":"first","12":"instock","13":"shipping-taxable","14":"purchasable","15":"product-type-simple","16":"has-product-nav","17":"col","18":"span_1_of_3","19":"owp-content-center","20":"owp-thumbs-layout-horizontal","21":"owp-btn-normal","22":"owp-tabs-layout-horizontal"},"_links":{"self":[{"href":"https:\/\/arduxop.com.br\/loja\/wp-json\/wp\/v2\/product\/18630","targetHints":{"allow":["GET"]}}],"collection":[{"href":"https:\/\/arduxop.com.br\/loja\/wp-json\/wp\/v2\/product"}],"about":[{"href":"https:\/\/arduxop.com.br\/loja\/wp-json\/wp\/v2\/types\/product"}],"wp:featuredmedia":[{"embeddable":true,"href":"https:\/\/arduxop.com.br\/loja\/wp-json\/wp\/v2\/media\/18608"}],"wp:attachment":[{"href":"https:\/\/arduxop.com.br\/loja\/wp-json\/wp\/v2\/media?parent=18630"}],"wp:term":[{"taxonomy":"product_brand","embeddable":true,"href":"https:\/\/arduxop.com.br\/loja\/wp-json\/wp\/v2\/product_brand?post=18630"},{"taxonomy":"product_cat","embeddable":true,"href":"https:\/\/arduxop.com.br\/loja\/wp-json\/wp\/v2\/product_cat?post=18630"},{"taxonomy":"product_tag","embeddable":true,"href":"https:\/\/arduxop.com.br\/loja\/wp-json\/wp\/v2\/product_tag?post=18630"}],"curies":[{"name":"wp","href":"https:\/\/api.w.org\/{rel}","templated":true}]}}