{"id":18629,"date":"2025-05-02T10:13:17","date_gmt":"2025-05-02T14:13:17","guid":{"rendered":"https:\/\/arduxop.com.br\/loja\/?post_type=product&#038;p=18629"},"modified":"2025-05-02T10:13:17","modified_gmt":"2025-05-02T14:13:17","slug":"modulo-uln2003-driver-motor-passo-3","status":"publish","type":"product","link":"https:\/\/arduxop.com.br\/loja\/produto\/modulo-uln2003-driver-motor-passo-3\/","title":{"rendered":"M\u00f3dulo ULN2003 Driver Motor Passo"},"content":{"rendered":"<p>O Driver ULN2003 de 4 fases \u00e9 uma placa que controla o motor de passo 28BYJ48 e utiliza o circuito integrado ULN2003.<br \/>\nPossui quatro fases com LEDS indicadores do estado dos trabalhos do motor de passo. Possui soquete para encaixe do motor de passo e opera com tens\u00f5es de 5-12V. O m\u00f3dulo controlador ULN2003 permite que, com o Arduino (que suporta corrente m\u00e1xima de 50 mA por porta), sejam controlados motores que exijam correntes maiores, de at\u00e9 500 mA.<br \/>\n<strong>Descri\u00e7\u00e3o:<\/strong><br \/>\n&#8211; Tens\u00e3o nominal: DC 5V-12V Fase.<br \/>\n&#8211; Rela\u00e7\u00e3o de redu\u00e7\u00e3o: 1\/64 Passo.<br \/>\n&#8211; Torque \u00e2ngulo: 5,625 \/64 Resist\u00eancia dc: 200w7% (25 )<br \/>\n&#8211; Resist\u00eancia de isolamento:&gt; 10M (500 v)<br \/>\n&#8211; Sem carga frequ\u00eancia:&gt; 600 Hz.<br \/>\n&#8211; Sem carga fora de frequ\u00eancia:&gt; 1000 Hz<br \/>\n&#8211; Torque:&gt; 34.3mN.m (120 hz)<br \/>\n&#8211; Reten\u00e7\u00e3o de torque:&gt; 34.3mN.m.<\/p>\n","protected":false},"excerpt":{"rendered":"<p>O Driver ULN2003 de 4 fases \u00e9 uma placa que controla o motor de passo 28BYJ48 e utiliza o circuito integrado ULN2003. Possui quatro fases com LEDS indicadores do estado dos trabalhos do motor de passo. Possui soquete para encaixe do motor de passo e opera com tens\u00f5es de 5-12V. O m\u00f3dulo controlador ULN2003 permite [&hellip;]<\/p>\n","protected":false},"featured_media":18613,"template":"","meta":[],"product_brand":[],"product_cat":[191,50,212],"product_tag":[],"class_list":{"0":"post-18629","1":"product","2":"type-product","3":"status-publish","4":"has-post-thumbnail","6":"product_cat-drivers","7":"product_cat-modulos","8":"product_cat-passo","10":"entry","11":"has-media","13":"first","14":"instock","15":"shipping-taxable","16":"purchasable","17":"product-type-simple","18":"has-product-nav","19":"col","20":"span_1_of_3","21":"owp-content-center","22":"owp-thumbs-layout-horizontal","23":"owp-btn-normal","24":"owp-tabs-layout-horizontal"},"_links":{"self":[{"href":"https:\/\/arduxop.com.br\/loja\/wp-json\/wp\/v2\/product\/18629","targetHints":{"allow":["GET"]}}],"collection":[{"href":"https:\/\/arduxop.com.br\/loja\/wp-json\/wp\/v2\/product"}],"about":[{"href":"https:\/\/arduxop.com.br\/loja\/wp-json\/wp\/v2\/types\/product"}],"wp:featuredmedia":[{"embeddable":true,"href":"https:\/\/arduxop.com.br\/loja\/wp-json\/wp\/v2\/media\/18613"}],"wp:attachment":[{"href":"https:\/\/arduxop.com.br\/loja\/wp-json\/wp\/v2\/media?parent=18629"}],"wp:term":[{"taxonomy":"product_brand","embeddable":true,"href":"https:\/\/arduxop.com.br\/loja\/wp-json\/wp\/v2\/product_brand?post=18629"},{"taxonomy":"product_cat","embeddable":true,"href":"https:\/\/arduxop.com.br\/loja\/wp-json\/wp\/v2\/product_cat?post=18629"},{"taxonomy":"product_tag","embeddable":true,"href":"https:\/\/arduxop.com.br\/loja\/wp-json\/wp\/v2\/product_tag?post=18629"}],"curies":[{"name":"wp","href":"https:\/\/api.w.org\/{rel}","templated":true}]}}