{"id":1860,"date":"2018-01-16T11:28:34","date_gmt":"2018-01-16T14:28:34","guid":{"rendered":"https:\/\/arduxop.com.br\/loja\/produto\/tp4056-mini-carregador-de-bateria-lithium-5v-1a\/"},"modified":"2024-07-25T07:56:50","modified_gmt":"2024-07-25T11:56:50","slug":"tp4056-mini-carregador-de-bateria-lithium-5v-1a","status":"publish","type":"product","link":"https:\/\/arduxop.com.br\/loja\/produto\/tp4056-mini-carregador-de-bateria-lithium-5v-1a\/","title":{"rendered":"Carregador De Bateria Lithium"},"content":{"rendered":"<p>O M\u00f3dulo Carregador de Baterias foi desenvolvido para solucionar problemas com falta de carga em baterias, ele possibilita que baterias de l\u00edtio, por exemplo, sejam recarregadas diretamente no compartimento onde se encontram, sem necessitar remov\u00ea-las.<\/p>\n<p>O diferencial do M\u00f3dulo Carregador de Baterias de L\u00edtio \u00e9 sua ampla aplicabilidade para mais diversos tipos de prot\u00f3tipos rob\u00f3ticos, baseados ou n\u00e3o, em sistemas microcontroladores.<\/p>\n<p>O M\u00f3dulo Carregador de Baterias de L\u00edtio conta ainda com LEDs indicadores de carga.<\/p>\n<p>O LED vermelho indica que est\u00e1 carregando, enquanto que o LED verde indica que a carga est\u00e1 completa.<\/p>\n<p>Especifica\u00e7\u00f5es: &#8211; Chip: TP4056 &#8211;<\/p>\n<p>Tens\u00e3o de entrada: 4.5V ~ 5.5V &#8211;<\/p>\n<p>Tens\u00e3o totalmente carregada: 4.2V &#8211;<\/p>\n<p>Corrente de carregamento: 1A ajust\u00e1vel &#8211;<\/p>\n<p>Temperatura de trabalho: -10\u00baC a 85\u00baC &#8211;<\/p>\n<p>M\u00e9todo de carregamento: carga linear 1% &#8211;<\/p>\n<p>Precis\u00e3o de carga: 1,5% &#8211;<\/p>\n<p>Interface: Mini USB &#8211; Dimens\u00f5es: 25x19x5mm &#8211;<\/p>\n<p>Peso com embalagem: 2g<\/p>\n","protected":false},"excerpt":{"rendered":"<p>Tp4056 Mini Carregador De Bateria Lithium 5v 1a<\/p>\n","protected":false},"featured_media":1862,"template":"","meta":[],"product_brand":[],"product_cat":[185,187,194],"product_tag":[],"class_list":{"0":"post-1860","1":"product","2":"type-product","3":"status-publish","4":"has-post-thumbnail","6":"product_cat-fontes","7":"product_cat-pilhas-e-baterias","8":"product_cat-reguladores-de-tensao","10":"entry","11":"has-media","13":"first","14":"instock","15":"sale","16":"sold-individually","17":"purchasable","18":"product-type-simple","19":"has-product-nav","20":"col","21":"span_1_of_3","22":"owp-content-center","23":"owp-thumbs-layout-horizontal","24":"owp-btn-normal","25":"owp-tabs-layout-horizontal"},"_links":{"self":[{"href":"https:\/\/arduxop.com.br\/loja\/wp-json\/wp\/v2\/product\/1860","targetHints":{"allow":["GET"]}}],"collection":[{"href":"https:\/\/arduxop.com.br\/loja\/wp-json\/wp\/v2\/product"}],"about":[{"href":"https:\/\/arduxop.com.br\/loja\/wp-json\/wp\/v2\/types\/product"}],"wp:featuredmedia":[{"embeddable":true,"href":"https:\/\/arduxop.com.br\/loja\/wp-json\/wp\/v2\/media\/1862"}],"wp:attachment":[{"href":"https:\/\/arduxop.com.br\/loja\/wp-json\/wp\/v2\/media?parent=1860"}],"wp:term":[{"taxonomy":"product_brand","embeddable":true,"href":"https:\/\/arduxop.com.br\/loja\/wp-json\/wp\/v2\/product_brand?post=1860"},{"taxonomy":"product_cat","embeddable":true,"href":"https:\/\/arduxop.com.br\/loja\/wp-json\/wp\/v2\/product_cat?post=1860"},{"taxonomy":"product_tag","embeddable":true,"href":"https:\/\/arduxop.com.br\/loja\/wp-json\/wp\/v2\/product_tag?post=1860"}],"curies":[{"name":"wp","href":"https:\/\/api.w.org\/{rel}","templated":true}]}}