{"id":18599,"date":"2025-03-28T16:40:55","date_gmt":"2025-03-28T20:40:55","guid":{"rendered":"https:\/\/arduxop.com.br\/loja\/?post_type=product&#038;p=18599"},"modified":"2025-03-28T16:40:56","modified_gmt":"2025-03-28T20:40:56","slug":"modulo-de-fonte-de-alimentacao-sobretensao-sobrecorrente-protecao-contra-curto-circuito-ac-dc","status":"publish","type":"product","link":"https:\/\/arduxop.com.br\/loja\/produto\/modulo-de-fonte-de-alimentacao-sobretensao-sobrecorrente-protecao-contra-curto-circuito-ac-dc\/","title":{"rendered":"M\u00f3dulo de fonte de alimenta\u00e7\u00e3o sobretens\u00e3o sobrecorrente prote\u00e7\u00e3o contra curto-circuito AC-DC"},"content":{"rendered":"<p id=\"tl_4\" data-spm-anchor-id=\"a2g0o.detail.1000023.i0.304cFo1FFo1FPD\">Tens\u00e3o 1. Input: 100-240V 50 \/ 60HZ<\/p>\n<p id=\"tl_5\">2 sa\u00edda tens\u00e3o: 5V<\/p>\n<p id=\"tl_6\">Corrente 3. Output: 2A<\/p>\n<p id=\"tl_7\" data-spm-anchor-id=\"a2g0o.detail.1000023.i2.304cFo1FFo1FPD\">Prote\u00e7\u00e3o 5. Overvoltage: Sim<\/p>\n<p id=\"tl_8\">6. Prote\u00e7\u00e3o contra sobrecorrente: Sim<\/p>\n<p id=\"tl_9\" data-spm-anchor-id=\"a2g0o.detail.1000023.i1.304cFo1FFo1FPD\">7. Prote\u00e7\u00e3o contra curto-circuito: Sim<\/p>\n","protected":false},"excerpt":{"rendered":"<p>Tens\u00e3o 1. Input: 100-240V 50 \/ 60HZ 2 sa\u00edda tens\u00e3o: 5V Corrente 3. Output: 2A Prote\u00e7\u00e3o 5. Overvoltage: Sim 6. Prote\u00e7\u00e3o contra sobrecorrente: Sim 7. Prote\u00e7\u00e3o contra curto-circuito: Sim<\/p>\n","protected":false},"featured_media":18600,"template":"","meta":[],"product_brand":[],"product_cat":[50],"product_tag":[],"class_list":{"0":"post-18599","1":"product","2":"type-product","3":"status-publish","4":"has-post-thumbnail","6":"product_cat-modulos","8":"entry","9":"has-media","11":"first","12":"instock","13":"shipping-taxable","14":"purchasable","15":"product-type-simple","16":"has-product-nav","17":"col","18":"span_1_of_3","19":"owp-content-center","20":"owp-thumbs-layout-horizontal","21":"owp-btn-normal","22":"owp-tabs-layout-horizontal"},"_links":{"self":[{"href":"https:\/\/arduxop.com.br\/loja\/wp-json\/wp\/v2\/product\/18599","targetHints":{"allow":["GET"]}}],"collection":[{"href":"https:\/\/arduxop.com.br\/loja\/wp-json\/wp\/v2\/product"}],"about":[{"href":"https:\/\/arduxop.com.br\/loja\/wp-json\/wp\/v2\/types\/product"}],"wp:featuredmedia":[{"embeddable":true,"href":"https:\/\/arduxop.com.br\/loja\/wp-json\/wp\/v2\/media\/18600"}],"wp:attachment":[{"href":"https:\/\/arduxop.com.br\/loja\/wp-json\/wp\/v2\/media?parent=18599"}],"wp:term":[{"taxonomy":"product_brand","embeddable":true,"href":"https:\/\/arduxop.com.br\/loja\/wp-json\/wp\/v2\/product_brand?post=18599"},{"taxonomy":"product_cat","embeddable":true,"href":"https:\/\/arduxop.com.br\/loja\/wp-json\/wp\/v2\/product_cat?post=18599"},{"taxonomy":"product_tag","embeddable":true,"href":"https:\/\/arduxop.com.br\/loja\/wp-json\/wp\/v2\/product_tag?post=18599"}],"curies":[{"name":"wp","href":"https:\/\/api.w.org\/{rel}","templated":true}]}}