{"id":18596,"date":"2025-03-28T15:17:17","date_gmt":"2025-03-28T19:17:17","guid":{"rendered":"https:\/\/arduxop.com.br\/loja\/?post_type=product&#038;p=18596"},"modified":"2025-03-28T15:17:17","modified_gmt":"2025-03-28T19:17:17","slug":"modulo-de-fonte-de-alimentacao-mb102-para-protoboard-com-entrada-usb-v8","status":"publish","type":"product","link":"https:\/\/arduxop.com.br\/loja\/produto\/modulo-de-fonte-de-alimentacao-mb102-para-protoboard-com-entrada-usb-v8\/","title":{"rendered":"M\u00f3dulo de fonte de alimenta\u00e7\u00e3o mb102 para Protoboard com entrada USB V8"},"content":{"rendered":"<p>\u00c9 ideal para prototipagem em protoboards MB102 (400 e 830 pontos). Esta placa pode trabalhar com tens\u00f5es de entrada entre 7V a 12V via Plug P4 ou 5V via conector Mini-USB e possui duas sa\u00eddas individuais de 3,3V ou 5V que podem ser alternadas por meio de pequenas chaves embutidas na placa. Especialmente desenvolvida para servir de fonte de alimenta\u00e7\u00e3o de circuitos digitais, entregando tens\u00f5es estabilizadas e de razo\u00e1vel corrente de sa\u00edda.<\/p>\n<p>Caracter\u00edsticas:<br \/>\n&#8211; Tens\u00e3o de entrada: 7V a 12V via Plug P4 ou 5V via conector Mini-USB;<br \/>\n&#8211; Tens\u00e3o de Sa\u00edda 1: 5V;<\/p>\n<p>&#8211; Tens\u00e3o de sa\u00edda 2: 3,3V;<\/p>\n<p>&#8211; Corrente M\u00e1xima: 700mA por sa\u00edda;<\/p>\n<p>&#8211; Dimens\u00f5es (Aprox.): 50 x 35 x 25mm.<\/p>\n","protected":false},"excerpt":{"rendered":"<p>\u00c9 ideal para prototipagem em protoboards MB102 (400 e 830 pontos). Esta placa pode trabalhar com tens\u00f5es de entrada entre 7V a 12V via Plug P4 ou 5V via conector Mini-USB e possui duas sa\u00eddas individuais de 3,3V ou 5V que podem ser alternadas por meio de pequenas chaves embutidas na placa. Especialmente desenvolvida para [&hellip;]<\/p>\n","protected":false},"featured_media":18597,"template":"","meta":[],"product_brand":[],"product_cat":[50],"product_tag":[],"class_list":{"0":"post-18596","1":"product","2":"type-product","3":"status-publish","4":"has-post-thumbnail","6":"product_cat-modulos","8":"entry","9":"has-media","11":"first","12":"instock","13":"shipping-taxable","14":"purchasable","15":"product-type-simple","16":"has-product-nav","17":"col","18":"span_1_of_3","19":"owp-content-center","20":"owp-thumbs-layout-horizontal","21":"owp-btn-normal","22":"owp-tabs-layout-horizontal"},"_links":{"self":[{"href":"https:\/\/arduxop.com.br\/loja\/wp-json\/wp\/v2\/product\/18596","targetHints":{"allow":["GET"]}}],"collection":[{"href":"https:\/\/arduxop.com.br\/loja\/wp-json\/wp\/v2\/product"}],"about":[{"href":"https:\/\/arduxop.com.br\/loja\/wp-json\/wp\/v2\/types\/product"}],"wp:featuredmedia":[{"embeddable":true,"href":"https:\/\/arduxop.com.br\/loja\/wp-json\/wp\/v2\/media\/18597"}],"wp:attachment":[{"href":"https:\/\/arduxop.com.br\/loja\/wp-json\/wp\/v2\/media?parent=18596"}],"wp:term":[{"taxonomy":"product_brand","embeddable":true,"href":"https:\/\/arduxop.com.br\/loja\/wp-json\/wp\/v2\/product_brand?post=18596"},{"taxonomy":"product_cat","embeddable":true,"href":"https:\/\/arduxop.com.br\/loja\/wp-json\/wp\/v2\/product_cat?post=18596"},{"taxonomy":"product_tag","embeddable":true,"href":"https:\/\/arduxop.com.br\/loja\/wp-json\/wp\/v2\/product_tag?post=18596"}],"curies":[{"name":"wp","href":"https:\/\/api.w.org\/{rel}","templated":true}]}}