{"id":18592,"date":"2025-03-28T15:03:22","date_gmt":"2025-03-28T19:03:22","guid":{"rendered":"https:\/\/arduxop.com.br\/loja\/?post_type=product&#038;p=18592"},"modified":"2025-03-28T15:03:22","modified_gmt":"2025-03-28T19:03:22","slug":"modulo-de-fonte-de-alimentacao-mb102-para-protoboard-com-entrada-usb","status":"publish","type":"product","link":"https:\/\/arduxop.com.br\/loja\/produto\/modulo-de-fonte-de-alimentacao-mb102-para-protoboard-com-entrada-usb\/","title":{"rendered":"M\u00f3dulo de fonte de alimenta\u00e7\u00e3o mb102 para Protoboard com entrada USB"},"content":{"rendered":"<p>O <strong>M\u00f3dulo de fonte de alimenta\u00e7\u00e3o mb102 para protoboard <\/strong>\u00e9 um modelo de fonte de alimenta\u00e7\u00e3o para matriz de contatos que fornece 2 linhas de tens\u00e3o, de 5V e 3,3V. Trabalha com um conector USB para sa\u00edda de tens\u00e3o e um conector de entrada para adaptador de energia.<\/p>\n<p style=\"font-weight: 400\">\u00c9 um modelo de fonte n\u00e3o ajust\u00e1vel e sua tens\u00e3o \u00e9 definida pelas configura\u00e7\u00f5es dos jumpers presentes na placa (5V e 3,3V), o que a torna ideal para as mais diversas aplica\u00e7\u00f5es, sendo uma fonte confi\u00e1vel para alimentar circuitos Arduino, Raspberry Pi, entre outros. Ele deve ser alimentado com uma tens\u00e3o de entrada entre 6,5 e 12V e fornece em sua sa\u00edda uma corrente m\u00e1xima de 700mA, deve-se usar reguladores de tens\u00e3o. Ele possui um LED indicativo para instruir se o m\u00f3dulo est\u00e1 ligado ou desligado.<\/p>\n<p style=\"font-weight: 400\"><b>Especifica\u00e7\u00f5es T\u00e9cnicas:<\/b><\/p>\n<p style=\"font-weight: 400\">Fonte Ajust\u00e1vel para Protoboard MB102<\/p>\n<p style=\"font-weight: 400\">Modelo: MB102<\/p>\n<p style=\"font-weight: 400\">Marca: OEM<\/p>\n<p style=\"font-weight: 400\">Chave Liga \/ Desliga<\/p>\n<p style=\"font-weight: 400\">LED indicador de opera\u00e7\u00e3o<\/p>\n<p style=\"font-weight: 400\">Tens\u00e3o de entrada: de 6,5V a 12V (DC) ou via USB<\/p>\n<p style=\"font-weight: 400\">Tens\u00e3o de sa\u00edda: 3,3V ou 5V (DC), ajustadas por jumper.<\/p>\n<p style=\"font-weight: 400\">Corrente m\u00e1xima de sa\u00edda: 700mA<\/p>\n<p style=\"font-weight: 400\">Dimens\u00f5es: 53mm x 35mm<\/p>\n<p style=\"font-weight: 400\">Padr\u00e3o do Conector: P4 (5.5mm x 2.1mm)<\/p>\n<p style=\"font-weight: 400\">Material: Metal \/ Termopl\u00e1sticos \/ Placa de Fenolite<\/p>\n","protected":false},"excerpt":{"rendered":"<p>O M\u00f3dulo de fonte de alimenta\u00e7\u00e3o mb102 para protoboard \u00e9 um modelo de fonte de alimenta\u00e7\u00e3o para matriz de contatos que fornece 2 linhas de tens\u00e3o, de 5V e 3,3V. Trabalha com um conector USB para sa\u00edda de tens\u00e3o e um conector de entrada para adaptador de energia. \u00c9 um modelo de fonte n\u00e3o ajust\u00e1vel [&hellip;]<\/p>\n","protected":false},"featured_media":18593,"template":"","meta":[],"product_brand":[],"product_cat":[185,50],"product_tag":[],"class_list":{"0":"post-18592","1":"product","2":"type-product","3":"status-publish","4":"has-post-thumbnail","6":"product_cat-fontes","7":"product_cat-modulos","9":"entry","10":"has-media","12":"first","13":"instock","14":"shipping-taxable","15":"purchasable","16":"product-type-simple","17":"has-product-nav","18":"col","19":"span_1_of_3","20":"owp-content-center","21":"owp-thumbs-layout-horizontal","22":"owp-btn-normal","23":"owp-tabs-layout-horizontal"},"_links":{"self":[{"href":"https:\/\/arduxop.com.br\/loja\/wp-json\/wp\/v2\/product\/18592","targetHints":{"allow":["GET"]}}],"collection":[{"href":"https:\/\/arduxop.com.br\/loja\/wp-json\/wp\/v2\/product"}],"about":[{"href":"https:\/\/arduxop.com.br\/loja\/wp-json\/wp\/v2\/types\/product"}],"wp:featuredmedia":[{"embeddable":true,"href":"https:\/\/arduxop.com.br\/loja\/wp-json\/wp\/v2\/media\/18593"}],"wp:attachment":[{"href":"https:\/\/arduxop.com.br\/loja\/wp-json\/wp\/v2\/media?parent=18592"}],"wp:term":[{"taxonomy":"product_brand","embeddable":true,"href":"https:\/\/arduxop.com.br\/loja\/wp-json\/wp\/v2\/product_brand?post=18592"},{"taxonomy":"product_cat","embeddable":true,"href":"https:\/\/arduxop.com.br\/loja\/wp-json\/wp\/v2\/product_cat?post=18592"},{"taxonomy":"product_tag","embeddable":true,"href":"https:\/\/arduxop.com.br\/loja\/wp-json\/wp\/v2\/product_tag?post=18592"}],"curies":[{"name":"wp","href":"https:\/\/api.w.org\/{rel}","templated":true}]}}