{"id":18588,"date":"2025-03-18T15:33:33","date_gmt":"2025-03-18T19:33:33","guid":{"rendered":"https:\/\/arduxop.com.br\/loja\/?post_type=product&#038;p=18588"},"modified":"2025-03-18T15:33:33","modified_gmt":"2025-03-18T19:33:33","slug":"interruptor-giratorio-eletrico-de-660v-16a-1-poste-de-3-posicoes-4-terminais-contato-em-prata-le26","status":"publish","type":"product","link":"https:\/\/arduxop.com.br\/loja\/produto\/interruptor-giratorio-eletrico-de-660v-16a-1-poste-de-3-posicoes-4-terminais-contato-em-prata-le26\/","title":{"rendered":"Interruptor girat\u00f3rio el\u00e9trico de 660v, 16a, 1 poste de 3 posi\u00e7\u00f5es, 4 terminais, contato em prata, le26"},"content":{"rendered":"","protected":false},"excerpt":{"rendered":"","protected":false},"featured_media":18589,"template":"","meta":[],"product_brand":[],"product_cat":[411],"product_tag":[],"class_list":{"0":"post-18588","1":"product","2":"type-product","3":"status-publish","4":"has-post-thumbnail","6":"product_cat-sem-categoria","8":"entry","9":"has-media","11":"first","12":"instock","13":"shipping-taxable","14":"purchasable","15":"product-type-simple","16":"has-product-nav","17":"col","18":"span_1_of_3","19":"owp-content-center","20":"owp-thumbs-layout-horizontal","21":"owp-btn-normal","22":"owp-tabs-layout-horizontal"},"_links":{"self":[{"href":"https:\/\/arduxop.com.br\/loja\/wp-json\/wp\/v2\/product\/18588","targetHints":{"allow":["GET"]}}],"collection":[{"href":"https:\/\/arduxop.com.br\/loja\/wp-json\/wp\/v2\/product"}],"about":[{"href":"https:\/\/arduxop.com.br\/loja\/wp-json\/wp\/v2\/types\/product"}],"wp:featuredmedia":[{"embeddable":true,"href":"https:\/\/arduxop.com.br\/loja\/wp-json\/wp\/v2\/media\/18589"}],"wp:attachment":[{"href":"https:\/\/arduxop.com.br\/loja\/wp-json\/wp\/v2\/media?parent=18588"}],"wp:term":[{"taxonomy":"product_brand","embeddable":true,"href":"https:\/\/arduxop.com.br\/loja\/wp-json\/wp\/v2\/product_brand?post=18588"},{"taxonomy":"product_cat","embeddable":true,"href":"https:\/\/arduxop.com.br\/loja\/wp-json\/wp\/v2\/product_cat?post=18588"},{"taxonomy":"product_tag","embeddable":true,"href":"https:\/\/arduxop.com.br\/loja\/wp-json\/wp\/v2\/product_tag?post=18588"}],"curies":[{"name":"wp","href":"https:\/\/api.w.org\/{rel}","templated":true}]}}