{"id":18584,"date":"2025-03-17T15:01:41","date_gmt":"2025-03-17T19:01:41","guid":{"rendered":"https:\/\/arduxop.com.br\/loja\/?post_type=product&#038;p=18584"},"modified":"2025-03-17T15:01:41","modified_gmt":"2025-03-17T19:01:41","slug":"modulo-rele-de-gerenciamento-de-subtensao-de-bateria-12v-10a-interruptor-de-protecao-contra-falha-de-carga-de-recuperacao-automatica","status":"publish","type":"product","link":"https:\/\/arduxop.com.br\/loja\/produto\/modulo-rele-de-gerenciamento-de-subtensao-de-bateria-12v-10a-interruptor-de-protecao-contra-falha-de-carga-de-recuperacao-automatica\/","title":{"rendered":"M\u00f3dulo rel\u00e9 de gerenciamento de subtens\u00e3o de bateria 12V 10A Interruptor de prote\u00e7\u00e3o contra falha de carga de recupera\u00e7\u00e3o autom\u00e1tica"},"content":{"rendered":"<p><span data-spm-anchor-id=\"a2g0o.detail.1000023.i0.13b5g7r5g7r5a6\">Este \u00e9 um m\u00f3dulo de comuta\u00e7\u00e3o de subtens\u00e3o usado para desligar a energia para uma carga resistiva quando a tens\u00e3o cai abaixo de um valor definido. <\/span><span data-spm-anchor-id=\"a2g0o.detail.1000023.i1.13b5g7r5g7r5a6\">Quando a tens\u00e3o sobe para tr\u00e1s, o m\u00f3dulo ligar\u00e1 automaticamente a carga novamente. <\/span>O m\u00f3dulo tem um baixo consumo de energia inferior a 10mA. O valor padr\u00e3o da prote\u00e7\u00e3o contra subtens\u00e3o \u00e9 de aproximadamente 10,5 V, que pode ser ajustado girando o potenci\u00f4metro, no sentido hor\u00e1rio para aumentar e no sentido anti-hor\u00e1rio para diminuir.<\/p>\n<p>Se a energia for restaurada imediatamente ap\u00f3s o desligamento, voc\u00ea pode adicionar capacitores (&gt;25V), a capacit\u00e2ncia depende da sua carga.<\/p>\n<p>Especifica\u00e7\u00e3o:<\/p>\n<p>Tens\u00e3o de entrada: 12V CC<\/p>\n<p>Consumo de energia: &lt;10mA<\/p>\n<p>Carga DC: 12V DC, 10A (carga resistiva)<\/p>\n<p>Tamanho: 40*29*19mm\/1,57*1.14*0,74&#8243;\/&gt;<\/p>\n<p>Dimens\u00e3o de montagem: 34 mm\/1,33&#8243;, 3 mm\/0,11\u201d (di\u00e2metro)<\/p>\n","protected":false},"excerpt":{"rendered":"<p>Este \u00e9 um m\u00f3dulo de comuta\u00e7\u00e3o de subtens\u00e3o usado para desligar a energia para uma carga resistiva quando a tens\u00e3o cai abaixo de um valor definido. Quando a tens\u00e3o sobe para tr\u00e1s, o m\u00f3dulo ligar\u00e1 automaticamente a carga novamente. O m\u00f3dulo tem um baixo consumo de energia inferior a 10mA. O valor padr\u00e3o da prote\u00e7\u00e3o [&hellip;]<\/p>\n","protected":false},"featured_media":18585,"template":"","meta":[],"product_brand":[],"product_cat":[50],"product_tag":[],"class_list":{"0":"post-18584","1":"product","2":"type-product","3":"status-publish","4":"has-post-thumbnail","6":"product_cat-modulos","8":"entry","9":"has-media","11":"first","12":"instock","13":"shipping-taxable","14":"purchasable","15":"product-type-simple","16":"has-product-nav","17":"col","18":"span_1_of_3","19":"owp-content-center","20":"owp-thumbs-layout-horizontal","21":"owp-btn-normal","22":"owp-tabs-layout-horizontal"},"_links":{"self":[{"href":"https:\/\/arduxop.com.br\/loja\/wp-json\/wp\/v2\/product\/18584","targetHints":{"allow":["GET"]}}],"collection":[{"href":"https:\/\/arduxop.com.br\/loja\/wp-json\/wp\/v2\/product"}],"about":[{"href":"https:\/\/arduxop.com.br\/loja\/wp-json\/wp\/v2\/types\/product"}],"wp:featuredmedia":[{"embeddable":true,"href":"https:\/\/arduxop.com.br\/loja\/wp-json\/wp\/v2\/media\/18585"}],"wp:attachment":[{"href":"https:\/\/arduxop.com.br\/loja\/wp-json\/wp\/v2\/media?parent=18584"}],"wp:term":[{"taxonomy":"product_brand","embeddable":true,"href":"https:\/\/arduxop.com.br\/loja\/wp-json\/wp\/v2\/product_brand?post=18584"},{"taxonomy":"product_cat","embeddable":true,"href":"https:\/\/arduxop.com.br\/loja\/wp-json\/wp\/v2\/product_cat?post=18584"},{"taxonomy":"product_tag","embeddable":true,"href":"https:\/\/arduxop.com.br\/loja\/wp-json\/wp\/v2\/product_tag?post=18584"}],"curies":[{"name":"wp","href":"https:\/\/api.w.org\/{rel}","templated":true}]}}