{"id":18577,"date":"2025-03-17T10:06:57","date_gmt":"2025-03-17T14:06:57","guid":{"rendered":"https:\/\/arduxop.com.br\/loja\/?post_type=product&#038;p=18577"},"modified":"2025-03-17T10:06:57","modified_gmt":"2025-03-17T14:06:57","slug":"modulo-micro-usb-para-desenvolvimento-swi","status":"publish","type":"product","link":"https:\/\/arduxop.com.br\/loja\/produto\/modulo-micro-usb-para-desenvolvimento-swi\/","title":{"rendered":"M\u00f3dulo Micro USB para desenvolvimento SWI"},"content":{"rendered":"<p>M\u00f3dulo desenvolvido para auxiliar o projetista, permitindo a convers\u00e3o do plug micro USB para uma placa de terminais DIP.<\/p>\n<p><strong>Caracter\u00edsticas:<\/strong><br \/>\n&#8211; Use STM8S103F3P6 como o IC mestre.<br \/>\n&#8211; Voc\u00ea pode utilizar 2,54 pinos na placa ou pad para levar energia para tomar energia, para receber energia ao utilizar o pad, a faixa de tens\u00e3o de entrada de 4.5V-15V, pode sair para o exterior atrav\u00e9s do pino 3.3V!<br \/>\n&#8211; O pino de alimenta\u00e7\u00e3o de entrada de 5V est\u00e1 conectado ao m\u00f3dulo.<br \/>\n&#8211; Leva a todos os pinos, os pinos pr\u00f3ximos ao pino marcado na etiqueta, com reset bot\u00e3o, LED de energia, e o programa demonstra as luzes, pequenas, mas perfeitamente formado.<br \/>\n&#8211; Suporte ao modo de depura\u00e7\u00e3o SWIM<\/p>\n","protected":false},"excerpt":{"rendered":"<p>M\u00f3dulo desenvolvido para auxiliar o projetista, permitindo a convers\u00e3o do plug micro USB para uma placa de terminais DIP. Caracter\u00edsticas: &#8211; Use STM8S103F3P6 como o IC mestre. &#8211; Voc\u00ea pode utilizar 2,54 pinos na placa ou pad para levar energia para tomar energia, para receber energia ao utilizar o pad, a faixa de tens\u00e3o de [&hellip;]<\/p>\n","protected":false},"featured_media":18578,"template":"","meta":[],"product_brand":[],"product_cat":[50],"product_tag":[],"class_list":{"0":"post-18577","1":"product","2":"type-product","3":"status-publish","4":"has-post-thumbnail","6":"product_cat-modulos","8":"entry","9":"has-media","11":"first","12":"instock","13":"shipping-taxable","14":"purchasable","15":"product-type-simple","16":"has-product-nav","17":"col","18":"span_1_of_3","19":"owp-content-center","20":"owp-thumbs-layout-horizontal","21":"owp-btn-normal","22":"owp-tabs-layout-horizontal"},"_links":{"self":[{"href":"https:\/\/arduxop.com.br\/loja\/wp-json\/wp\/v2\/product\/18577","targetHints":{"allow":["GET"]}}],"collection":[{"href":"https:\/\/arduxop.com.br\/loja\/wp-json\/wp\/v2\/product"}],"about":[{"href":"https:\/\/arduxop.com.br\/loja\/wp-json\/wp\/v2\/types\/product"}],"wp:featuredmedia":[{"embeddable":true,"href":"https:\/\/arduxop.com.br\/loja\/wp-json\/wp\/v2\/media\/18578"}],"wp:attachment":[{"href":"https:\/\/arduxop.com.br\/loja\/wp-json\/wp\/v2\/media?parent=18577"}],"wp:term":[{"taxonomy":"product_brand","embeddable":true,"href":"https:\/\/arduxop.com.br\/loja\/wp-json\/wp\/v2\/product_brand?post=18577"},{"taxonomy":"product_cat","embeddable":true,"href":"https:\/\/arduxop.com.br\/loja\/wp-json\/wp\/v2\/product_cat?post=18577"},{"taxonomy":"product_tag","embeddable":true,"href":"https:\/\/arduxop.com.br\/loja\/wp-json\/wp\/v2\/product_tag?post=18577"}],"curies":[{"name":"wp","href":"https:\/\/api.w.org\/{rel}","templated":true}]}}